{"id":628868,"date":"2025-09-01T16:16:06","date_gmt":"2025-09-01T14:16:06","guid":{"rendered":"https:\/\/lucacastelli.com\/prodotto\/la-sportiva-bushido-iii-gtx-2\/"},"modified":"2025-09-01T16:16:06","modified_gmt":"2025-09-01T14:16:06","slug":"la-sportiva-bushido-iii-gtx-2","status":"publish","type":"product","link":"https:\/\/lucacastelli.com\/de\/produkt\/la-sportiva-bushido-iii-gtx-2\/","title":{"rendered":"La Sportiva Bushido III GTX"},"content":{"rendered":"<p>Der Bushido III Gore-Tex, ein Schuh f\u00fcr die Skyrace-Welt, stabil und griffig, jetzt auch mit einer GORE-TEX Invisible Fit Membran, die Schutz und Flexibilit\u00e4t bei allen Bedingungen garantiert. Der Bushido III Gore-Tex hat eine doppelte Passform: den klassischen, umlaufenden und pr\u00e4zisen Bushido-Leisten und eine zweite WIDE-Version, die sich genauso gut anf\u00fchlt, aber etwas mehr Volumen hat. <\/p>\n<p>&nbsp;<\/p>\n<div class=\"data item title\" tabindex=\"0\" data-role=\"title\" aria-expanded=\"true\" aria-selected=\"true\">\n<h3 id=\"tab-label-techinfo\" class=\"switch-title\">Technische Infos<\/h3>\n<\/div>\n<div class=\"data item content\" aria-labelledby=\"tab-label-techinfo\" data-role=\"content\" aria-hidden=\"false\">\n<div class=\"techinfo-container\">\n<div class=\"techinfo-description\"><b>Gewicht:<\/b><br \/>\n310 1\/2 PAAR<br \/>\n<b>Einlegesohle:<\/b><br \/>\nOrtholite\u00ae Hybrid Mountain Running\u00ae Ergonomic 4 mm<br \/>\n<b>Laufsohle:<\/b><br \/>\nBi-compound FriXion\u00ae Red mit Impact Brake System Mountain Running Seitenbl\u00f6cke<br \/>\n<b>Zwischensohle:<\/b><br \/>\nEVA Kompression + Stability Control Insert und Rock Guard Insert<br \/>\n<b>Futter:<\/b><br \/>\nGORE-TEX Invisible Fit<br \/>\n<b>Obermaterial:<\/b><br \/>\nAtmungsaktives Air-Mesh + thermo-adh\u00e4sive TPU-Verst\u00e4rkungen + Mono-Bava-Nylon-Seitenteile<\/div>\n<\/div>\n<\/div>\n<div><\/div>\n<div><\/div>\n<div><\/div>\n<div>\n<div class=\"data item title\" tabindex=\"0\" data-role=\"title\" aria-expanded=\"true\" aria-selected=\"true\">\n<h3 id=\"tab-label-plus\" class=\"switch-title\">plus<\/h3>\n<\/div>\n<div class=\"data item content\" aria-labelledby=\"tab-label-plus\" data-role=\"content\" aria-hidden=\"false\">\n<div class=\"plus-container\">+ Neue, weite Passform<br \/>\n+ Seitliche Eins\u00e4tze f\u00fcr erh\u00f6hte Atmungsaktivit\u00e4t<br \/>\n+ Slip-on Oberkonstruktion:<br \/>\n den Fu\u00df wie eine Socke, ohne ihn zu komprimieren<br \/>\noder Druckstellen zu erzeugen<br \/>\n+ Bodengef\u00fchl, Stabilit\u00e4t und Pr\u00e4zision<br \/>\n+ GORE-TEX Invisible Fit ePE-Membran, PFC-frei<br \/>\n+ Die FriXion\u00ae Red Bi-Compound-Au\u00dfensohle verf\u00fcgt \u00fcber<br \/>\ndifferenzierte Kontaktfl\u00e4chen, die<br \/>\nmaximalen Grip auf allen Arten von Terrain gew\u00e4hrleisten<\/div>\n<\/div>\n<\/div>\n<div><\/div>\n","protected":false},"excerpt":{"rendered":"<p>Der Bushido III Gore-Tex, ein Schuh f\u00fcr die Skyrace-Welt, stabil und griffig, jetzt auch mit einer GORE-TEX Invisible Fit Membran,<\/p>\n","protected":false},"featured_media":627621,"template":"","meta":{"_seopress_robots_primary_cat":"none","_seopress_titles_title":"","_seopress_titles_desc":"","_seopress_robots_index":""},"product_brand":[3649],"product_cat":[175,1419,1431],"product_tag":[],"class_list":{"0":"post-628868","1":"product","2":"type-product","3":"status-publish","4":"has-post-thumbnail","6":"product_brand-la-sportiva-de","7":"product_cat-schuhe","8":"product_cat-freizeitschuhe","9":"product_cat-herrenschuhe","10":"sws-gruppo-abb-libero-de","11":"sws-conto-ricavi-merci-rivendita-abbigliamento-de","12":"sws-gruppo-iva-iva81-de","14":"first","15":"instock","16":"shipping-taxable","17":"purchasable","18":"product-type-variable","19":"has-default-attributes"},"_links":{"self":[{"href":"https:\/\/lucacastelli.com\/de\/wp-json\/wp\/v2\/product\/628868","targetHints":{"allow":["GET"]}}],"collection":[{"href":"https:\/\/lucacastelli.com\/de\/wp-json\/wp\/v2\/product"}],"about":[{"href":"https:\/\/lucacastelli.com\/de\/wp-json\/wp\/v2\/types\/product"}],"wp:featuredmedia":[{"embeddable":true,"href":"https:\/\/lucacastelli.com\/de\/wp-json\/wp\/v2\/media\/627621"}],"wp:attachment":[{"href":"https:\/\/lucacastelli.com\/de\/wp-json\/wp\/v2\/media?parent=628868"}],"wp:term":[{"taxonomy":"product_brand","embeddable":true,"href":"https:\/\/lucacastelli.com\/de\/wp-json\/wp\/v2\/product_brand?post=628868"},{"taxonomy":"product_cat","embeddable":true,"href":"https:\/\/lucacastelli.com\/de\/wp-json\/wp\/v2\/product_cat?post=628868"},{"taxonomy":"product_tag","embeddable":true,"href":"https:\/\/lucacastelli.com\/de\/wp-json\/wp\/v2\/product_tag?post=628868"}],"curies":[{"name":"wp","href":"https:\/\/api.w.org\/{rel}","templated":true}]}}