{"id":628843,"date":"2025-09-01T15:20:14","date_gmt":"2025-09-01T13:20:14","guid":{"rendered":"https:\/\/lucacastelli.com\/prodotto\/la-sportiva-trango-trk-leder-gtx-2\/"},"modified":"2025-10-20T13:07:16","modified_gmt":"2025-10-20T11:07:16","slug":"la-sportiva-trango-trk-leder-gtx-2","status":"publish","type":"product","link":"https:\/\/lucacastelli.com\/de\/produkt\/la-sportiva-trango-trk-leder-gtx-2\/","title":{"rendered":"LA SPORTIVA Trango Trk Leder GTX"},"content":{"rendered":"<div class=\"product-add-form\">\n<form id=\"product_addtocart_form\" action=\"https:\/\/www.lasportiva.com\/it\/checkout\/cart\/add\/uenc\/aHR0cHM6Ly93d3cubGFzcG9ydGl2YS5jb20vaXQvc2NhcnBvbmktYWxwaW5pc21vLXRyYW5nby10cmstbGVhdGhlci1ndHgtdW9tby16Zm1zMDQ3\/product\/457768\/\" method=\"POST\" novalidate=\"novalidate\" data-product-sku=\"ZFMS047\">\n<div class=\"product-options-bottom\">\n<div class=\"product-messages\">\n<div class=\"shipping-message\">\n<p>Trekking- und Rucksackstiefel mit Optik und Technologie aus der Trango-Familie, ideal f\u00fcr Routen auf Feldwegen, Spazierg\u00e4nge im Wald und Ausfl\u00fcge mit einem voll beladenen Rucksack.<\/p>\n<\/div>\n<\/div>\n<p>Die GORE-TEX Performance Comfort-Membran garantiert Atmungsaktivit\u00e4t und Wasserdichtigkeit, das 3D Flex-Gelenk am Kn\u00f6chel gibt Halt und erm\u00f6glicht maximale Kontrolle beim Stehen auf unebenem Terrain. Das differenzierte Schn\u00fcrsystem erm\u00f6glicht eine perfekte Volumenanpassung, w\u00e4hrend die Vibram-Sohle mit Climbing Zone an der Spitze den Einsatz auf Klettersteigen erm\u00f6glicht. Trango-Look und La Sportiva-Technologie f\u00fcr Komfort, Schutz und Sicherheit in den Bergen.  <\/p>\n<\/div>\n<p>&nbsp;<\/p>\n<p><b>Obermaterial:<\/b><br \/>\nLeder Hydro-Perwanger 1,6mm + Mikrofasereinsatz<br \/>\n<b>Futter:<\/b><br \/>\nGORE-TEX Performance Comfort<br \/>\n<b>Zwischensohle:<\/b><br \/>\nPolyurethan mit EVA-Einsatz im hinteren Bereich<br \/>\n<b>Laufsohle:<\/b><br \/>\nVibram mit Kletterzone im Zehenbereich<br \/>\n<b>Gr\u00f6\u00dfen:<\/b><br \/>\n38 &#8211; 48 einschlie\u00dflich halbe Gr\u00f6\u00dfen<br \/>\n<b>Patente:<\/b><br \/>\neingetragenes Design<br \/>\n<b>Gewicht:<\/b><br \/>\n690 g<br \/>\n<b>Einlegesohle:<\/b><br \/>\nPPE 5mm mit erh\u00f6hter Dicke im hinteren Anti-Torsionsbereich<\/p>\n<p>&nbsp;<\/p>\n<p><span style=\"color: #1b1919; font-size: 22px;\">plus<\/span><\/p>\n<div class=\"data item content\" aria-labelledby=\"tab-label-plus\" data-role=\"content\" aria-hidden=\"false\">\n<div class=\"plus-container\">+ Wasserabweisendes und abriebfestes Obermaterial aus Leder<br \/>\n+ Garantierte Atmungsaktivit\u00e4t und Wasserdichtigkeit dank der GORE-TEX Performance Comfort Membran<br \/>\n+ 3D Flex System Kn\u00f6chelgelenk, das Halt und maximale Kontrolle beim Anlehnen auf unterschiedlichem Terrain bietet<\/div>\n<\/div>\n<\/form>\n<\/div>\n","protected":false},"excerpt":{"rendered":"<p>Trekking- und Rucksackstiefel mit Optik und Technologie aus der Trango-Familie, ideal f\u00fcr Routen auf Feldwegen, Spazierg\u00e4nge im Wald und Ausfl\u00fcge<\/p>\n","protected":false},"featured_media":627572,"template":"","meta":{"_seopress_robots_primary_cat":"none","_seopress_titles_title":"","_seopress_titles_desc":"","_seopress_robots_index":""},"product_brand":[3649],"product_cat":[1419,1431,175],"product_tag":[],"class_list":{"0":"post-628843","1":"product","2":"type-product","3":"status-publish","4":"has-post-thumbnail","6":"product_brand-la-sportiva-de","7":"product_cat-freizeitschuhe","8":"product_cat-herrenschuhe","9":"product_cat-schuhe","10":"sws-gruppo-abb-libero-de","11":"sws-conto-ricavi-merci-rivendita-abbigliamento-de","12":"sws-gruppo-iva-iva81-de","14":"first","15":"instock","16":"shipping-taxable","17":"purchasable","18":"product-type-variable","19":"has-default-attributes"},"_links":{"self":[{"href":"https:\/\/lucacastelli.com\/de\/wp-json\/wp\/v2\/product\/628843","targetHints":{"allow":["GET"]}}],"collection":[{"href":"https:\/\/lucacastelli.com\/de\/wp-json\/wp\/v2\/product"}],"about":[{"href":"https:\/\/lucacastelli.com\/de\/wp-json\/wp\/v2\/types\/product"}],"wp:featuredmedia":[{"embeddable":true,"href":"https:\/\/lucacastelli.com\/de\/wp-json\/wp\/v2\/media\/627572"}],"wp:attachment":[{"href":"https:\/\/lucacastelli.com\/de\/wp-json\/wp\/v2\/media?parent=628843"}],"wp:term":[{"taxonomy":"product_brand","embeddable":true,"href":"https:\/\/lucacastelli.com\/de\/wp-json\/wp\/v2\/product_brand?post=628843"},{"taxonomy":"product_cat","embeddable":true,"href":"https:\/\/lucacastelli.com\/de\/wp-json\/wp\/v2\/product_cat?post=628843"},{"taxonomy":"product_tag","embeddable":true,"href":"https:\/\/lucacastelli.com\/de\/wp-json\/wp\/v2\/product_tag?post=628843"}],"curies":[{"name":"wp","href":"https:\/\/api.w.org\/{rel}","templated":true}]}}