{"id":628834,"date":"2025-09-02T11:40:46","date_gmt":"2025-09-02T09:40:46","guid":{"rendered":"https:\/\/lucacastelli.com\/prodotto\/petzl-avao-fast-europaeische-version-2\/"},"modified":"2025-09-02T11:40:46","modified_gmt":"2025-09-02T09:40:46","slug":"petzl-avao-fast-europaeische-version-2","status":"publish","type":"product","link":"https:\/\/lucacastelli.com\/de\/produkt\/petzl-avao-fast-europaeische-version-2\/","title":{"rendered":"PETZL AVAO\u00ae FAST Europ\u00e4ische Version"},"content":{"rendered":"<p class=\"productSubtitle\">Komfortabler und vielseitiger Gurt f\u00fcr Arbeiten in der H\u00f6he<\/p>\n<div class=\"productCaracteristiquesPosition inlineblock\">\n<p class=\"productCaracteristiques inlineblock\">Der AVAO FAST-Gurt wurde speziell f\u00fcr Arbeiter in der H\u00f6he entwickelt. Seine Konstruktion ist an die spezifischen Anforderungen der Arbeitspositionierung und des Seilabstiegs angepasst. Die vorgeformte Polsterung und die halbstarre Struktur des Bunds und der Beinschlaufen garantieren einen hohen Tragekomfort. Der G\u00fcrtel mit den seitlichen Befestigungspunkten aus Metall, den Ger\u00e4teschlaufen und den Werkzeugschlaufen erm\u00f6glicht die Organisation des gesamten Materials, das f\u00fcr die Arbeit eines Tages erforderlich ist. Auch die Einstellung ist dank der selbstverriegelnden DOUBLEBACK-Schnallen und der zu \u00f6ffnenden FAST-Schnallen schnell und einfach.    <\/p>\n<\/div>\n<p>&nbsp;<\/p>\n<h3>Detaillierte Beschreibung<\/h3>\n<div class=\"list\">\n<ul>\n<li>Komfortable Konstruktion:<br \/>\n&#8211; Die vom Hals getrennten Gurte begrenzen das Scheuern,<br \/>\n&#8211; die d\u00fcnnen und verschiebbaren Gurte erm\u00f6glichen eine gr\u00f6\u00dfere Freiheit und Leichtigkeit,<br \/>\n&#8211; Alle Kontaktfl\u00e4chen, Hosentr\u00e4ger, Gurt- und Beinschlaufen, mit vorgeformter Polsterung und mit atmungsaktivem Stoff bezogen, erm\u00f6glichen es dem Benutzer, sich bequem zu bewegen und zu arbeiten,<br \/>\n&#8211; der Gurt und die halbstarren Beinschlaufen garantieren eine perfekte Passform und Dichtheit des Gurtzeugs am K\u00f6rper des Benutzers,<br \/>\n&#8211; Die seitlichen Befestigungspunkte aus Metall sind klappbar, um ein unbeabsichtigtes Anbringen bei Nichtgebrauch zu verhindern.<br \/>\n&#8211; Die R\u00fcckseite der Beinschlaufen ist mit elastischen Riemen (austauschbar &#8211; als Zubeh\u00f6r erh\u00e4ltlich) ausgestattet, um sowohl beim Fahren als auch beim Schweben die richtige Passform zu gew\u00e4hrleisten.<\/li>\n<li>Komfortable und schnelle Einstellung:<br \/>\n&#8211; Die Einstellung ist bequem, einfach und schnell, dank der selbstverriegelnden DOUBLEBACK-Schnallen der Schultergurte und des G\u00fcrtels und der FAST zu \u00f6ffnenden Schnallen der Beinschlaufen,<br \/>\n&#8211; Die rutschfesten Elemente, die an den DOUBLEBACK-Schnallen installiert sind, erm\u00f6glichen es Ihnen, die korrekte Einstellung in allen Arbeitsphasen beizubehalten.<\/li>\n<li>Design, das den Transport und die Organisation des Materials erleichtert:<br \/>\n&#8211; D ventral aus Metall mit Verbindungspunkten f\u00fcr die Installation eines PODIUM- oder LITEPOD-Sitzes,<br \/>\n&#8211; ventraler Verbindungspunkt mit einer speziellen Textilschlaufe, die die Installation eines Verbindungsmittels mittels eines RING OPEN-Verbindungsrings erm\u00f6glicht,<br \/>\n&#8211; zwei seitliche Befestigungspunkte aus Metall f\u00fcr die Verbindung eines Verbindungsmittels mit doppelter Positionierung,<br \/>\n&#8211; f\u00fcnf vorgeformte Ger\u00e4teschlaufen mit Schutzmantel,<br \/>\n &#8211; zwei Schlaufen f\u00fcr CARITOOL-Ger\u00e4teschlaufen oder INTERFAST-Verbindungselement.<\/li>\n<\/ul>\n<\/div>\n<p>&nbsp;<\/p>\n<h3>Spezifikationen<\/h3>\n<div class=\"list\">\n<ul>\n<li>Ventraler Befestigungspunkt: Verbindung eines Abseilger\u00e4ts, eines separat verwendeten Positionierungsseils, eines Sitzes am ventralen D und eines Verbindungsmittels \u00fcber einen RING OPEN, der mit dem textilen Befestigungspunkt verbunden ist.<\/li>\n<li>Seitliche Befestigungspunkte: Verbindung eines Positionierungsseils wird doppelt verwendet.<\/li>\n<li>Sternale Anschlag\u00f6se: Anschluss eines Auffangsystems.<\/li>\n<li>Dorsale Befestigungs\u00f6se: Anschluss eines Auffangsystems.<\/li>\n<li>Befestigungspunkt an der R\u00fcckseite des Gurtes: Anschluss eines R\u00fcckhaltebands.<\/li>\n<li>Zertifizierung(en): CE EN 361, EN 813, EN 358<\/li>\n<li>Materialien: Polyamid, Polyester, Aluminium, Stahl<\/li>\n<\/ul>\n<\/div>\n<p>&nbsp;<\/p>\n<p>&nbsp;<\/p>\n<p>&nbsp;<\/p>\n<table>\n<tbody>\n<tr>\n<th class=\"rowTitle\">Artikelnummern<\/th>\n<th>C071BB00<\/th>\n<th>C071BB01<\/th>\n<th>C071BB02<\/th>\n<th>C071BB03<\/th>\n<th>C071BB04<\/th>\n<th>C071BB05<\/th>\n<\/tr>\n<tr>\n<td class=\"rowTitle\">Farbe(n)<\/td>\n<td>Schwarz, Gelb<\/td>\n<td>Schwarz, Gelb<\/td>\n<td>Schwarz, Gelb<\/td>\n<td>schwarz<\/td>\n<td>schwarz<\/td>\n<td>schwarz<\/td>\n<\/tr>\n<tr>\n<td class=\"rowTitle\">Gr\u00f6\u00dfe<\/td>\n<td>0<\/td>\n<td>1<\/td>\n<td>2<\/td>\n<td>0<\/td>\n<td>1<\/td>\n<td>2<\/td>\n<\/tr>\n<tr>\n<td class=\"rowTitle\">Taille<\/td>\n<td>65-80 cm<\/td>\n<td>70-93 cm<\/td>\n<td>83-120 cm<\/td>\n<td>65-80 cm<\/td>\n<td>70-93 cm<\/td>\n<td>83-120 cm<\/td>\n<\/tr>\n<tr>\n<td class=\"rowTitle\">Oberschenkelg\u00fcrtel<\/td>\n<td>44-59 cm<\/td>\n<td>47-62 cm<\/td>\n<td>50-65 cm<\/td>\n<td>44-59 cm<\/td>\n<td>47-62 cm<\/td>\n<td>50-65 cm<\/td>\n<\/tr>\n<tr>\n<td class=\"rowTitle\">Statur<\/td>\n<td>ca. 160-180 cm<\/td>\n<td>ca. 165-185 cm<\/td>\n<td>ca. 175-200 cm<\/td>\n<td>ca. 160-180 cm<\/td>\n<td>ca. 165-185 cm<\/td>\n<td>ca. 175-200 cm<\/td>\n<\/tr>\n<tr>\n<td class=\"rowTitle\">Gewicht<\/td>\n<td>ca. 1695 kg<\/td>\n<td>ca. 1735 kg<\/td>\n<td>ca. 1835 kg<\/td>\n<td>ca. 1695 kg<\/td>\n<td>ca. 1735 kg<\/td>\n<td>ca. 1835 kg<\/td>\n<\/tr>\n<tr>\n<td class=\"rowTitle\">Garantie<\/td>\n<td>3 Jahre<\/td>\n<td>3 Jahre<\/td>\n<td>3 Jahre<\/td>\n<td>3 Jahre<\/td>\n<td>3 Jahre<\/td>\n<td>3 Jahre<\/td>\n<\/tr>\n<tr>\n<td class=\"rowTitle\">Verpackung<\/td>\n<td>1<\/td>\n<td>1<\/td>\n<td>1<\/td>\n<td>1<\/td>\n<td>1<\/td>\n<td>1<\/td>\n<\/tr>\n<\/tbody>\n<\/table>\n","protected":false},"excerpt":{"rendered":"<p>Komfortabler und vielseitiger Gurt f\u00fcr Arbeiten in der H\u00f6he Der AVAO FAST-Gurt wurde speziell f\u00fcr Arbeiter in der H\u00f6he entwickelt.<\/p>\n","protected":false},"featured_media":627800,"template":"","meta":{"_seopress_robots_primary_cat":"none","_seopress_titles_title":"","_seopress_titles_desc":"","_seopress_robots_index":""},"product_brand":[3446],"product_cat":[33,537,814],"product_tag":[],"class_list":{"0":"post-628834","1":"product","2":"type-product","3":"status-publish","4":"has-post-thumbnail","6":"product_brand-petzl","7":"product_cat-attrezzature","8":"product_cat-attrezzatura-da-lavoro","9":"product_cat-imbraghi-e-materiale-di-sicurezza","10":"sws-gruppo-attrezz-de","11":"sws-conto-ricavi-merci-rivendita-abbigliamento-de","12":"sws-gruppo-iva-iva81-de","14":"first","15":"instock","16":"shipping-taxable","17":"purchasable","18":"product-type-variable","19":"has-default-attributes"},"_links":{"self":[{"href":"https:\/\/lucacastelli.com\/de\/wp-json\/wp\/v2\/product\/628834","targetHints":{"allow":["GET"]}}],"collection":[{"href":"https:\/\/lucacastelli.com\/de\/wp-json\/wp\/v2\/product"}],"about":[{"href":"https:\/\/lucacastelli.com\/de\/wp-json\/wp\/v2\/types\/product"}],"wp:featuredmedia":[{"embeddable":true,"href":"https:\/\/lucacastelli.com\/de\/wp-json\/wp\/v2\/media\/627800"}],"wp:attachment":[{"href":"https:\/\/lucacastelli.com\/de\/wp-json\/wp\/v2\/media?parent=628834"}],"wp:term":[{"taxonomy":"product_brand","embeddable":true,"href":"https:\/\/lucacastelli.com\/de\/wp-json\/wp\/v2\/product_brand?post=628834"},{"taxonomy":"product_cat","embeddable":true,"href":"https:\/\/lucacastelli.com\/de\/wp-json\/wp\/v2\/product_cat?post=628834"},{"taxonomy":"product_tag","embeddable":true,"href":"https:\/\/lucacastelli.com\/de\/wp-json\/wp\/v2\/product_tag?post=628834"}],"curies":[{"name":"wp","href":"https:\/\/api.w.org\/{rel}","templated":true}]}}