{"id":628698,"date":"2025-08-07T20:15:24","date_gmt":"2025-08-07T18:15:24","guid":{"rendered":"https:\/\/lucacastelli.com\/prodotto\/milwaukee-doppelhebelschere-schraege-klingen-sx\/"},"modified":"2025-08-07T20:15:24","modified_gmt":"2025-08-07T18:15:24","slug":"milwaukee-doppelhebelschere-schraege-klingen-sx","status":"publish","type":"product","link":"https:\/\/lucacastelli.com\/de\/produkt\/milwaukee-doppelhebelschere-schraege-klingen-sx\/","title":{"rendered":"Milwaukee Doppelhebelschere Schr\u00e4ge Klingen &#8211; SX"},"content":{"rendered":"<p>Doppelhebelschere mit geneigten Klingen &#8211; SX<br \/>\nDoppelhebelschere mit geneigten Klingen &#8211; SX<br \/>\nKlingen mit mikroskopischer Verzahnung f\u00fcr bestm\u00f6glichen Halt am Werkst\u00fcck;Ergonomischer Griff f\u00fcr hohen Benutzerkomfort und weniger erm\u00fcdendes Arbeiten;Torsionsfeder \u00f6ffnet die Klingen automatisch im Schnitt, um den Arbeitsfortschritt zu beschleunigen und die Erm\u00fcdung zu verringern;Optimales Hebelverh\u00e4ltnis f\u00fcr leichten Arbeitsfortschritt in dicken Materialien;Einhand-Verriegelungsmechanismus f\u00fcr erh\u00f6hte Produktivit\u00e4t;Kompaktes Design f\u00fcr leichten Arbeitsfortschritt ohne Versatz;Schere f\u00fcr gebogene Bleche: F\u00fcr lange, kontinuierliche, gerade Schnitte ohne gebogene Schnitte. Der 45-Grad-Winkel h\u00e4lt den Benutzer vom Schneidgut fern;Einfache Kennzeichnung der Schneidrichtung am Ende und am Griff sowie Farbcodierung;Ergonomischer Griff mit haltbarer Softgrip-Beschichtung f\u00fcr hohen Benutzerkomfort  <\/p>\n<p>4932499013<br \/>\n4058546528829<\/p>\n","protected":false},"excerpt":{"rendered":"<p>DOPPELHEBEL-SCHERENMESSER INKL. &#8211; SX <\/p>\n","protected":false},"featured_media":592263,"template":"","meta":{"_seopress_robots_primary_cat":"","_seopress_titles_title":"","_seopress_titles_desc":"","_seopress_robots_index":""},"product_brand":[3407],"product_cat":[5416,33],"product_tag":[3270],"class_list":{"0":"post-628698","1":"product","2":"type-product","3":"status-publish","4":"has-post-thumbnail","6":"product_brand-milwaukee","7":"product_cat-utensili-per-officina","8":"product_cat-attrezzature","9":"product_tag-import-milwau","10":"sws-conto-ricavi-merci-rivendita-macchinari-de","11":"sws-gruppo-iva-iva81-de","13":"first","14":"onbackorder","15":"sale","16":"shipping-taxable","17":"purchasable","18":"product-type-simple"},"_links":{"self":[{"href":"https:\/\/lucacastelli.com\/de\/wp-json\/wp\/v2\/product\/628698","targetHints":{"allow":["GET"]}}],"collection":[{"href":"https:\/\/lucacastelli.com\/de\/wp-json\/wp\/v2\/product"}],"about":[{"href":"https:\/\/lucacastelli.com\/de\/wp-json\/wp\/v2\/types\/product"}],"wp:featuredmedia":[{"embeddable":true,"href":"https:\/\/lucacastelli.com\/de\/wp-json\/wp\/v2\/media\/592263"}],"wp:attachment":[{"href":"https:\/\/lucacastelli.com\/de\/wp-json\/wp\/v2\/media?parent=628698"}],"wp:term":[{"taxonomy":"product_brand","embeddable":true,"href":"https:\/\/lucacastelli.com\/de\/wp-json\/wp\/v2\/product_brand?post=628698"},{"taxonomy":"product_cat","embeddable":true,"href":"https:\/\/lucacastelli.com\/de\/wp-json\/wp\/v2\/product_cat?post=628698"},{"taxonomy":"product_tag","embeddable":true,"href":"https:\/\/lucacastelli.com\/de\/wp-json\/wp\/v2\/product_tag?post=628698"}],"curies":[{"name":"wp","href":"https:\/\/api.w.org\/{rel}","templated":true}]}}