{"id":628693,"date":"2025-08-07T20:15:21","date_gmt":"2025-08-07T18:15:21","guid":{"rendered":"https:\/\/lucacastelli.com\/prodotto\/milwaukee-doppelhebelschere-gebogene-klingen-dx\/"},"modified":"2025-08-07T20:15:21","modified_gmt":"2025-08-07T18:15:21","slug":"milwaukee-doppelhebelschere-gebogene-klingen-dx","status":"publish","type":"product","link":"https:\/\/lucacastelli.com\/de\/produkt\/milwaukee-doppelhebelschere-gebogene-klingen-dx\/","title":{"rendered":"Milwaukee Doppelhebelschere gebogene Klingen &#8211; DX"},"content":{"rendered":"<p>Doppelhebelschere gebogene Klingen &#8211; RECHTS<br \/>\nDOPPELHEBELSCHERE GEKR\u00dcMMTE KLINGEN &#8211; RECHTS<br \/>\nKlingen mit mikroskopischer Verzahnung f\u00fcr den bestm\u00f6glichen Halt am Werkst\u00fcck;Ergonomischer Griff f\u00fcr hohen Benutzerkomfort und weniger erm\u00fcdendes Arbeiten;Torsionsfeder \u00f6ffnet die Klingen automatisch im Schnitt, um den Arbeitsfortschritt zu beschleunigen und Erm\u00fcdung zu reduzieren;Optimales Hebelverh\u00e4ltnis f\u00fcr leichten Arbeitsfortschritt in dicken Materialien;Einhandverriegelung f\u00fcr erh\u00f6hte Produktivit\u00e4t;Kompaktes Design f\u00fcr leichten Arbeitsfortschritt ohne Versatz;Blechschere f\u00fcr kurze Schnitte, gerade Schnitte und modulare Schnitte. Ideal f\u00fcr kurze Radien und kleine Ausklinkungen;Einfache Kennzeichnung der Schneidrichtung am Ende und am Griff sowie Farbcodierung;Ergonomischer Griff mit strapazierf\u00e4higer Softgrip-Beschichtung f\u00fcr hohen Bedienkomfort <\/p>\n<p>4932499014<br \/>\n4058546528836<\/p>\n","protected":false},"excerpt":{"rendered":"<p>DOPPELHEBELSCHERE GEBOGENE KLINGEN &#8211; RECHTS<\/p>\n","protected":false},"featured_media":592272,"template":"","meta":{"_seopress_robots_primary_cat":"","_seopress_titles_title":"","_seopress_titles_desc":"","_seopress_robots_index":""},"product_brand":[3407],"product_cat":[5416,33],"product_tag":[3270],"class_list":{"0":"post-628693","1":"product","2":"type-product","3":"status-publish","4":"has-post-thumbnail","6":"product_brand-milwaukee","7":"product_cat-utensili-per-officina","8":"product_cat-attrezzature","9":"product_tag-import-milwau","10":"sws-conto-ricavi-merci-rivendita-macchinari-de","11":"sws-gruppo-iva-iva81-de","13":"first","14":"onbackorder","15":"sale","16":"shipping-taxable","17":"purchasable","18":"product-type-simple"},"_links":{"self":[{"href":"https:\/\/lucacastelli.com\/de\/wp-json\/wp\/v2\/product\/628693","targetHints":{"allow":["GET"]}}],"collection":[{"href":"https:\/\/lucacastelli.com\/de\/wp-json\/wp\/v2\/product"}],"about":[{"href":"https:\/\/lucacastelli.com\/de\/wp-json\/wp\/v2\/types\/product"}],"wp:featuredmedia":[{"embeddable":true,"href":"https:\/\/lucacastelli.com\/de\/wp-json\/wp\/v2\/media\/592272"}],"wp:attachment":[{"href":"https:\/\/lucacastelli.com\/de\/wp-json\/wp\/v2\/media?parent=628693"}],"wp:term":[{"taxonomy":"product_brand","embeddable":true,"href":"https:\/\/lucacastelli.com\/de\/wp-json\/wp\/v2\/product_brand?post=628693"},{"taxonomy":"product_cat","embeddable":true,"href":"https:\/\/lucacastelli.com\/de\/wp-json\/wp\/v2\/product_cat?post=628693"},{"taxonomy":"product_tag","embeddable":true,"href":"https:\/\/lucacastelli.com\/de\/wp-json\/wp\/v2\/product_tag?post=628693"}],"curies":[{"name":"wp","href":"https:\/\/api.w.org\/{rel}","templated":true}]}}