{"id":628689,"date":"2025-08-07T20:15:20","date_gmt":"2025-08-07T18:15:20","guid":{"rendered":"https:\/\/lucacastelli.com\/prodotto\/milwaukee-kommode-mit-6-schubladen\/"},"modified":"2025-08-07T20:15:20","modified_gmt":"2025-08-07T18:15:20","slug":"milwaukee-kommode-mit-6-schubladen","status":"publish","type":"product","link":"https:\/\/lucacastelli.com\/de\/produkt\/milwaukee-kommode-mit-6-schubladen\/","title":{"rendered":"Milwaukee Kommode mit 6 Schubladen"},"content":{"rendered":"<p>TOOLGUARD 46in Steel Top Chest EU<br \/>\n45kg-Schubladen mit Slow-Close-Mechanismus;Jede Schublade hat eine Anti-Rutsch-Matte;Obere Schublade mit Laptop-Ablage;Sicherheitsschublade mit eigenst\u00e4ndigem Schloss zur sicheren Aufbewahrung von Wertsachen;Gummipuffer an den Ecken verhindern Besch\u00e4digungen beim Bewegen des Wagens;Magnetische Mehrfachsteckdose erm\u00f6glicht das Aufladen von Batterien direkt an der Schublade;Perforierte Platte zur Befestigung der wichtigsten Werkzeuge<\/p>\n<p>4932478854<br \/>\n4058546361365<\/p>\n","protected":false},"excerpt":{"rendered":"<p>TOOLGUARD 46in Steel Top Chest EU<\/p>\n","protected":false},"featured_media":542093,"template":"","meta":{"_seopress_robots_primary_cat":"","_seopress_titles_title":"","_seopress_titles_desc":"","_seopress_robots_index":""},"product_brand":[3407],"product_cat":[5416,33],"product_tag":[3270],"class_list":{"0":"post-628689","1":"product","2":"type-product","3":"status-publish","4":"has-post-thumbnail","6":"product_brand-milwaukee","7":"product_cat-utensili-per-officina","8":"product_cat-attrezzature","9":"product_tag-import-milwau","10":"sws-conto-ricavi-merci-rivendita-macchinari-de","11":"sws-gruppo-iva-iva81-de","13":"first","14":"onbackorder","15":"sale","16":"shipping-taxable","17":"purchasable","18":"product-type-simple"},"_links":{"self":[{"href":"https:\/\/lucacastelli.com\/de\/wp-json\/wp\/v2\/product\/628689","targetHints":{"allow":["GET"]}}],"collection":[{"href":"https:\/\/lucacastelli.com\/de\/wp-json\/wp\/v2\/product"}],"about":[{"href":"https:\/\/lucacastelli.com\/de\/wp-json\/wp\/v2\/types\/product"}],"wp:featuredmedia":[{"embeddable":true,"href":"https:\/\/lucacastelli.com\/de\/wp-json\/wp\/v2\/media\/542093"}],"wp:attachment":[{"href":"https:\/\/lucacastelli.com\/de\/wp-json\/wp\/v2\/media?parent=628689"}],"wp:term":[{"taxonomy":"product_brand","embeddable":true,"href":"https:\/\/lucacastelli.com\/de\/wp-json\/wp\/v2\/product_brand?post=628689"},{"taxonomy":"product_cat","embeddable":true,"href":"https:\/\/lucacastelli.com\/de\/wp-json\/wp\/v2\/product_cat?post=628689"},{"taxonomy":"product_tag","embeddable":true,"href":"https:\/\/lucacastelli.com\/de\/wp-json\/wp\/v2\/product_tag?post=628689"}],"curies":[{"name":"wp","href":"https:\/\/api.w.org\/{rel}","templated":true}]}}