{"id":628688,"date":"2025-08-07T20:15:22","date_gmt":"2025-08-07T18:15:22","guid":{"rendered":"https:\/\/lucacastelli.com\/prodotto\/milwaukee-doppelhebelschere-gebogene-klingen-sx\/"},"modified":"2025-08-07T20:15:22","modified_gmt":"2025-08-07T18:15:22","slug":"milwaukee-doppelhebelschere-gebogene-klingen-sx","status":"publish","type":"product","link":"https:\/\/lucacastelli.com\/de\/produkt\/milwaukee-doppelhebelschere-gebogene-klingen-sx\/","title":{"rendered":"Milwaukee Doppelhebelschere Gebogene Klingen &#8211; SX"},"content":{"rendered":"<p>Doppelhebelschere gebogene Klingen &#8211; SX<br \/>\nDOPPELHEBELSCHERE GEBOGENE KLINGEN &#8211; SX<br \/>\nSchere f\u00fcr Gerad- und Gehrungsschnitte;Extra scharf, f\u00fcr leichtes Gleiten der Klinge \u00fcber das Material ohne Grate;Hebelwerkzeug-Design, um die Erm\u00fcdung der Hand bei der Anwendung auch bei dicken Materialien zu verringern;Extra starke 65 HRC Metallklingen;Einhand-Ausl\u00f6semechanismus;Kompaktes Design;F\u00fcr kurze, gerade und Gehrungsschnitte. Ideal f\u00fcr Schnitte mit engem Radius;Lange Klingen f\u00fcr tiefe und durchgehende Schnitte;Einfache Kennzeichnung der Schnittrichtung auf Kopf und Griff und Farbcodierung <\/p>\n<p>4932499011<br \/>\n4058546528805<\/p>\n","protected":false},"excerpt":{"rendered":"<p>DOPPELHEBELSCHERE GEBOGENE KLINGEN &#8211; LINKS<\/p>\n","protected":false},"featured_media":592258,"template":"","meta":{"_seopress_robots_primary_cat":"","_seopress_titles_title":"","_seopress_titles_desc":"","_seopress_robots_index":""},"product_brand":[3407],"product_cat":[5416,33],"product_tag":[3270],"class_list":{"0":"post-628688","1":"product","2":"type-product","3":"status-publish","4":"has-post-thumbnail","6":"product_brand-milwaukee","7":"product_cat-utensili-per-officina","8":"product_cat-attrezzature","9":"product_tag-import-milwau","10":"sws-conto-ricavi-merci-rivendita-macchinari-de","11":"sws-gruppo-iva-iva81-de","13":"first","14":"onbackorder","15":"sale","16":"shipping-taxable","17":"purchasable","18":"product-type-simple"},"_links":{"self":[{"href":"https:\/\/lucacastelli.com\/de\/wp-json\/wp\/v2\/product\/628688","targetHints":{"allow":["GET"]}}],"collection":[{"href":"https:\/\/lucacastelli.com\/de\/wp-json\/wp\/v2\/product"}],"about":[{"href":"https:\/\/lucacastelli.com\/de\/wp-json\/wp\/v2\/types\/product"}],"wp:featuredmedia":[{"embeddable":true,"href":"https:\/\/lucacastelli.com\/de\/wp-json\/wp\/v2\/media\/592258"}],"wp:attachment":[{"href":"https:\/\/lucacastelli.com\/de\/wp-json\/wp\/v2\/media?parent=628688"}],"wp:term":[{"taxonomy":"product_brand","embeddable":true,"href":"https:\/\/lucacastelli.com\/de\/wp-json\/wp\/v2\/product_brand?post=628688"},{"taxonomy":"product_cat","embeddable":true,"href":"https:\/\/lucacastelli.com\/de\/wp-json\/wp\/v2\/product_cat?post=628688"},{"taxonomy":"product_tag","embeddable":true,"href":"https:\/\/lucacastelli.com\/de\/wp-json\/wp\/v2\/product_tag?post=628688"}],"curies":[{"name":"wp","href":"https:\/\/api.w.org\/{rel}","templated":true}]}}