{"id":628637,"date":"2025-08-07T20:27:12","date_gmt":"2025-08-07T18:27:12","guid":{"rendered":"https:\/\/lucacastelli.com\/prodotto\/milwaukee-max-bite-ratschenschluessel-18\/"},"modified":"2025-08-07T20:27:12","modified_gmt":"2025-08-07T18:27:12","slug":"milwaukee-max-bite-ratschenschluessel-18","status":"publish","type":"product","link":"https:\/\/lucacastelli.com\/de\/produkt\/milwaukee-max-bite-ratschenschluessel-18\/","title":{"rendered":"Milwaukee MAX BITE\u2122 Ratschenschl\u00fcssel"},"content":{"rendered":"<p>KOMBI-RATSCHENSCHL\u00dcSSEL. SNOD 19mm &#8211; Maxbite<br \/>\nGelenkkopf um bis zu 180\u00b0 drehbar f\u00fcr maximalen Zugang zu engen Stellen; MAX BITE\u2122 \u00d6ffnung reduziert das Verbiegen und Ausbrechen; 144 Ratschenz\u00e4hne mit 2,5\u00b0 Neigung f\u00fcr Arbeiten auf engstem Raum; Doppelte Sperrklinke f\u00fcr einen robusten und langlebigen Mechanismus; Abgerundeter I-Beam-Griff f\u00fcr einen bequemen Griff; Gelaserter Siebdruck f\u00fcr bessere Sichtbarkeit; Verchromte Oberfl\u00e4che <\/p>\n<p>4932480192<br \/>\n4058546404772<\/p>\n","protected":false},"excerpt":{"rendered":"<p>SCHRAUBENSCHL\u00dcSSEL-KOMBIHEBER. SNOD 19mm &#8211; Maxbite <\/p>\n","protected":false},"featured_media":541097,"template":"","meta":{"_seopress_robots_primary_cat":"","_seopress_titles_title":"","_seopress_titles_desc":"","_seopress_robots_index":""},"product_brand":[3407],"product_cat":[5416,33],"product_tag":[3270],"class_list":{"0":"post-628637","1":"product","2":"type-product","3":"status-publish","4":"has-post-thumbnail","6":"product_brand-milwaukee","7":"product_cat-utensili-per-officina","8":"product_cat-attrezzature","9":"product_tag-import-milwau","10":"sws-conto-ricavi-merci-rivendita-macchinari-de","11":"sws-gruppo-iva-iva81-de","13":"first","14":"onbackorder","15":"sale","16":"shipping-taxable","17":"purchasable","18":"product-type-simple"},"_links":{"self":[{"href":"https:\/\/lucacastelli.com\/de\/wp-json\/wp\/v2\/product\/628637","targetHints":{"allow":["GET"]}}],"collection":[{"href":"https:\/\/lucacastelli.com\/de\/wp-json\/wp\/v2\/product"}],"about":[{"href":"https:\/\/lucacastelli.com\/de\/wp-json\/wp\/v2\/types\/product"}],"wp:featuredmedia":[{"embeddable":true,"href":"https:\/\/lucacastelli.com\/de\/wp-json\/wp\/v2\/media\/541097"}],"wp:attachment":[{"href":"https:\/\/lucacastelli.com\/de\/wp-json\/wp\/v2\/media?parent=628637"}],"wp:term":[{"taxonomy":"product_brand","embeddable":true,"href":"https:\/\/lucacastelli.com\/de\/wp-json\/wp\/v2\/product_brand?post=628637"},{"taxonomy":"product_cat","embeddable":true,"href":"https:\/\/lucacastelli.com\/de\/wp-json\/wp\/v2\/product_cat?post=628637"},{"taxonomy":"product_tag","embeddable":true,"href":"https:\/\/lucacastelli.com\/de\/wp-json\/wp\/v2\/product_tag?post=628637"}],"curies":[{"name":"wp","href":"https:\/\/api.w.org\/{rel}","templated":true}]}}