{"id":628622,"date":"2025-08-07T20:26:19","date_gmt":"2025-08-07T18:26:19","guid":{"rendered":"https:\/\/lucacastelli.com\/prodotto\/milwaukee-max-bite-ratschenschluessel-15\/"},"modified":"2025-08-07T20:26:19","modified_gmt":"2025-08-07T18:26:19","slug":"milwaukee-max-bite-ratschenschluessel-15","status":"publish","type":"product","link":"https:\/\/lucacastelli.com\/de\/produkt\/milwaukee-max-bite-ratschenschluessel-15\/","title":{"rendered":"Milwaukee MAX BITE\u2122 Ratschenschl\u00fcssel"},"content":{"rendered":"<p>KEY COMBI CRIC 8mm Maxbite Series 1pcs<br \/>\n144 Ratschenz\u00e4hne mit 2,5\u00b0 Neigung f\u00fcr Arbeiten auf engstem Raum; Doppelsperrklinke f\u00fcr einen robusten und langlebigen Mechanismus; MAX BITE\u2122-\u00d6ffnung reduziert Abrundungen und Ausbr\u00fcche; abgerundeter I-Beam-Griff f\u00fcr einen komfortablen Griff; Lasersiebdruck mit Tinte f\u00fcr bessere Sichtbarkeit; Chrom-Finish<\/p>\n<p>4932471501<br \/>\n4058546294007<\/p>\n","protected":false},"excerpt":{"rendered":"<p>COMBI CRIC KEY 8mm Maxbite Serie 1 St\u00fcck<\/p>\n","protected":false},"featured_media":536725,"template":"","meta":{"_seopress_robots_primary_cat":"","_seopress_titles_title":"","_seopress_titles_desc":"","_seopress_robots_index":""},"product_brand":[3407],"product_cat":[5416,33],"product_tag":[3270],"class_list":{"0":"post-628622","1":"product","2":"type-product","3":"status-publish","4":"has-post-thumbnail","6":"product_brand-milwaukee","7":"product_cat-utensili-per-officina","8":"product_cat-attrezzature","9":"product_tag-import-milwau","10":"sws-conto-ricavi-merci-rivendita-macchinari-de","11":"sws-gruppo-iva-iva81-de","13":"first","14":"onbackorder","15":"sale","16":"shipping-taxable","17":"purchasable","18":"product-type-simple"},"_links":{"self":[{"href":"https:\/\/lucacastelli.com\/de\/wp-json\/wp\/v2\/product\/628622","targetHints":{"allow":["GET"]}}],"collection":[{"href":"https:\/\/lucacastelli.com\/de\/wp-json\/wp\/v2\/product"}],"about":[{"href":"https:\/\/lucacastelli.com\/de\/wp-json\/wp\/v2\/types\/product"}],"wp:featuredmedia":[{"embeddable":true,"href":"https:\/\/lucacastelli.com\/de\/wp-json\/wp\/v2\/media\/536725"}],"wp:attachment":[{"href":"https:\/\/lucacastelli.com\/de\/wp-json\/wp\/v2\/media?parent=628622"}],"wp:term":[{"taxonomy":"product_brand","embeddable":true,"href":"https:\/\/lucacastelli.com\/de\/wp-json\/wp\/v2\/product_brand?post=628622"},{"taxonomy":"product_cat","embeddable":true,"href":"https:\/\/lucacastelli.com\/de\/wp-json\/wp\/v2\/product_cat?post=628622"},{"taxonomy":"product_tag","embeddable":true,"href":"https:\/\/lucacastelli.com\/de\/wp-json\/wp\/v2\/product_tag?post=628622"}],"curies":[{"name":"wp","href":"https:\/\/api.w.org\/{rel}","templated":true}]}}