{"id":628598,"date":"2025-08-07T20:14:13","date_gmt":"2025-08-07T18:14:13","guid":{"rendered":"https:\/\/lucacastelli.com\/prodotto\/milwaukee-powergrid-mesh-schleifpapier-fuer-orbital-und-roto-orbitale-%e2%8c%80125-150-mm-14\/"},"modified":"2026-04-16T02:41:59","modified_gmt":"2026-04-16T00:41:59","slug":"milwaukee-powergrid-mesh-schleifpapier-fuer-orbital-und-roto-orbitale-%e2%8c%80125-150-mm-14","status":"publish","type":"product","link":"https:\/\/lucacastelli.com\/de\/produkt\/milwaukee-powergrid-mesh-schleifpapier-fuer-orbital-und-roto-orbitale-%e2%8c%80125-150-mm-14\/","title":{"rendered":"MILWAUKEE Schleifgitter POWERGRID MESH f\u00fcr Exzenter- und Rotationsschleifer \u2300125 &amp; 150 mm"},"content":{"rendered":"<p>SCHLEIFSCHEIBE PG MESH 150 mm K.80 &#8211; 10 Stk.<br \/>\nKunststoff-Netztr\u00e4ger mit Aluminiumoxid-K\u00f6rnung f\u00fcr beste Abtrags- und Finishleistung; Die Netzstruktur garantiert 99% staubfreies Schleifen und kein Zusetzen. Kein Zusetzen und kein Staub auf der Arbeitsfl\u00e4che gew\u00e4hrleisten l\u00e4ngere Lebensdauer und besseres Finish; Schnelle Ausrichtung der Absaugl\u00f6cher und universelle Kompatibilit\u00e4t mit allen Schleiftellern der Konkurrenz; Einfach zu reinigen und wiederzuverwenden (waschen oder s\u00e4ubern); 3-mal l\u00e4ngere Lebensdauer im Vergleich zu Standardschleifpapier; Geeignet f\u00fcr alle Metall-, Holz-, Lack-, Putz- und Spachtelarten; Verwendung eines Schleiftellerschoners empfohlen <\/p>\n<p>4932492220<br \/>\n4058546415877<\/p>\n","protected":false},"excerpt":{"rendered":"<p>DISC ABR PG MESH 150MM G.80- 10pcs<\/p>\n","protected":false},"featured_media":555414,"template":"","meta":{"_seopress_robots_primary_cat":"","_seopress_titles_title":"","_seopress_titles_desc":"","_seopress_robots_index":""},"product_brand":[3407],"product_cat":[5416,33],"product_tag":[3270],"class_list":{"0":"post-628598","1":"product","2":"type-product","3":"status-publish","4":"has-post-thumbnail","6":"product_brand-milwaukee","7":"product_cat-utensili-per-officina","8":"product_cat-attrezzature","9":"product_tag-import-milwau","10":"sws-conto-ricavi-merci-rivendita-macchinari-de","11":"sws-gruppo-iva-iva81-de","13":"first","14":"onbackorder","15":"sale","16":"shipping-taxable","17":"purchasable","18":"product-type-simple"},"_links":{"self":[{"href":"https:\/\/lucacastelli.com\/de\/wp-json\/wp\/v2\/product\/628598","targetHints":{"allow":["GET"]}}],"collection":[{"href":"https:\/\/lucacastelli.com\/de\/wp-json\/wp\/v2\/product"}],"about":[{"href":"https:\/\/lucacastelli.com\/de\/wp-json\/wp\/v2\/types\/product"}],"wp:featuredmedia":[{"embeddable":true,"href":"https:\/\/lucacastelli.com\/de\/wp-json\/wp\/v2\/media\/555414"}],"wp:attachment":[{"href":"https:\/\/lucacastelli.com\/de\/wp-json\/wp\/v2\/media?parent=628598"}],"wp:term":[{"taxonomy":"product_brand","embeddable":true,"href":"https:\/\/lucacastelli.com\/de\/wp-json\/wp\/v2\/product_brand?post=628598"},{"taxonomy":"product_cat","embeddable":true,"href":"https:\/\/lucacastelli.com\/de\/wp-json\/wp\/v2\/product_cat?post=628598"},{"taxonomy":"product_tag","embeddable":true,"href":"https:\/\/lucacastelli.com\/de\/wp-json\/wp\/v2\/product_tag?post=628598"}],"curies":[{"name":"wp","href":"https:\/\/api.w.org\/{rel}","templated":true}]}}