{"id":628578,"date":"2025-08-07T20:14:32","date_gmt":"2025-08-07T18:14:32","guid":{"rendered":"https:\/\/lucacastelli.com\/prodotto\/milwaukee-doppelhebelschere-mit-schraegen-klingen-straight\/"},"modified":"2025-08-07T20:14:32","modified_gmt":"2025-08-07T18:14:32","slug":"milwaukee-doppelhebelschere-mit-schraegen-klingen-straight","status":"publish","type":"product","link":"https:\/\/lucacastelli.com\/de\/produkt\/milwaukee-doppelhebelschere-mit-schraegen-klingen-straight\/","title":{"rendered":"Milwaukee Doppelhebelschere mit schr\u00e4gen Klingen &#8211; STRAIGHT"},"content":{"rendered":"<p>Doppelhebelschere mit geneigten Klingen &#8211; DIRITTE<br \/>\nDOPPELHEBELKLINGEN INKL. &#8211; GERADE<br \/>\nKlingen mit mikroskopisch kleinen Zacken f\u00fcr den bestm\u00f6glichen Halt am Werkst\u00fcck;Ergonomischer Griff f\u00fcr hohen Bedienkomfort und weniger erm\u00fcdendes Arbeiten;Torsionsfeder \u00f6ffnet die Klingen automatisch im Schnitt, um den Arbeitsfortschritt zu beschleunigen und die Erm\u00fcdung zu verringern;Optimales Hebelverh\u00e4ltnis f\u00fcr leichten Arbeitsfortschritt in dicken Materialien;Einhand-Verriegelungsmechanismus f\u00fcr erh\u00f6hte Produktivit\u00e4t;Kompaktes Design f\u00fcr leichten Arbeitsfortschritt ohne Versatz;Schere f\u00fcr gebogene Bleche: F\u00fcr lange, kontinuierliche, gerade Schnitte ohne gebogene Schnitte. Der 45-Grad-Winkel h\u00e4lt den Benutzer vom Schneidgut fern;Einfache Kennzeichnung der Schneidrichtung am Ende und am Griff sowie Farbcodierung;Ergonomischer Griff mit haltbarer Softgrip-Beschichtung f\u00fcr hohen Benutzerkomfort  <\/p>\n<p>4932499019<br \/>\n4058546528881<\/p>\n","protected":false},"excerpt":{"rendered":"<p>DOPPELHEBEL-SCHERENMESSER INKL. &#8211; GERADE <\/p>\n","protected":false},"featured_media":592304,"template":"","meta":{"_seopress_robots_primary_cat":"","_seopress_titles_title":"","_seopress_titles_desc":"","_seopress_robots_index":""},"product_brand":[3407],"product_cat":[5416,33],"product_tag":[3270],"class_list":{"0":"post-628578","1":"product","2":"type-product","3":"status-publish","4":"has-post-thumbnail","6":"product_brand-milwaukee","7":"product_cat-utensili-per-officina","8":"product_cat-attrezzature","9":"product_tag-import-milwau","10":"sws-conto-ricavi-merci-rivendita-macchinari-de","11":"sws-gruppo-iva-iva81-de","13":"first","14":"onbackorder","15":"sale","16":"shipping-taxable","17":"purchasable","18":"product-type-simple"},"_links":{"self":[{"href":"https:\/\/lucacastelli.com\/de\/wp-json\/wp\/v2\/product\/628578","targetHints":{"allow":["GET"]}}],"collection":[{"href":"https:\/\/lucacastelli.com\/de\/wp-json\/wp\/v2\/product"}],"about":[{"href":"https:\/\/lucacastelli.com\/de\/wp-json\/wp\/v2\/types\/product"}],"wp:featuredmedia":[{"embeddable":true,"href":"https:\/\/lucacastelli.com\/de\/wp-json\/wp\/v2\/media\/592304"}],"wp:attachment":[{"href":"https:\/\/lucacastelli.com\/de\/wp-json\/wp\/v2\/media?parent=628578"}],"wp:term":[{"taxonomy":"product_brand","embeddable":true,"href":"https:\/\/lucacastelli.com\/de\/wp-json\/wp\/v2\/product_brand?post=628578"},{"taxonomy":"product_cat","embeddable":true,"href":"https:\/\/lucacastelli.com\/de\/wp-json\/wp\/v2\/product_cat?post=628578"},{"taxonomy":"product_tag","embeddable":true,"href":"https:\/\/lucacastelli.com\/de\/wp-json\/wp\/v2\/product_tag?post=628578"}],"curies":[{"name":"wp","href":"https:\/\/api.w.org\/{rel}","templated":true}]}}