{"id":628565,"date":"2025-08-07T20:13:49","date_gmt":"2025-08-07T18:13:49","guid":{"rendered":"https:\/\/lucacastelli.com\/prodotto\/milwaukee-powergrid-mesh-schleifpapier-fuer-orbital-und-roto-orbitale-%e2%8c%80125-150-mm-7\/"},"modified":"2026-04-16T02:37:03","modified_gmt":"2026-04-16T00:37:03","slug":"milwaukee-powergrid-mesh-schleifpapier-fuer-orbital-und-roto-orbitale-%e2%8c%80125-150-mm-7","status":"publish","type":"product","link":"https:\/\/lucacastelli.com\/de\/produkt\/milwaukee-powergrid-mesh-schleifpapier-fuer-orbital-und-roto-orbitale-%e2%8c%80125-150-mm-7\/","title":{"rendered":"MILWAUKEE POWERGRID MESH Schleifgitter f\u00fcr Schwinger und Exzenterschleifer \u2300125 &amp; 150 mm"},"content":{"rendered":"<p>DISC ABR PG MESH 125MM K.320-10Stk.<br \/>\nKunststoffgittertr\u00e4ger mit Aluminiumoxid-K\u00f6rnung f\u00fcr beste Abtragsleistung und Oberfl\u00e4cheng\u00fcte;Die Netzstruktur garantiert 99 % staubfreies Schleifen ohne Zusetzen. Kein Verstopfen und kein Staub auf der Arbeitsfl\u00e4che sorgen f\u00fcr eine l\u00e4ngere Lebensdauer und ein besseres Finish;Schnelle Ausrichtung der Absaugl\u00f6cher und universelle Kompatibilit\u00e4t mit allen St\u00fctztellern der Konkurrenz;Leicht zu reinigen und wiederverwendbar (waschen oder reinigen);3-mal l\u00e4ngere Lebensdauer als Standard-Schleifpapier;Geeignet f\u00fcr alle Arten von Metall, Holz, Lack, Putz und Spachtelmasse;Verwendung einer Schutzauflage (Pad Saver) empfohlen <\/p>\n<p>4932492189<br \/>\n4058546415563<\/p>\n","protected":false},"excerpt":{"rendered":"<p>DISC ABR PG MESH 125MMG.320-10pcs<\/p>\n","protected":false},"featured_media":555262,"template":"","meta":{"_seopress_robots_primary_cat":"","_seopress_titles_title":"","_seopress_titles_desc":"","_seopress_robots_index":""},"product_brand":[3407],"product_cat":[5416,33],"product_tag":[3270],"class_list":{"0":"post-628565","1":"product","2":"type-product","3":"status-publish","4":"has-post-thumbnail","6":"product_brand-milwaukee","7":"product_cat-utensili-per-officina","8":"product_cat-attrezzature","9":"product_tag-import-milwau","10":"sws-conto-ricavi-merci-rivendita-macchinari-de","11":"sws-gruppo-iva-iva81-de","13":"first","14":"onbackorder","15":"sale","16":"shipping-taxable","17":"purchasable","18":"product-type-simple"},"_links":{"self":[{"href":"https:\/\/lucacastelli.com\/de\/wp-json\/wp\/v2\/product\/628565","targetHints":{"allow":["GET"]}}],"collection":[{"href":"https:\/\/lucacastelli.com\/de\/wp-json\/wp\/v2\/product"}],"about":[{"href":"https:\/\/lucacastelli.com\/de\/wp-json\/wp\/v2\/types\/product"}],"wp:featuredmedia":[{"embeddable":true,"href":"https:\/\/lucacastelli.com\/de\/wp-json\/wp\/v2\/media\/555262"}],"wp:attachment":[{"href":"https:\/\/lucacastelli.com\/de\/wp-json\/wp\/v2\/media?parent=628565"}],"wp:term":[{"taxonomy":"product_brand","embeddable":true,"href":"https:\/\/lucacastelli.com\/de\/wp-json\/wp\/v2\/product_brand?post=628565"},{"taxonomy":"product_cat","embeddable":true,"href":"https:\/\/lucacastelli.com\/de\/wp-json\/wp\/v2\/product_cat?post=628565"},{"taxonomy":"product_tag","embeddable":true,"href":"https:\/\/lucacastelli.com\/de\/wp-json\/wp\/v2\/product_tag?post=628565"}],"curies":[{"name":"wp","href":"https:\/\/api.w.org\/{rel}","templated":true}]}}