{"id":628563,"date":"2025-08-07T20:15:19","date_gmt":"2025-08-07T18:15:19","guid":{"rendered":"https:\/\/lucacastelli.com\/prodotto\/milwaukee-kommode-mit-4-schubladen\/"},"modified":"2025-08-07T20:15:19","modified_gmt":"2025-08-07T18:15:19","slug":"milwaukee-kommode-mit-4-schubladen","status":"publish","type":"product","link":"https:\/\/lucacastelli.com\/de\/produkt\/milwaukee-kommode-mit-4-schubladen\/","title":{"rendered":"Milwaukee Kommode mit 4 Schubladen"},"content":{"rendered":"<p>TOOLGUARD 30in Steel Top Chest<br \/>\n45-kg-Schubladen mit langsamer Schlie\u00dfung; Anti-Kipp-System erm\u00f6glicht es, jeweils nur eine Schublade zu \u00f6ffnen; jede Schublade ist mit einer rutschfesten Matte ausgestattet; ABS-Eckpuffer verhindern Sch\u00e4den, wenn der Wagen bewegt wird; Seitenablage f\u00fcr Flaschen und Dosen<\/p>\n<p>4932478850<br \/>\n4058546361327<\/p>\n","protected":false},"excerpt":{"rendered":"<p>TOOLGUARD 30in Steel Top Chest<\/p>\n","protected":false},"featured_media":542063,"template":"","meta":{"_seopress_robots_primary_cat":"","_seopress_titles_title":"","_seopress_titles_desc":"","_seopress_robots_index":""},"product_brand":[3407],"product_cat":[5416,33],"product_tag":[3270],"class_list":{"0":"post-628563","1":"product","2":"type-product","3":"status-publish","4":"has-post-thumbnail","6":"product_brand-milwaukee","7":"product_cat-utensili-per-officina","8":"product_cat-attrezzature","9":"product_tag-import-milwau","10":"sws-conto-ricavi-merci-rivendita-macchinari-de","11":"sws-gruppo-iva-iva81-de","13":"first","14":"onbackorder","15":"sale","16":"shipping-taxable","17":"purchasable","18":"product-type-simple"},"_links":{"self":[{"href":"https:\/\/lucacastelli.com\/de\/wp-json\/wp\/v2\/product\/628563","targetHints":{"allow":["GET"]}}],"collection":[{"href":"https:\/\/lucacastelli.com\/de\/wp-json\/wp\/v2\/product"}],"about":[{"href":"https:\/\/lucacastelli.com\/de\/wp-json\/wp\/v2\/types\/product"}],"wp:featuredmedia":[{"embeddable":true,"href":"https:\/\/lucacastelli.com\/de\/wp-json\/wp\/v2\/media\/542063"}],"wp:attachment":[{"href":"https:\/\/lucacastelli.com\/de\/wp-json\/wp\/v2\/media?parent=628563"}],"wp:term":[{"taxonomy":"product_brand","embeddable":true,"href":"https:\/\/lucacastelli.com\/de\/wp-json\/wp\/v2\/product_brand?post=628563"},{"taxonomy":"product_cat","embeddable":true,"href":"https:\/\/lucacastelli.com\/de\/wp-json\/wp\/v2\/product_cat?post=628563"},{"taxonomy":"product_tag","embeddable":true,"href":"https:\/\/lucacastelli.com\/de\/wp-json\/wp\/v2\/product_tag?post=628563"}],"curies":[{"name":"wp","href":"https:\/\/api.w.org\/{rel}","templated":true}]}}