{"id":628558,"date":"2025-08-07T20:14:24","date_gmt":"2025-08-07T18:14:24","guid":{"rendered":"https:\/\/lucacastelli.com\/prodotto\/milwaukee-powergrid-mesh-schleifpapier-fuer-orbital-und-roto-orbitale-%e2%8c%80125-150-mm-6\/"},"modified":"2026-04-16T02:39:13","modified_gmt":"2026-04-16T00:39:13","slug":"milwaukee-powergrid-mesh-schleifpapier-fuer-orbital-und-roto-orbitale-%e2%8c%80125-150-mm-6-2","status":"publish","type":"product","link":"https:\/\/lucacastelli.com\/de\/produkt\/milwaukee-powergrid-mesh-schleifpapier-fuer-orbital-und-roto-orbitale-%e2%8c%80125-150-mm-6-2\/","title":{"rendered":"MILWAUKEE Schleifpapier POWERGRID MESH f\u00fcr Exzenter- und Rotationsschleifer \u2300125 &amp; 150 mm"},"content":{"rendered":"<p>SET SCHLEIFSCHEIBEN 150MM PGMESH+TELLERSCHUTZ-10Stk.<br \/>\nKunststoff-Netztr\u00e4ger mit Aluminiumoxid-K\u00f6rnung f\u00fcr beste Materialabtrag- und Finishleistung;Die Netzstruktur garantiert 99% staubfreies Schleifen und kein Zusetzen. Kein Zusetzen und kein Staub auf der Arbeitsfl\u00e4che garantieren l\u00e4ngere Lebensdauer und besseres Finish;Schnelle Ausrichtung der Staubabsaugl\u00f6cher und universelle Kompatibilit\u00e4t mit allen Schleiftellern der Konkurrenz;Einfach zu reinigen und wiederzuverwenden (waschen oder s\u00e4ubern);3-mal l\u00e4ngere Lebensdauer im Vergleich zu Standardpapier;Geeignet f\u00fcr alle Metall-, Holz-, Lack-, Putz- und Spachtelarten;Verwendung des Tellerschutzes empfohlen <\/p>\n<p>4932492294<br \/>\n4058546416614<\/p>\n","protected":false},"excerpt":{"rendered":"<p>SET DISCABR 150MM PGMESH+SALV PLAT-10pcs<\/p>\n","protected":false},"featured_media":597955,"template":"","meta":{"_seopress_robots_primary_cat":"","_seopress_titles_title":"","_seopress_titles_desc":"","_seopress_robots_index":""},"product_brand":[3656],"product_cat":[5529,150],"product_tag":[3272],"class_list":{"0":"post-628558","1":"product","2":"type-product","3":"status-publish","4":"has-post-thumbnail","6":"product_brand-milwaukee-de","7":"product_cat-workshop-tools","8":"product_cat-ausrustung","9":"product_tag-import-milwau-de","10":"sws-conto-ricavi-merci-rivendita-macchinari-de","11":"sws-gruppo-iva-iva81-de","13":"first","14":"onbackorder","15":"sale","16":"shipping-taxable","17":"purchasable","18":"product-type-simple"},"_links":{"self":[{"href":"https:\/\/lucacastelli.com\/de\/wp-json\/wp\/v2\/product\/628558","targetHints":{"allow":["GET"]}}],"collection":[{"href":"https:\/\/lucacastelli.com\/de\/wp-json\/wp\/v2\/product"}],"about":[{"href":"https:\/\/lucacastelli.com\/de\/wp-json\/wp\/v2\/types\/product"}],"wp:featuredmedia":[{"embeddable":true,"href":"https:\/\/lucacastelli.com\/de\/wp-json\/wp\/v2\/media\/597955"}],"wp:attachment":[{"href":"https:\/\/lucacastelli.com\/de\/wp-json\/wp\/v2\/media?parent=628558"}],"wp:term":[{"taxonomy":"product_brand","embeddable":true,"href":"https:\/\/lucacastelli.com\/de\/wp-json\/wp\/v2\/product_brand?post=628558"},{"taxonomy":"product_cat","embeddable":true,"href":"https:\/\/lucacastelli.com\/de\/wp-json\/wp\/v2\/product_cat?post=628558"},{"taxonomy":"product_tag","embeddable":true,"href":"https:\/\/lucacastelli.com\/de\/wp-json\/wp\/v2\/product_tag?post=628558"}],"curies":[{"name":"wp","href":"https:\/\/api.w.org\/{rel}","templated":true}]}}