{"id":628543,"date":"2025-08-07T20:14:30","date_gmt":"2025-08-07T18:14:30","guid":{"rendered":"https:\/\/lucacastelli.com\/prodotto\/milwaukee-powergrid-mesh-schleifpapier-fuer-orbital-und-roto-orbitale-%e2%8c%80125-150-mm-2\/"},"modified":"2025-08-07T20:14:30","modified_gmt":"2025-08-07T18:14:30","slug":"milwaukee-powergrid-mesh-schleifpapier-fuer-orbital-und-roto-orbitale-%e2%8c%80125-150-mm-2","status":"publish","type":"product","link":"https:\/\/lucacastelli.com\/de\/produkt\/milwaukee-powergrid-mesh-schleifpapier-fuer-orbital-und-roto-orbitale-%e2%8c%80125-150-mm-2\/","title":{"rendered":"Milwaukee POWERGRID MESH-Schleifpapier f\u00fcr Orbital- und Roto-Orbitale \u2300125 &amp; 150 mm"},"content":{"rendered":"<p>DISC ABR PG MESH 76MM G.320- 10pcs<br \/>\nKunststoffgewebetr\u00e4ger mit Aluminiumoxidkorn f\u00fcr beste Abtragsleistung;Die Maschenstruktur garantiert 99% staubfreies Schleifen und kein Verstopfen. Kein Verstopfen und kein Staub auf der Arbeitsfl\u00e4che garantieren eine l\u00e4ngere Lebensdauer und ein besseres Finish;Schnelle Lochausrichtung f\u00fcr die Staubabsaugung und universelle Kompatibilit\u00e4t mit allen St\u00fctztellern des Wettbewerbs;Leicht zu reinigen und wiederzuverwenden (abwaschen oder abwischen);3-mal l\u00e4ngere Lebensdauer im Vergleich zu Standardpapier;Geeignet f\u00fcr alle Arten von Metall, Holz, Farbe, Putz und Spachtelmasse;Empfohlener St\u00fctzteller-Saver <\/p>\n<p>4932499372<br \/>\n4058546565367<\/p>\n","protected":false},"excerpt":{"rendered":"<p>DISC ABR PG MESH 76MM G.320- 10pcs<\/p>\n","protected":false},"featured_media":568052,"template":"","meta":{"_seopress_robots_primary_cat":"","_seopress_titles_title":"","_seopress_titles_desc":"","_seopress_robots_index":""},"product_brand":[3407],"product_cat":[5416,33],"product_tag":[3270],"class_list":{"0":"post-628543","1":"product","2":"type-product","3":"status-publish","4":"has-post-thumbnail","6":"product_brand-milwaukee","7":"product_cat-utensili-per-officina","8":"product_cat-attrezzature","9":"product_tag-import-milwau","10":"sws-conto-ricavi-merci-rivendita-macchinari-de","11":"sws-gruppo-iva-iva81-de","13":"first","14":"onbackorder","15":"sale","16":"shipping-taxable","17":"purchasable","18":"product-type-simple"},"_links":{"self":[{"href":"https:\/\/lucacastelli.com\/de\/wp-json\/wp\/v2\/product\/628543","targetHints":{"allow":["GET"]}}],"collection":[{"href":"https:\/\/lucacastelli.com\/de\/wp-json\/wp\/v2\/product"}],"about":[{"href":"https:\/\/lucacastelli.com\/de\/wp-json\/wp\/v2\/types\/product"}],"wp:featuredmedia":[{"embeddable":true,"href":"https:\/\/lucacastelli.com\/de\/wp-json\/wp\/v2\/media\/568052"}],"wp:attachment":[{"href":"https:\/\/lucacastelli.com\/de\/wp-json\/wp\/v2\/media?parent=628543"}],"wp:term":[{"taxonomy":"product_brand","embeddable":true,"href":"https:\/\/lucacastelli.com\/de\/wp-json\/wp\/v2\/product_brand?post=628543"},{"taxonomy":"product_cat","embeddable":true,"href":"https:\/\/lucacastelli.com\/de\/wp-json\/wp\/v2\/product_cat?post=628543"},{"taxonomy":"product_tag","embeddable":true,"href":"https:\/\/lucacastelli.com\/de\/wp-json\/wp\/v2\/product_tag?post=628543"}],"curies":[{"name":"wp","href":"https:\/\/api.w.org\/{rel}","templated":true}]}}