{"id":628541,"date":"2025-08-07T20:14:31","date_gmt":"2025-08-07T18:14:31","guid":{"rendered":"https:\/\/lucacastelli.com\/prodotto\/milwaukee-doppelhebelschere-straight\/"},"modified":"2025-08-07T20:14:31","modified_gmt":"2025-08-07T18:14:31","slug":"milwaukee-doppelhebelschere-straight","status":"publish","type":"product","link":"https:\/\/lucacastelli.com\/de\/produkt\/milwaukee-doppelhebelschere-straight\/","title":{"rendered":"Milwaukee Doppelhebelschere &#8211; STRAIGHT"},"content":{"rendered":"<p>DOPPELHEBELSCHERE &#8211; GERADE<br \/>\nDOPPELHEBELSCHERE GERADE KLINGEN<br \/>\nKlingen mit mikroskopischer Verzahnung f\u00fcr den bestm\u00f6glichen Halt am Werkst\u00fcck; Ergonomischer Griff f\u00fcr hohen Benutzerkomfort und weniger erm\u00fcdendes Arbeiten; Torsionsfeder \u00f6ffnet die Klingen automatisch im Schnitt, um den Arbeitsfortschritt zu beschleunigen und Erm\u00fcdung zu reduzieren;Optimales Hebelverh\u00e4ltnis f\u00fcr leichten Arbeitsfortschritt in dicken Materialien;Einhandverriegelung f\u00fcr erh\u00f6hte Produktivit\u00e4t;Kompaktes Design f\u00fcr leichten Arbeitsfortschritt ohne Versatz;Blechschere f\u00fcr kurze Schnitte, gerade Schnitte und modulare Schnitte. Ideal f\u00fcr kurze Radien und kleine Ausklinkungen;Einfache Kennzeichnung der Schneidrichtung am Ende und am Griff sowie Farbcodierung;Ergonomischer Griff mit strapazierf\u00e4higer Softgrip-Beschichtung f\u00fcr hohen Bedienkomfort <\/p>\n<p>4932499018<br \/>\n4058546528874<\/p>\n","protected":false},"excerpt":{"rendered":"<p>DOPPELHEBELSCHERE GERADE MESSER<\/p>\n","protected":false},"featured_media":592299,"template":"","meta":{"_seopress_robots_primary_cat":"","_seopress_titles_title":"","_seopress_titles_desc":"","_seopress_robots_index":""},"product_brand":[3407],"product_cat":[5416,33],"product_tag":[3270],"class_list":{"0":"post-628541","1":"product","2":"type-product","3":"status-publish","4":"has-post-thumbnail","6":"product_brand-milwaukee","7":"product_cat-utensili-per-officina","8":"product_cat-attrezzature","9":"product_tag-import-milwau","10":"sws-conto-ricavi-merci-rivendita-macchinari-de","11":"sws-gruppo-iva-iva81-de","13":"first","14":"onbackorder","15":"sale","16":"shipping-taxable","17":"purchasable","18":"product-type-simple"},"_links":{"self":[{"href":"https:\/\/lucacastelli.com\/de\/wp-json\/wp\/v2\/product\/628541","targetHints":{"allow":["GET"]}}],"collection":[{"href":"https:\/\/lucacastelli.com\/de\/wp-json\/wp\/v2\/product"}],"about":[{"href":"https:\/\/lucacastelli.com\/de\/wp-json\/wp\/v2\/types\/product"}],"wp:featuredmedia":[{"embeddable":true,"href":"https:\/\/lucacastelli.com\/de\/wp-json\/wp\/v2\/media\/592299"}],"wp:attachment":[{"href":"https:\/\/lucacastelli.com\/de\/wp-json\/wp\/v2\/media?parent=628541"}],"wp:term":[{"taxonomy":"product_brand","embeddable":true,"href":"https:\/\/lucacastelli.com\/de\/wp-json\/wp\/v2\/product_brand?post=628541"},{"taxonomy":"product_cat","embeddable":true,"href":"https:\/\/lucacastelli.com\/de\/wp-json\/wp\/v2\/product_cat?post=628541"},{"taxonomy":"product_tag","embeddable":true,"href":"https:\/\/lucacastelli.com\/de\/wp-json\/wp\/v2\/product_tag?post=628541"}],"curies":[{"name":"wp","href":"https:\/\/api.w.org\/{rel}","templated":true}]}}