{"id":628531,"date":"2025-08-07T20:15:26","date_gmt":"2025-08-07T18:15:26","guid":{"rendered":"https:\/\/lucacastelli.com\/prodotto\/milwaukee-doppelhebelschere-lange-abgewinkelte-klingen-sx\/"},"modified":"2025-08-07T20:15:26","modified_gmt":"2025-08-07T18:15:26","slug":"milwaukee-doppelhebelschere-lange-abgewinkelte-klingen-sx","status":"publish","type":"product","link":"https:\/\/lucacastelli.com\/de\/produkt\/milwaukee-doppelhebelschere-lange-abgewinkelte-klingen-sx\/","title":{"rendered":"Milwaukee Doppelhebelschere Lange abgewinkelte Klingen &#8211; SX"},"content":{"rendered":"<p>Doppelhebelschere lange Bl\u00e4tter geneigt &#8211; SX<br \/>\nDoppelhebelschere lange Bl\u00e4tter geneigt &#8211; SX<br \/>\nKlingen mit mikroskopischer Verzahnung f\u00fcr bestm\u00f6glichen Halt am Werkst\u00fcck;Ergonomischer Griff f\u00fcr hohen Benutzerkomfort und weniger erm\u00fcdendes Arbeiten;Torsionsfeder \u00f6ffnet die Klingen automatisch im Schnitt, um den Arbeitsfortschritt zu beschleunigen und Erm\u00fcdungserscheinungen zu verringern;Optimales Hebelverh\u00e4ltnis f\u00fcr einfachen Arbeitsfortschritt in dickeren Materialien;Einhand-Verriegelungsmechanismus zur Steigerung der Produktivit\u00e4t;Kompaktes Design f\u00fcr einfachen Arbeitsfortschritt ohne Versatz;Extra lange Blechschere f\u00fcr lange, durchgehende und gerade Schnitte in einem Arbeitsgang;Einfache Kennzeichnung der Schnittrichtung am Ende und am Griff sowie durch Farbcodierung;Ergonomischer Griff mit langlebiger Softgrip-Beschichtung f\u00fcr hohen Bedienkomfort<\/p>\n<p>4932499022<br \/>\n4058546528911<\/p>\n","protected":false},"excerpt":{"rendered":"<p>DOPPELHEBELSCHERE LANGE MESSER INKL. LINKS<\/p>\n","protected":false},"featured_media":592319,"template":"","meta":{"_seopress_robots_primary_cat":"","_seopress_titles_title":"","_seopress_titles_desc":"","_seopress_robots_index":""},"product_brand":[3407],"product_cat":[5416,33],"product_tag":[3270],"class_list":{"0":"post-628531","1":"product","2":"type-product","3":"status-publish","4":"has-post-thumbnail","6":"product_brand-milwaukee","7":"product_cat-utensili-per-officina","8":"product_cat-attrezzature","9":"product_tag-import-milwau","10":"sws-conto-ricavi-merci-rivendita-macchinari-de","11":"sws-gruppo-iva-iva81-de","13":"first","14":"onbackorder","15":"sale","16":"shipping-taxable","17":"purchasable","18":"product-type-simple"},"_links":{"self":[{"href":"https:\/\/lucacastelli.com\/de\/wp-json\/wp\/v2\/product\/628531","targetHints":{"allow":["GET"]}}],"collection":[{"href":"https:\/\/lucacastelli.com\/de\/wp-json\/wp\/v2\/product"}],"about":[{"href":"https:\/\/lucacastelli.com\/de\/wp-json\/wp\/v2\/types\/product"}],"wp:featuredmedia":[{"embeddable":true,"href":"https:\/\/lucacastelli.com\/de\/wp-json\/wp\/v2\/media\/592319"}],"wp:attachment":[{"href":"https:\/\/lucacastelli.com\/de\/wp-json\/wp\/v2\/media?parent=628531"}],"wp:term":[{"taxonomy":"product_brand","embeddable":true,"href":"https:\/\/lucacastelli.com\/de\/wp-json\/wp\/v2\/product_brand?post=628531"},{"taxonomy":"product_cat","embeddable":true,"href":"https:\/\/lucacastelli.com\/de\/wp-json\/wp\/v2\/product_cat?post=628531"},{"taxonomy":"product_tag","embeddable":true,"href":"https:\/\/lucacastelli.com\/de\/wp-json\/wp\/v2\/product_tag?post=628531"}],"curies":[{"name":"wp","href":"https:\/\/api.w.org\/{rel}","templated":true}]}}