{"id":628478,"date":"2025-08-07T20:28:04","date_gmt":"2025-08-07T18:28:04","guid":{"rendered":"https:\/\/lucacastelli.com\/prodotto\/milwaukee-doppelmaulschluessel-fuer-beschlaege-3\/"},"modified":"2025-08-07T20:28:04","modified_gmt":"2025-08-07T18:28:04","slug":"milwaukee-doppelmaulschluessel-fuer-beschlaege-3","status":"publish","type":"product","link":"https:\/\/lucacastelli.com\/de\/produkt\/milwaukee-doppelmaulschluessel-fuer-beschlaege-3\/","title":{"rendered":"Milwaukee Doppelmaulschl\u00fcssel f\u00fcr Beschl\u00e4ge"},"content":{"rendered":"<p>DOPPELSCHRAUBE F\u00dcR VERBINDUNGEN 10x12mm<br \/>\nOptimierte Kopfgeometrie f\u00fcr einen sicheren Griff an Verbindungselementen und zur Verringerung des Abrei\u00dfens von Muttern;Abgerundeter Griff f\u00fcr mehr Komfort bei der Anwendung;Aufgedruckte Ma\u00dfe zur schnellen Erkennung;15\u00b0 abgewinkelter Kopf f\u00fcr bessere Zug\u00e4nglichkeit<\/p>\n<p>4932480576<br \/>\n4058546408619<\/p>\n","protected":false},"excerpt":{"rendered":"<p>DOPPELSCHRAUBE F\u00dcR VERBINDUNGEN 10x12mm<\/p>\n","protected":false},"featured_media":552518,"template":"","meta":{"_seopress_robots_primary_cat":"","_seopress_titles_title":"","_seopress_titles_desc":"","_seopress_robots_index":""},"product_brand":[3407],"product_cat":[5416,33],"product_tag":[3270],"class_list":{"0":"post-628478","1":"product","2":"type-product","3":"status-publish","4":"has-post-thumbnail","6":"product_brand-milwaukee","7":"product_cat-utensili-per-officina","8":"product_cat-attrezzature","9":"product_tag-import-milwau","10":"sws-conto-ricavi-merci-rivendita-macchinari-de","11":"sws-gruppo-iva-iva81-de","13":"first","14":"onbackorder","15":"sale","16":"shipping-taxable","17":"purchasable","18":"product-type-simple"},"_links":{"self":[{"href":"https:\/\/lucacastelli.com\/de\/wp-json\/wp\/v2\/product\/628478","targetHints":{"allow":["GET"]}}],"collection":[{"href":"https:\/\/lucacastelli.com\/de\/wp-json\/wp\/v2\/product"}],"about":[{"href":"https:\/\/lucacastelli.com\/de\/wp-json\/wp\/v2\/types\/product"}],"wp:featuredmedia":[{"embeddable":true,"href":"https:\/\/lucacastelli.com\/de\/wp-json\/wp\/v2\/media\/552518"}],"wp:attachment":[{"href":"https:\/\/lucacastelli.com\/de\/wp-json\/wp\/v2\/media?parent=628478"}],"wp:term":[{"taxonomy":"product_brand","embeddable":true,"href":"https:\/\/lucacastelli.com\/de\/wp-json\/wp\/v2\/product_brand?post=628478"},{"taxonomy":"product_cat","embeddable":true,"href":"https:\/\/lucacastelli.com\/de\/wp-json\/wp\/v2\/product_cat?post=628478"},{"taxonomy":"product_tag","embeddable":true,"href":"https:\/\/lucacastelli.com\/de\/wp-json\/wp\/v2\/product_tag?post=628478"}],"curies":[{"name":"wp","href":"https:\/\/api.w.org\/{rel}","templated":true}]}}