{"id":628384,"date":"2025-08-28T10:57:30","date_gmt":"2025-08-28T08:57:30","guid":{"rendered":"https:\/\/lucacastelli.com\/prodotto\/helly-hansen-jr-versalite-jacket\/"},"modified":"2026-04-01T01:51:32","modified_gmt":"2026-03-31T23:51:32","slug":"helly-hansen-jr-versalite-jacket","status":"publish","type":"product","link":"https:\/\/lucacastelli.com\/de\/produkt\/helly-hansen-jr-versalite-jacket\/","title":{"rendered":"HELLY HANSEN JR VERSALITE JACKET"},"content":{"rendered":"<div class=\"productDetailsSection_productDescriptionSection__FDg0y\">\n<div class=\"productDescription_productDescription__sJIE6\" data-mt-type=\"product-description\">\n<div class=\"richtext_wrapper__Apw4P productDescription_productDescriptionContent__0A3VB\">Wir haben unsere Versalite Jacket f\u00fcr Jungen zum Wandern, Skifahren oder einfach nur zum Spielen im Freien entworfen. Das innovative Rastermuster des Fleece speichert die K\u00f6rperw\u00e4rme, leitet Feuchtigkeit ab und sorgt f\u00fcr W\u00e4rme und Atmungsaktivit\u00e4t. Das Material ist dehnbar und schnelltrocknend und die Jacke ist mit Handw\u00e4rmertaschen mit Rei\u00dfverschluss ausgestattet. Diese Jacke ist ideal als Au\u00dfenschicht bei k\u00fchlem Wetter oder als Zwischenschicht bei K\u00e4lte und wird sicher zu einem der Favoriten Ihrer Jungs.   <\/div>\n<\/div>\n<\/div>\n<div class=\"productCollapseSection_productCollapseSection__6fb5x\">\n<div class=\"productCollapseSection_productCollapseSectionTitle__1Vh_4\">\n<h2 class=\"heading_default__uXoxn heading_style--h3__iT44T\">Details<\/h2>\n<\/div>\n<div class=\"productCollapseSection_productCollapseSectionContent__VJCb7\">\n<div class=\"productDetails_productDetails__g_C4N\">\n<p>Faserzusammensetzung:<\/p>\n<div class=\"richtext_wrapper__Apw4P blocks_root__vE_15\">Obermaterial: 94% Polyester (Recycelt), 6% Elastan<\/div>\n<p>Pflegehinweise:<\/p>\n<div class=\"richtext_wrapper__Apw4P blocks_root__vE_15\">Schlie\u00dfe die Rei\u00dfverschl\u00fcsse vor dem Waschen. Nicht einweichen. Keinen Weichsp\u00fcler verwenden.   Dunkle Farben separat waschen. Auf links waschen. <\/div>\n<div class=\"productDetails_productDetailsCols__K1qqI\">\n<div class=\"productDetails_productDetailsRow__bHp5_\">\n<div class=\"blocks_mobileInlineWrapper__N_Soc\">Gewicht: 225 g<\/div>\n<\/div>\n<\/div>\n<\/div>\n<\/div>\n<\/div>\n<div class=\"productCollapseSection_productCollapseSection__6fb5x productFeatures_root__BqPE9 productFeatures_twoColumnsList__vArq2\">\n<div class=\"productCollapseSection_productCollapseSectionTitle__1Vh_4\">\n<h2 class=\"heading_default__uXoxn heading_style--h3__iT44T\">Eigenschaften<\/h2>\n<\/div>\n<div class=\"productCollapseSection_productCollapseSectionContent__VJCb7\">\n<ul>\n<li>Gittervlies<\/li>\n<li>Kinnschutz<\/li>\n<li>Eingrifftaschen mit sicherem Rei\u00dfverschluss<\/li>\n<li>Handw\u00e4rmertaschen mit atmungsaktivem Mesh-Gewebe<\/li>\n<li>Gesticktes Helly Hansen (HH) Logo<\/li>\n<li>bluesign\u00ae Produkt<\/li>\n<li>Dieses Produkt enth\u00e4lt mindestens 50 % recycelte Fasern gem\u00e4\u00df Recycled Claim Standard, zertifiziert von IDFL (TE-99972454).<\/li>\n<\/ul>\n<\/div>\n<\/div>\n","protected":false},"excerpt":{"rendered":"<p>Wir haben unsere Versalite Jacket f\u00fcr Jungen zum Wandern, Skifahren oder einfach nur zum Spielen im Freien entworfen. Das innovative<\/p>\n","protected":false},"featured_media":626622,"template":"","meta":{"_seopress_robots_primary_cat":"none","_seopress_titles_title":"","_seopress_titles_desc":"","_seopress_robots_index":""},"product_brand":[3425],"product_cat":[21,189,685],"product_tag":[],"class_list":{"0":"post-628384","1":"product","2":"type-product","3":"status-publish","4":"has-post-thumbnail","6":"product_brand-helly-hansen","7":"product_cat-abbigliamento","8":"product_cat-abbigliamento-per-il-tempo-libero","9":"product_cat-abbigliamento-da-bambino","10":"sws-gruppo-abb-libero-de","11":"sws-conto-ricavi-merci-rivendita-abbigliamento-de","12":"sws-gruppo-iva-iva81-de","14":"first","15":"instock","16":"shipping-taxable","17":"purchasable","18":"product-type-variable","19":"has-default-attributes"},"_links":{"self":[{"href":"https:\/\/lucacastelli.com\/de\/wp-json\/wp\/v2\/product\/628384","targetHints":{"allow":["GET"]}}],"collection":[{"href":"https:\/\/lucacastelli.com\/de\/wp-json\/wp\/v2\/product"}],"about":[{"href":"https:\/\/lucacastelli.com\/de\/wp-json\/wp\/v2\/types\/product"}],"wp:featuredmedia":[{"embeddable":true,"href":"https:\/\/lucacastelli.com\/de\/wp-json\/wp\/v2\/media\/626622"}],"wp:attachment":[{"href":"https:\/\/lucacastelli.com\/de\/wp-json\/wp\/v2\/media?parent=628384"}],"wp:term":[{"taxonomy":"product_brand","embeddable":true,"href":"https:\/\/lucacastelli.com\/de\/wp-json\/wp\/v2\/product_brand?post=628384"},{"taxonomy":"product_cat","embeddable":true,"href":"https:\/\/lucacastelli.com\/de\/wp-json\/wp\/v2\/product_cat?post=628384"},{"taxonomy":"product_tag","embeddable":true,"href":"https:\/\/lucacastelli.com\/de\/wp-json\/wp\/v2\/product_tag?post=628384"}],"curies":[{"name":"wp","href":"https:\/\/api.w.org\/{rel}","templated":true}]}}