{"id":628356,"date":"2023-07-17T18:47:50","date_gmt":"2023-07-17T16:47:50","guid":{"rendered":"https:\/\/lucacastelli.com\/prodotto\/akku-bohrschrauber-m18bdd-402x\/"},"modified":"2023-07-17T18:47:50","modified_gmt":"2023-07-17T16:47:50","slug":"akku-bohrschrauber-m18bdd-402x","status":"publish","type":"product","link":"https:\/\/lucacastelli.com\/de\/produkt\/akku-bohrschrauber-m18bdd-402x\/","title":{"rendered":"Akku-Bohrschrauber M18BDD-402X"},"content":{"rendered":"<p>Leichter und handlicher 18-Volt-Kompaktschrauber<br \/>\n\u00c4u\u00dferst handlich: nur 185 mm lang<br \/>\n4-poliger Motor f\u00fcr maximale Leistung im kompakten Design<br \/>\nREDLINK\u2122-Elektronik &#8211; \u00dcberlastungsschutz f\u00fcr lange Akkulaufzeit, Motor und Getriebe<br \/>\nStufenlose Drehzahlregelelektronik<br \/>\n17-stufige Drehmomenteinstellung + Bohrstufe<br \/>\nRechts-\/Linkslauf<br \/>\nSchnelle 13-mm-Metall-FIXTEC-Spindel mit Spindelarretierung<br \/>\nRobustes Metall-Getriebegeh\u00e4use<br \/>\nWeicher Griff<br \/>\nLED-Beleuchtung<br \/>\nAkkuladeanzeige<\/p>\n<p>Technische Daten:<br \/>\nBatteriespannung \/ Kapazit\u00e4t 18 V \/ 4,0 Ah<br \/>\nLeerlaufdrehzahl 1. \/ 2. Gang 0 &#8211; 450 \/ 0 &#8211; 1.800 min-1<br \/>\nMax. Drehmoment 60 Nm<br \/>\nMax. Bohr-\u00d8 Stahl \/ Holz 13 \/ 38 mm<br \/>\nHolzschrauben bis zu 8 mm<br \/>\nSpindelspannbereich 1,5 &#8211; 13 mm<br \/>\nGewicht mit Akku 2,0 kg <\/p>\n<p>Lieferumfang:<br \/>\n2 rote 18 V \/ 4,0 Ah Lithium-Ionen-Akkus<br \/>\nM12-18C Ladeger\u00e4t<br \/>\nG\u00fcrtelclip, Bithalter, Bit<br \/>\nHD-Box<\/p>\n","protected":false},"excerpt":{"rendered":"<p>Leichter und handlicher 18-Volt-Kompaktschrauber \u00c4u\u00dferst handlich: nur 185 mm lang 4-poliger Motor f\u00fcr maximale Leistung im kompakten Design REDLINK\u2122-Elektronik &#8211;<\/p>\n","protected":false},"featured_media":57131,"template":"","meta":{"_seopress_robots_primary_cat":"","_seopress_titles_title":"","_seopress_titles_desc":"","_seopress_robots_index":""},"product_brand":[3407],"product_cat":[29,514,549],"product_tag":[],"class_list":{"0":"post-628356","1":"product","2":"type-product","3":"status-publish","4":"has-post-thumbnail","6":"product_brand-milwaukee","7":"product_cat-macchinari","8":"product_cat-altri-dispositivi","9":"product_cat-trapani-e-avvitatori","11":"first","12":"onbackorder","13":"shipping-taxable","14":"purchasable","15":"product-type-simple"},"_links":{"self":[{"href":"https:\/\/lucacastelli.com\/de\/wp-json\/wp\/v2\/product\/628356","targetHints":{"allow":["GET"]}}],"collection":[{"href":"https:\/\/lucacastelli.com\/de\/wp-json\/wp\/v2\/product"}],"about":[{"href":"https:\/\/lucacastelli.com\/de\/wp-json\/wp\/v2\/types\/product"}],"wp:featuredmedia":[{"embeddable":true,"href":"https:\/\/lucacastelli.com\/de\/wp-json\/wp\/v2\/media\/57131"}],"wp:attachment":[{"href":"https:\/\/lucacastelli.com\/de\/wp-json\/wp\/v2\/media?parent=628356"}],"wp:term":[{"taxonomy":"product_brand","embeddable":true,"href":"https:\/\/lucacastelli.com\/de\/wp-json\/wp\/v2\/product_brand?post=628356"},{"taxonomy":"product_cat","embeddable":true,"href":"https:\/\/lucacastelli.com\/de\/wp-json\/wp\/v2\/product_cat?post=628356"},{"taxonomy":"product_tag","embeddable":true,"href":"https:\/\/lucacastelli.com\/de\/wp-json\/wp\/v2\/product_tag?post=628356"}],"curies":[{"name":"wp","href":"https:\/\/api.w.org\/{rel}","templated":true}]}}