{"id":628355,"date":"2023-08-25T11:03:11","date_gmt":"2023-08-25T09:03:11","guid":{"rendered":"https:\/\/lucacastelli.com\/prodotto\/3-x-k80-3-x-k120-3-x-k180-1-x-zwischenplatte-schleifblaetter-netzstruktur-fuer-exzenterschleifer-125-mm\/"},"modified":"2023-08-25T11:03:11","modified_gmt":"2023-08-25T09:03:11","slug":"3-x-k80-3-x-k120-3-x-k180-1-x-zwischenplatte-schleifblaetter-netzstruktur-fuer-exzenterschleifer-125-mm","status":"publish","type":"product","link":"https:\/\/lucacastelli.com\/de\/produkt\/3-x-k80-3-x-k120-3-x-k180-1-x-zwischenplatte-schleifblaetter-netzstruktur-fuer-exzenterschleifer-125-mm\/","title":{"rendered":"3 x K80, 3 x K120, 3 x K180, 1 x Zwischenplatte Schleifbl\u00e4tter Netzstruktur f\u00fcr Exzenterschleifer 125 mm"},"content":{"rendered":"<p>Produktbeschreibung<br \/>\nPG Mesh Schleifscheibe: 3 x Korn 80 \/ 3 x Korn 120 \/ 3 x Korn 180, 1 x Pad Saver<\/p>\n<p>Kunststoffgewebe mit offenem Aluminiumoxidkorn f\u00fcr beste Abtragsleistung und feines Finish.<\/p>\n<p>Die Netzstruktur garantiert 99% staubfreies und verstopfungsfreies Schleifen. Die Reduzierung von Verstopfungen und Staubansammlungen auf der Arbeitsfl\u00e4che sorgt f\u00fcr eine l\u00e4ngere Lebensdauer und ein besseres Finish. <\/p>\n<p>Keine vorgesehenen L\u00f6cher f\u00fcr eine schnelle Ausrichtung der Staubl\u00f6cher und Kompatibilit\u00e4t mit allen St\u00fctztellern des Wettbewerbs.<\/p>\n<p>Leicht zu reinigen und wiederzuverwenden (Waschen oder Ausblasen).<\/p>\n<p>H\u00e4lt 3-mal l\u00e4nger als herk\u00f6mmliches Schleifpapier.<\/p>\n<p>Geeignet f\u00fcr alle Arten von Metall, Holz, Farbe, Putz, Stuck und Lack.<\/p>\n<p>Die Verwendung eines Polsterschoners wird empfohlen.<\/p>\n<p>Power Grid Mesh 125 mm Schleifbl\u00e4tter sind f\u00fcr M18BOS125 und ROS 125 E geeignet.<\/p>\n","protected":false},"excerpt":{"rendered":"<p>Produktbeschreibung PG Mesh Schleifscheibe: 3 x Korn 80 \/ 3 x Korn 120 \/ 3 x Korn 180, 1 x<\/p>\n","protected":false},"featured_media":57195,"template":"","meta":{"_seopress_robots_primary_cat":"","_seopress_titles_title":"","_seopress_titles_desc":"","_seopress_robots_index":""},"product_brand":[3407],"product_cat":[29,514,554],"product_tag":[],"class_list":{"0":"post-628355","1":"product","2":"type-product","3":"status-publish","4":"has-post-thumbnail","6":"product_brand-milwaukee","7":"product_cat-macchinari","8":"product_cat-altri-dispositivi","9":"product_cat-spazzole","11":"first","12":"onbackorder","13":"shipping-taxable","14":"purchasable","15":"product-type-simple"},"_links":{"self":[{"href":"https:\/\/lucacastelli.com\/de\/wp-json\/wp\/v2\/product\/628355","targetHints":{"allow":["GET"]}}],"collection":[{"href":"https:\/\/lucacastelli.com\/de\/wp-json\/wp\/v2\/product"}],"about":[{"href":"https:\/\/lucacastelli.com\/de\/wp-json\/wp\/v2\/types\/product"}],"wp:featuredmedia":[{"embeddable":true,"href":"https:\/\/lucacastelli.com\/de\/wp-json\/wp\/v2\/media\/57195"}],"wp:attachment":[{"href":"https:\/\/lucacastelli.com\/de\/wp-json\/wp\/v2\/media?parent=628355"}],"wp:term":[{"taxonomy":"product_brand","embeddable":true,"href":"https:\/\/lucacastelli.com\/de\/wp-json\/wp\/v2\/product_brand?post=628355"},{"taxonomy":"product_cat","embeddable":true,"href":"https:\/\/lucacastelli.com\/de\/wp-json\/wp\/v2\/product_cat?post=628355"},{"taxonomy":"product_tag","embeddable":true,"href":"https:\/\/lucacastelli.com\/de\/wp-json\/wp\/v2\/product_tag?post=628355"}],"curies":[{"name":"wp","href":"https:\/\/api.w.org\/{rel}","templated":true}]}}