{"id":628340,"date":"2023-07-02T15:25:20","date_gmt":"2023-07-02T13:25:20","guid":{"rendered":"https:\/\/lucacastelli.com\/prodotto\/akku-mini-polierer-m12bps-0\/"},"modified":"2023-07-02T15:25:20","modified_gmt":"2023-07-02T13:25:20","slug":"akku-mini-polierer-m12bps-0","status":"publish","type":"product","link":"https:\/\/lucacastelli.com\/de\/produkt\/akku-mini-polierer-m12bps-0\/","title":{"rendered":"Akku-Mini-Polierer M12BPS-0"},"content":{"rendered":"<p>\u00c4u\u00dferst handlich: nur 130 mm lang<br \/>\n2-Gang-Getriebe mit Drehzahl-Elektronik f\u00fcr pr\u00e4zise Polier- und Schleifarbeiten<br \/>\nREDLINK\u2122-Elektronik &#8211; \u00dcberlastungsschutz f\u00fcr lange Akkulaufzeit, Motor und Getriebe<br \/>\n76-mm-Polierscheibe und 51-mm-Schleifscheibe f\u00fcr schnellen Arbeitsfortschritt<br \/>\nSpindelarretierung f\u00fcr schnellen, werkzeuglosen Wechsel des Zubeh\u00f6rs<br \/>\nRobustes Metallgetriebegeh\u00e4use<br \/>\nSoft-Grip-Pad<br \/>\nAkku-Ladestandsanzeige<\/p>\n<p>Technische Daten:<br \/>\nBatteriespannung \/ Kapazit\u00e4t 12 V \/ 4,0 + 2,0 Ah<br \/>\nLeerlaufdrehzahl 1. \/ 2. Gang 0 &#8211; 2.800 \/ 0 &#8211; 8.300 min-1<br \/>\nTeller \u00d8 Polieren \/ Schleifen 76 \/ 51 mm<br \/>\nSpindelgewinde M9 x 0,75<br \/>\nGewicht mit Batterie 1,0 kg<\/p>\n<p>Lieferumfang:<br \/>\nZusatzgriff<br \/>\nPolierscheibe<br \/>\nPolierscheibe<br \/>\nHarter Polierschwamm<br \/>\nWeicher Polierschwamm<br \/>\nLambswool-Polierscheibe<br \/>\nOHNE BATTERIEN, OHNE LADEN, OHNE KASSE<\/p>\n","protected":false},"excerpt":{"rendered":"<p>\u00c4u\u00dferst handlich: nur 130 mm lang 2-Gang-Getriebe mit Drehzahl-Elektronik f\u00fcr pr\u00e4zise Polier- und Schleifarbeiten REDLINK\u2122-Elektronik &#8211; \u00dcberlastungsschutz f\u00fcr lange Akkulaufzeit,<\/p>\n","protected":false},"featured_media":57000,"template":"","meta":{"_seopress_robots_primary_cat":"","_seopress_titles_title":"","_seopress_titles_desc":"","_seopress_robots_index":""},"product_brand":[3656],"product_cat":[1454,1548,169],"product_tag":[],"class_list":{"0":"post-628340","1":"product","2":"type-product","3":"status-publish","4":"has-post-thumbnail","6":"product_brand-milwaukee-de","7":"product_cat-andere-gerate","8":"product_cat-bursten","9":"product_cat-maschinen","10":"sws-gruppo-macchinari-de","11":"sws-conto-ricavi-merci-rivendita-macchinari-de","12":"sws-gruppo-iva-iva81-de","14":"first","15":"onbackorder","16":"sale","17":"shipping-taxable","18":"purchasable","19":"product-type-simple"},"_links":{"self":[{"href":"https:\/\/lucacastelli.com\/de\/wp-json\/wp\/v2\/product\/628340","targetHints":{"allow":["GET"]}}],"collection":[{"href":"https:\/\/lucacastelli.com\/de\/wp-json\/wp\/v2\/product"}],"about":[{"href":"https:\/\/lucacastelli.com\/de\/wp-json\/wp\/v2\/types\/product"}],"wp:featuredmedia":[{"embeddable":true,"href":"https:\/\/lucacastelli.com\/de\/wp-json\/wp\/v2\/media\/57000"}],"wp:attachment":[{"href":"https:\/\/lucacastelli.com\/de\/wp-json\/wp\/v2\/media?parent=628340"}],"wp:term":[{"taxonomy":"product_brand","embeddable":true,"href":"https:\/\/lucacastelli.com\/de\/wp-json\/wp\/v2\/product_brand?post=628340"},{"taxonomy":"product_cat","embeddable":true,"href":"https:\/\/lucacastelli.com\/de\/wp-json\/wp\/v2\/product_cat?post=628340"},{"taxonomy":"product_tag","embeddable":true,"href":"https:\/\/lucacastelli.com\/de\/wp-json\/wp\/v2\/product_tag?post=628340"}],"curies":[{"name":"wp","href":"https:\/\/api.w.org\/{rel}","templated":true}]}}