{"id":628322,"date":"2023-06-16T14:56:10","date_gmt":"2023-06-16T12:56:10","guid":{"rendered":"https:\/\/lucacastelli.com\/prodotto\/5-6-x-115-mm-6-8-10-x-165-mm-12-x-160-mm-hammerbohrer-mx4-sds-plus-kassette-7-teilig\/"},"modified":"2023-06-16T14:56:10","modified_gmt":"2023-06-16T12:56:10","slug":"5-6-x-115-mm-6-8-10-x-165-mm-12-x-160-mm-hammerbohrer-mx4-sds-plus-kassette-7-teilig","status":"publish","type":"product","link":"https:\/\/lucacastelli.com\/de\/produkt\/5-6-x-115-mm-6-8-10-x-165-mm-12-x-160-mm-hammerbohrer-mx4-sds-plus-kassette-7-teilig\/","title":{"rendered":"5\/6 x 115 mm, 6\/8\/10 x 165 mm, 12 x 160 mm Hammerbohrer MX4 SDS-Plus Kassette 7-teilig"},"content":{"rendered":"<p>Inhalt:<br \/>\n\u00d8 5,5 x 165 mm<br \/>\n\u00d8 6 x 115 mm<br \/>\n\u00d8 5 x 165 mm<br \/>\n\u00d8 5,5 x 165 mm<br \/>\n\u00d8 6 x 165 mm<br \/>\n\u00d8 8 x 165 mm<br \/>\n\u00d8 10 x 165 mm<\/p>\n","protected":false},"excerpt":{"rendered":"<p>Inhalt: \u00d8 5,5 x 165 mm \u00d8 6 x 115 mm \u00d8 5 x 165 mm \u00d8 5,5 x 165<\/p>\n","protected":false},"featured_media":56647,"template":"","meta":{"_seopress_robots_primary_cat":"","_seopress_titles_title":"","_seopress_titles_desc":"","_seopress_robots_index":""},"product_brand":[3656],"product_cat":[1454,1553,169,1554],"product_tag":[],"class_list":{"0":"post-628322","1":"product","2":"type-product","3":"status-publish","4":"has-post-thumbnail","6":"product_brand-milwaukee-de","7":"product_cat-andere-gerate","8":"product_cat-bohrer-und-schraubendreher","9":"product_cat-maschinen","10":"product_cat-zubehor-fur-bohrmaschinen-und-schraubendreher","12":"first","13":"instock","14":"shipping-taxable","15":"purchasable","16":"product-type-simple"},"_links":{"self":[{"href":"https:\/\/lucacastelli.com\/de\/wp-json\/wp\/v2\/product\/628322","targetHints":{"allow":["GET"]}}],"collection":[{"href":"https:\/\/lucacastelli.com\/de\/wp-json\/wp\/v2\/product"}],"about":[{"href":"https:\/\/lucacastelli.com\/de\/wp-json\/wp\/v2\/types\/product"}],"wp:featuredmedia":[{"embeddable":true,"href":"https:\/\/lucacastelli.com\/de\/wp-json\/wp\/v2\/media\/56647"}],"wp:attachment":[{"href":"https:\/\/lucacastelli.com\/de\/wp-json\/wp\/v2\/media?parent=628322"}],"wp:term":[{"taxonomy":"product_brand","embeddable":true,"href":"https:\/\/lucacastelli.com\/de\/wp-json\/wp\/v2\/product_brand?post=628322"},{"taxonomy":"product_cat","embeddable":true,"href":"https:\/\/lucacastelli.com\/de\/wp-json\/wp\/v2\/product_cat?post=628322"},{"taxonomy":"product_tag","embeddable":true,"href":"https:\/\/lucacastelli.com\/de\/wp-json\/wp\/v2\/product_tag?post=628322"}],"curies":[{"name":"wp","href":"https:\/\/api.w.org\/{rel}","templated":true}]}}