{"id":628318,"date":"2023-06-16T14:18:27","date_gmt":"2023-06-16T12:18:27","guid":{"rendered":"https:\/\/lucacastelli.com\/prodotto\/kratzfest-beschlagfrei-schutzbrille-klar\/"},"modified":"2023-06-16T14:18:27","modified_gmt":"2023-06-16T12:18:27","slug":"kratzfest-beschlagfrei-schutzbrille-klar","status":"publish","type":"product","link":"https:\/\/lucacastelli.com\/de\/produkt\/kratzfest-beschlagfrei-schutzbrille-klar\/","title":{"rendered":"kratzfest &amp; beschlagfrei Schutzbrille klar"},"content":{"rendered":"<p>Reduziertes Gewicht f\u00fcr hohen Komfort bei l\u00e4ngerem Gebrauch.<br \/>\nVerstellbares und abnehmbares Nasenpolster f\u00fcr optimale Anpassung an alle Gesichtsformen.<br \/>\nBequeme und flexible B\u00fcgel f\u00fcr erh\u00f6hten Komfort.<br \/>\nTransparente und get\u00f6nte Versionen erm\u00f6glichen flexiblen Augenschutz f\u00fcr Arbeiten im Innen- und Au\u00dfenbereich.<br \/>\nEurop\u00e4isches Zertifikat: EN166 und EN 170 \/ 172.<br \/>\nScheibenfarbe: klar<br \/>\nGewicht: 25 g<br \/>\nKlassifizierung: MT 166 FT CE \/ 2C-1.2 MT 1FT CE<br \/>\nVerpackungsart: Polybeutel<\/p>\n","protected":false},"excerpt":{"rendered":"<p>Reduziertes Gewicht f\u00fcr hohen Komfort bei l\u00e4ngerem Gebrauch. Verstellbares und abnehmbares Nasenpolster f\u00fcr optimale Anpassung an alle Gesichtsformen. Bequeme und<\/p>\n","protected":false},"featured_media":91885,"template":"","meta":{"_seopress_robots_primary_cat":"","_seopress_titles_title":"","_seopress_titles_desc":"","_seopress_robots_index":""},"product_brand":[3407],"product_cat":[33,537,815,816],"product_tag":[],"class_list":{"0":"post-628318","1":"product","2":"type-product","3":"status-publish","4":"has-post-thumbnail","6":"product_brand-milwaukee","7":"product_cat-attrezzature","8":"product_cat-attrezzatura-da-lavoro","9":"product_cat-caschi","10":"product_cat-visiere-e-occhiali-protettivi","12":"first","13":"instock","14":"shipping-taxable","15":"purchasable","16":"product-type-simple"},"_links":{"self":[{"href":"https:\/\/lucacastelli.com\/de\/wp-json\/wp\/v2\/product\/628318","targetHints":{"allow":["GET"]}}],"collection":[{"href":"https:\/\/lucacastelli.com\/de\/wp-json\/wp\/v2\/product"}],"about":[{"href":"https:\/\/lucacastelli.com\/de\/wp-json\/wp\/v2\/types\/product"}],"wp:featuredmedia":[{"embeddable":true,"href":"https:\/\/lucacastelli.com\/de\/wp-json\/wp\/v2\/media\/91885"}],"wp:attachment":[{"href":"https:\/\/lucacastelli.com\/de\/wp-json\/wp\/v2\/media?parent=628318"}],"wp:term":[{"taxonomy":"product_brand","embeddable":true,"href":"https:\/\/lucacastelli.com\/de\/wp-json\/wp\/v2\/product_brand?post=628318"},{"taxonomy":"product_cat","embeddable":true,"href":"https:\/\/lucacastelli.com\/de\/wp-json\/wp\/v2\/product_cat?post=628318"},{"taxonomy":"product_tag","embeddable":true,"href":"https:\/\/lucacastelli.com\/de\/wp-json\/wp\/v2\/product_tag?post=628318"}],"curies":[{"name":"wp","href":"https:\/\/api.w.org\/{rel}","templated":true}]}}