{"id":628315,"date":"2023-06-16T14:05:57","date_gmt":"2023-06-16T12:05:57","guid":{"rendered":"https:\/\/lucacastelli.com\/prodotto\/10-cm-lange-wasserwaage-minibox\/"},"modified":"2023-06-16T14:05:57","modified_gmt":"2023-06-16T12:05:57","slug":"10-cm-lange-wasserwaage-minibox","status":"publish","type":"product","link":"https:\/\/lucacastelli.com\/de\/produkt\/10-cm-lange-wasserwaage-minibox\/","title":{"rendered":"10 cm lange Wasserwaage Minibox"},"content":{"rendered":"<p>Leichte Wasserwaage mit Aluminiumprofil, die in jede Tasche oder Werkzeugkiste passt.<br \/>\nRobuste, sto\u00dffeste und UV-best\u00e4ndige Acryl-Wasserwaage.<br \/>\nSto\u00dffeste Endkappen.<br \/>\nMessgenauigkeit von 0,029\u00b0 (0,5 mm\/m).<br \/>\nGenauigkeit zertifiziert durch VPA.<\/p>\n","protected":false},"excerpt":{"rendered":"<p>Leichte Wasserwaage mit Aluminiumprofil, die in jede Tasche oder Werkzeugkiste passt. Robuste, sto\u00dffeste und UV-best\u00e4ndige Acryl-Wasserwaage. Sto\u00dffeste Endkappen. Messgenauigkeit von<\/p>\n","protected":false},"featured_media":56612,"template":"","meta":{"_seopress_robots_primary_cat":"","_seopress_titles_title":"","_seopress_titles_desc":"","_seopress_robots_index":""},"product_brand":[3656],"product_cat":[1454,169,1470],"product_tag":[],"class_list":{"0":"post-628315","1":"product","2":"type-product","3":"status-publish","4":"has-post-thumbnail","6":"product_brand-milwaukee-de","7":"product_cat-andere-gerate","8":"product_cat-maschinen","9":"product_cat-messgerate","11":"first","12":"instock","13":"shipping-taxable","14":"purchasable","15":"product-type-simple"},"_links":{"self":[{"href":"https:\/\/lucacastelli.com\/de\/wp-json\/wp\/v2\/product\/628315","targetHints":{"allow":["GET"]}}],"collection":[{"href":"https:\/\/lucacastelli.com\/de\/wp-json\/wp\/v2\/product"}],"about":[{"href":"https:\/\/lucacastelli.com\/de\/wp-json\/wp\/v2\/types\/product"}],"wp:featuredmedia":[{"embeddable":true,"href":"https:\/\/lucacastelli.com\/de\/wp-json\/wp\/v2\/media\/56612"}],"wp:attachment":[{"href":"https:\/\/lucacastelli.com\/de\/wp-json\/wp\/v2\/media?parent=628315"}],"wp:term":[{"taxonomy":"product_brand","embeddable":true,"href":"https:\/\/lucacastelli.com\/de\/wp-json\/wp\/v2\/product_brand?post=628315"},{"taxonomy":"product_cat","embeddable":true,"href":"https:\/\/lucacastelli.com\/de\/wp-json\/wp\/v2\/product_cat?post=628315"},{"taxonomy":"product_tag","embeddable":true,"href":"https:\/\/lucacastelli.com\/de\/wp-json\/wp\/v2\/product_tag?post=628315"}],"curies":[{"name":"wp","href":"https:\/\/api.w.org\/{rel}","templated":true}]}}