{"id":628311,"date":"2023-06-16T14:06:53","date_gmt":"2023-06-16T12:06:53","guid":{"rendered":"https:\/\/lucacastelli.com\/prodotto\/bis-15-kg-werkzeugsicherungsgurt-dynamisch\/"},"modified":"2023-06-16T14:06:53","modified_gmt":"2023-06-16T12:06:53","slug":"bis-15-kg-werkzeugsicherungsgurt-dynamisch","status":"publish","type":"product","link":"https:\/\/lucacastelli.com\/de\/produkt\/bis-15-kg-werkzeugsicherungsgurt-dynamisch\/","title":{"rendered":"bis 15 kg Werkzeugsicherungsgurt dynamisch"},"content":{"rendered":"<p>Die Aufpralld\u00e4mpfung reguliert die Fallgeschwindigkeit des Werkzeugs und verringert so die Wucht des Sturzes.<br \/>\nDer Karabiner mit 2-Wege-\u00d6ffnung erm\u00f6glicht eine sichere Verbindung, die sich nicht ungewollt l\u00f6sen kann.<br \/>\nDas integrierte Drehgelenk verhindert ein Abknicken oder Verheddern und erm\u00f6glicht eine gr\u00f6\u00dfere Mobilit\u00e4t.<br \/>\nFarbcodierung zur einfachen Unterscheidung des zul\u00e4ssigen Gesamtgewichts.<br \/>\nMit zus\u00e4tzlichem Zubeh\u00f6r k\u00f6nnen alle Werkzeuge mit Absturzsicherungsausr\u00fcstung gesichert werden.<br \/>\nFarbcode: Grau<br \/>\nTragf\u00e4higkeit: 15,8 kg<\/p>\n","protected":false},"excerpt":{"rendered":"<p>Die Aufpralld\u00e4mpfung reguliert die Fallgeschwindigkeit des Werkzeugs und verringert so die Wucht des Sturzes. Der Karabiner mit 2-Wege-\u00d6ffnung erm\u00f6glicht eine<\/p>\n","protected":false},"featured_media":91880,"template":"","meta":{"_seopress_robots_primary_cat":"","_seopress_titles_title":"","_seopress_titles_desc":"","_seopress_robots_index":""},"product_brand":[3656],"product_cat":[1396,150,1494],"product_tag":[],"class_list":{"0":"post-628311","1":"product","2":"type-product","3":"status-publish","4":"has-post-thumbnail","6":"product_brand-milwaukee-de","7":"product_cat-arbeitsausrustung","8":"product_cat-ausrustung","9":"product_cat-sonstige-arbeitsausrustung","11":"first","12":"instock","13":"shipping-taxable","14":"purchasable","15":"product-type-simple"},"_links":{"self":[{"href":"https:\/\/lucacastelli.com\/de\/wp-json\/wp\/v2\/product\/628311","targetHints":{"allow":["GET"]}}],"collection":[{"href":"https:\/\/lucacastelli.com\/de\/wp-json\/wp\/v2\/product"}],"about":[{"href":"https:\/\/lucacastelli.com\/de\/wp-json\/wp\/v2\/types\/product"}],"wp:featuredmedia":[{"embeddable":true,"href":"https:\/\/lucacastelli.com\/de\/wp-json\/wp\/v2\/media\/91880"}],"wp:attachment":[{"href":"https:\/\/lucacastelli.com\/de\/wp-json\/wp\/v2\/media?parent=628311"}],"wp:term":[{"taxonomy":"product_brand","embeddable":true,"href":"https:\/\/lucacastelli.com\/de\/wp-json\/wp\/v2\/product_brand?post=628311"},{"taxonomy":"product_cat","embeddable":true,"href":"https:\/\/lucacastelli.com\/de\/wp-json\/wp\/v2\/product_cat?post=628311"},{"taxonomy":"product_tag","embeddable":true,"href":"https:\/\/lucacastelli.com\/de\/wp-json\/wp\/v2\/product_tag?post=628311"}],"curies":[{"name":"wp","href":"https:\/\/api.w.org\/{rel}","templated":true}]}}