{"id":628308,"date":"2023-06-16T13:28:07","date_gmt":"2023-06-16T11:28:07","guid":{"rendered":"https:\/\/lucacastelli.com\/prodotto\/190-30-mm-z24-wechselzahn-kreissaegeblatt-holz-fuer-handkreissaegen\/"},"modified":"2023-06-16T13:28:07","modified_gmt":"2023-06-16T11:28:07","slug":"190-30-mm-z24-wechselzahn-kreissaegeblatt-holz-fuer-handkreissaegen","status":"publish","type":"product","link":"https:\/\/lucacastelli.com\/de\/produkt\/190-30-mm-z24-wechselzahn-kreissaegeblatt-holz-fuer-handkreissaegen\/","title":{"rendered":"190\/30 mm Z24 Wechselzahn Kreiss\u00e4geblatt Holz f\u00fcr Handkreiss\u00e4gen"},"content":{"rendered":"<p>PTFE (Teflon)-Beschichtung: reduziert die Reibung f\u00fcr schnellere, k\u00fchlere Schnitte. Sch\u00fctzt vor Korrosion und Harzablagerungen.<br \/>\nLasergeschnittene Vibrationsd\u00e4mpfungsschlitze: f\u00fcr geringere Vibrationen und pr\u00e4zisere Schnitte. Die Schlitze sind mit Polyurethan gef\u00fcllt und wirken wie Sto\u00dfd\u00e4mpfer, die verhindern, dass Vibrationen die Hartmetallz\u00e4hne erreichen.<br \/>\nHochwertiger lasergeschnittener Stahl: garantiert pr\u00e4zise Schnitte.<br \/>\nKobalt-Hartmetallz\u00e4hne: bleiben l\u00e4nger scharf und garantieren saubere Schnitte.<br \/>\n*KERF THIN: optimiert f\u00fcr Akku-Werkzeuge, extra d\u00fcnne Schnittbreite f\u00fcr lange Lebensdauer pro Akkuladung.<br \/>\n*Alle Holzarten: Weich-\/Hartholz, Sperrholz, beschichtete Platten, Melamin, MDF.<br \/>\n**Standardklingen ohne Teflonbeschichtung und Vibrationsschlitze.  <\/p>\n<p>Technische Daten:<\/p>\n<p>Durchmesser: 190 mm<br \/>\nBohrung: 30 mm<br \/>\nAnzahl der Z\u00e4hne: 24<br \/>\nZahnform: ATB<br \/>\nFreiwinkel: +15<br \/>\nSchnittbreite: 1,6 mm<\/p>\n<p>Umfang der Lieferung:<\/p>\n<p>1x Klinge f\u00fcr Kreiss\u00e4ge f\u00fcr Holz f\u00fcr Akku-Handkreiss\u00e4gen 190x30mm, Z24<\/p>\n","protected":false},"excerpt":{"rendered":"<p>PTFE (Teflon)-Beschichtung: reduziert die Reibung f\u00fcr schnellere, k\u00fchlere Schnitte. Sch\u00fctzt vor Korrosion und Harzablagerungen. Lasergeschnittene Vibrationsd\u00e4mpfungsschlitze: f\u00fcr geringere Vibrationen und<\/p>\n","protected":false},"featured_media":56582,"template":"","meta":{"_seopress_robots_primary_cat":"","_seopress_titles_title":"","_seopress_titles_desc":"","_seopress_robots_index":""},"product_brand":[3656],"product_cat":[1454,1542,169],"product_tag":[],"class_list":{"0":"post-628308","1":"product","2":"type-product","3":"status-publish","4":"has-post-thumbnail","6":"product_brand-milwaukee-de","7":"product_cat-andere-gerate","8":"product_cat-holzspalter-und-kreissagen","9":"product_cat-maschinen","11":"first","12":"instock","13":"shipping-taxable","14":"purchasable","15":"product-type-simple"},"_links":{"self":[{"href":"https:\/\/lucacastelli.com\/de\/wp-json\/wp\/v2\/product\/628308","targetHints":{"allow":["GET"]}}],"collection":[{"href":"https:\/\/lucacastelli.com\/de\/wp-json\/wp\/v2\/product"}],"about":[{"href":"https:\/\/lucacastelli.com\/de\/wp-json\/wp\/v2\/types\/product"}],"wp:featuredmedia":[{"embeddable":true,"href":"https:\/\/lucacastelli.com\/de\/wp-json\/wp\/v2\/media\/56582"}],"wp:attachment":[{"href":"https:\/\/lucacastelli.com\/de\/wp-json\/wp\/v2\/media?parent=628308"}],"wp:term":[{"taxonomy":"product_brand","embeddable":true,"href":"https:\/\/lucacastelli.com\/de\/wp-json\/wp\/v2\/product_brand?post=628308"},{"taxonomy":"product_cat","embeddable":true,"href":"https:\/\/lucacastelli.com\/de\/wp-json\/wp\/v2\/product_cat?post=628308"},{"taxonomy":"product_tag","embeddable":true,"href":"https:\/\/lucacastelli.com\/de\/wp-json\/wp\/v2\/product_tag?post=628308"}],"curies":[{"name":"wp","href":"https:\/\/api.w.org\/{rel}","templated":true}]}}