{"id":628301,"date":"2023-06-16T13:27:37","date_gmt":"2023-06-16T11:27:37","guid":{"rendered":"https:\/\/lucacastelli.com\/prodotto\/175-mm-shockwave-verlaengerung-fuer-schlagnuesse-3-4\/"},"modified":"2023-06-16T13:27:37","modified_gmt":"2023-06-16T11:27:37","slug":"175-mm-shockwave-verlaengerung-fuer-schlagnuesse-3-4","status":"publish","type":"product","link":"https:\/\/lucacastelli.com\/de\/produkt\/175-mm-shockwave-verlaengerung-fuer-schlagnuesse-3-4\/","title":{"rendered":"175 mm SHOCKWAVE Verl\u00e4ngerung f\u00fcr Schlagn\u00fcsse 3\/4&#8243;"},"content":{"rendered":"<p>SHOCKWAVE Verl\u00e4ngerung f\u00fcr Hammermuttern 3\/4&#8243; 175 mm<\/p>\n","protected":false},"excerpt":{"rendered":"<p>SHOCKWAVE Verl\u00e4ngerung f\u00fcr Hammermuttern 3\/4&#8243; 175 mm<\/p>\n","protected":false},"featured_media":56577,"template":"","meta":{"_seopress_robots_primary_cat":"","_seopress_titles_title":"","_seopress_titles_desc":"","_seopress_robots_index":""},"product_brand":[3407],"product_cat":[29,514,549,550],"product_tag":[],"class_list":{"0":"post-628301","1":"product","2":"type-product","3":"status-publish","4":"has-post-thumbnail","6":"product_brand-milwaukee","7":"product_cat-macchinari","8":"product_cat-altri-dispositivi","9":"product_cat-trapani-e-avvitatori","10":"product_cat-accessori-per-trapani-ed-avvitatori","12":"first","13":"instock","14":"shipping-taxable","15":"purchasable","16":"product-type-simple"},"_links":{"self":[{"href":"https:\/\/lucacastelli.com\/de\/wp-json\/wp\/v2\/product\/628301","targetHints":{"allow":["GET"]}}],"collection":[{"href":"https:\/\/lucacastelli.com\/de\/wp-json\/wp\/v2\/product"}],"about":[{"href":"https:\/\/lucacastelli.com\/de\/wp-json\/wp\/v2\/types\/product"}],"wp:featuredmedia":[{"embeddable":true,"href":"https:\/\/lucacastelli.com\/de\/wp-json\/wp\/v2\/media\/56577"}],"wp:attachment":[{"href":"https:\/\/lucacastelli.com\/de\/wp-json\/wp\/v2\/media?parent=628301"}],"wp:term":[{"taxonomy":"product_brand","embeddable":true,"href":"https:\/\/lucacastelli.com\/de\/wp-json\/wp\/v2\/product_brand?post=628301"},{"taxonomy":"product_cat","embeddable":true,"href":"https:\/\/lucacastelli.com\/de\/wp-json\/wp\/v2\/product_cat?post=628301"},{"taxonomy":"product_tag","embeddable":true,"href":"https:\/\/lucacastelli.com\/de\/wp-json\/wp\/v2\/product_tag?post=628301"}],"curies":[{"name":"wp","href":"https:\/\/api.w.org\/{rel}","templated":true}]}}