{"id":628293,"date":"2023-06-15T18:58:25","date_gmt":"2023-06-15T16:58:25","guid":{"rendered":"https:\/\/lucacastelli.com\/prodotto\/schnellladegeraet-m12-18fc\/"},"modified":"2023-06-15T18:58:25","modified_gmt":"2023-06-15T16:58:25","slug":"schnellladegeraet-m12-18fc","status":"publish","type":"product","link":"https:\/\/lucacastelli.com\/de\/produkt\/schnellladegeraet-m12-18fc\/","title":{"rendered":"Schnellladeger\u00e4t M12-18FC"},"content":{"rendered":"<p>Technische Daten:<\/p>\n<p>Lithium-Ionen-Akku<br \/>\nAkkukapazit\u00e4t (Ah) 2.0, 4.0, 5.0, 6.0, 9.0, 3.0, 5.5, 8.0, 12.0<br \/>\nF\u00fcr Li-Ionen-Batterien Ja<br \/>\nF\u00fcr NiCd-Batterien Nein<br \/>\nF\u00fcr NiMH-Batterien Nein<br \/>\nBatterieladeger\u00e4t (Ladezeit) (min) 26\/47\/59\/68\/95<br \/>\nSystem M12, M14, M18<br \/>\nLadezeit (min) 26\/47\/59\/68\/95\/35\/60\/87\/130<\/p>\n","protected":false},"excerpt":{"rendered":"<p>Technische Daten: Lithium-Ionen-Akku Akkukapazit\u00e4t (Ah) 2.0, 4.0, 5.0, 6.0, 9.0, 3.0, 5.5, 8.0, 12.0 F\u00fcr Li-Ionen-Batterien Ja F\u00fcr NiCd-Batterien Nein<\/p>\n","protected":false},"featured_media":56431,"template":"","meta":{"_seopress_robots_primary_cat":"","_seopress_titles_title":"","_seopress_titles_desc":"","_seopress_robots_index":""},"product_brand":[3656],"product_cat":[169,1454,1553,1554],"product_tag":[],"class_list":{"0":"post-628293","1":"product","2":"type-product","3":"status-publish","4":"has-post-thumbnail","6":"product_brand-milwaukee-de","7":"product_cat-maschinen","8":"product_cat-andere-gerate","9":"product_cat-bohrer-und-schraubendreher","10":"product_cat-zubehor-fur-bohrmaschinen-und-schraubendreher","12":"first","13":"instock","14":"sale","15":"shipping-taxable","16":"purchasable","17":"product-type-simple"},"_links":{"self":[{"href":"https:\/\/lucacastelli.com\/de\/wp-json\/wp\/v2\/product\/628293","targetHints":{"allow":["GET"]}}],"collection":[{"href":"https:\/\/lucacastelli.com\/de\/wp-json\/wp\/v2\/product"}],"about":[{"href":"https:\/\/lucacastelli.com\/de\/wp-json\/wp\/v2\/types\/product"}],"wp:featuredmedia":[{"embeddable":true,"href":"https:\/\/lucacastelli.com\/de\/wp-json\/wp\/v2\/media\/56431"}],"wp:attachment":[{"href":"https:\/\/lucacastelli.com\/de\/wp-json\/wp\/v2\/media?parent=628293"}],"wp:term":[{"taxonomy":"product_brand","embeddable":true,"href":"https:\/\/lucacastelli.com\/de\/wp-json\/wp\/v2\/product_brand?post=628293"},{"taxonomy":"product_cat","embeddable":true,"href":"https:\/\/lucacastelli.com\/de\/wp-json\/wp\/v2\/product_cat?post=628293"},{"taxonomy":"product_tag","embeddable":true,"href":"https:\/\/lucacastelli.com\/de\/wp-json\/wp\/v2\/product_tag?post=628293"}],"curies":[{"name":"wp","href":"https:\/\/api.w.org\/{rel}","templated":true}]}}