{"id":628287,"date":"2023-06-15T18:25:31","date_gmt":"2023-06-15T16:25:31","guid":{"rendered":"https:\/\/lucacastelli.com\/prodotto\/laser-entfernungsmesser-ldm100\/"},"modified":"2023-06-15T18:25:31","modified_gmt":"2023-06-15T16:25:31","slug":"laser-entfernungsmesser-ldm100","status":"publish","type":"product","link":"https:\/\/lucacastelli.com\/de\/produkt\/laser-entfernungsmesser-ldm100\/","title":{"rendered":"Laser-Entfernungsmesser LDM100"},"content":{"rendered":"<p>Praktische und intuitive Einhandbedienung<br \/>\nStaub- und spritzwassergesch\u00fctzt (Schutzklasse IP 54)<br \/>\nMetrische und imperiale Ma\u00dfeinheiten<br \/>\nZwei leicht zug\u00e4ngliche Messtasten &#8211; eine an der Vorderseite und eine an der Seite des Geh\u00e4uses<br \/>\nErm\u00f6glicht die Messung von L\u00e4nge \/ Fl\u00e4che \/ Volumen \/ indirekte Messung \/ H\u00f6henmessung (Pythagoras) + Teilh\u00f6henmessung \/ Additions-\/Subtraktionsfunktion<br \/>\nDer integrierte digitale Neigungssensor erm\u00f6glicht eine automatische Messung, sobald der Winkel 0\u00b0 betr\u00e4gt, und erh\u00f6ht so die Genauigkeit<br \/>\nIndirekte H\u00f6hen- und L\u00e4ngenmessung wird durch den integrierten Neigungssensor noch einfacher<br \/>\nGro\u00dfes, leicht ablesbares 3-zeiliges LCD-Display mit 50 mm Diagonale und Hintergrundbeleuchtung<br \/>\nDas Display zeigt die letzten 3 Messungen an, w\u00e4hrend die letzten 30 Berechnungen gespeichert werden<br \/>\nKlappbarer Anschlag f\u00fcr schmale und schwer zug\u00e4ngliche Stellen und Ecken mit automatischer Erkennung<br \/>\nAutomatische Abschaltfunktion und Warnsignal bei niedrigem Batteriestand<br \/>\nSchlankes Geh\u00e4use und Tragetasche zur sicheren Aufbewahrung<\/p>\n<p>Technische Daten:<br \/>\nAbmessungen (mm) 113 x 48 x 31<br \/>\nBatterie 2 x AAA<br \/>\nReichweite (m) 0,15 &#8211; 100<br \/>\nDisplayabmessungen (mm) 31,5 x 40<br \/>\nLieferung in &#8211;<br \/>\nGenauigkeit (mm) \u00b1 1,5<br \/>\nGewicht mit Batterie (kg) 0,14<br \/>\nSchutzart IP 54<br \/>\nLaserklassifizierung Klasse 2<br \/>\nMax. Messbereich (m) 100<br \/>\nSelbstnivellierung Ja <\/p>\n<p>Lieferumfang:<br \/>\nNylontasche<\/p>\n","protected":false},"excerpt":{"rendered":"<p>Praktische und intuitive Einhandbedienung Staub- und spritzwassergesch\u00fctzt (Schutzklasse IP 54) Metrische und imperiale Ma\u00dfeinheiten Zwei leicht zug\u00e4ngliche Messtasten &#8211; eine<\/p>\n","protected":false},"featured_media":56413,"template":"","meta":{"_seopress_robots_primary_cat":"","_seopress_titles_title":"","_seopress_titles_desc":"","_seopress_robots_index":""},"product_brand":[3407],"product_cat":[29,514,551],"product_tag":[],"class_list":{"0":"post-628287","1":"product","2":"type-product","3":"status-publish","4":"has-post-thumbnail","6":"product_brand-milwaukee","7":"product_cat-macchinari","8":"product_cat-altri-dispositivi","9":"product_cat-apparecchi-di-misurazione","11":"first","12":"onbackorder","13":"shipping-taxable","14":"purchasable","15":"product-type-simple"},"_links":{"self":[{"href":"https:\/\/lucacastelli.com\/de\/wp-json\/wp\/v2\/product\/628287","targetHints":{"allow":["GET"]}}],"collection":[{"href":"https:\/\/lucacastelli.com\/de\/wp-json\/wp\/v2\/product"}],"about":[{"href":"https:\/\/lucacastelli.com\/de\/wp-json\/wp\/v2\/types\/product"}],"wp:featuredmedia":[{"embeddable":true,"href":"https:\/\/lucacastelli.com\/de\/wp-json\/wp\/v2\/media\/56413"}],"wp:attachment":[{"href":"https:\/\/lucacastelli.com\/de\/wp-json\/wp\/v2\/media?parent=628287"}],"wp:term":[{"taxonomy":"product_brand","embeddable":true,"href":"https:\/\/lucacastelli.com\/de\/wp-json\/wp\/v2\/product_brand?post=628287"},{"taxonomy":"product_cat","embeddable":true,"href":"https:\/\/lucacastelli.com\/de\/wp-json\/wp\/v2\/product_cat?post=628287"},{"taxonomy":"product_tag","embeddable":true,"href":"https:\/\/lucacastelli.com\/de\/wp-json\/wp\/v2\/product_tag?post=628287"}],"curies":[{"name":"wp","href":"https:\/\/api.w.org\/{rel}","templated":true}]}}