{"id":628273,"date":"2023-11-06T17:28:45","date_gmt":"2023-11-06T16:28:45","guid":{"rendered":"https:\/\/lucacastelli.com\/prodotto\/winkelschleifer-agv15-125xeprotector\/"},"modified":"2023-11-06T17:28:45","modified_gmt":"2023-11-06T16:28:45","slug":"winkelschleifer-agv15-125xeprotector","status":"publish","type":"product","link":"https:\/\/lucacastelli.com\/de\/produkt\/winkelschleifer-agv15-125xeprotector\/","title":{"rendered":"Winkelschleifer AGV15-125XEProTector"},"content":{"rendered":"<p>1500 W staubgesch\u00fctzter PROTECTOR Motor f\u00fcr lange Lebensdauer<br \/>\nKompakt und handlich<br \/>\nSanftanlauf<br \/>\nWiederanlaufschutz<br \/>\n\u00dcberlastschutz<br \/>\nR\u00fcckschlagschutz<br \/>\nIntegriertes FIXTEC\u2122 Schnellwechselsystem f\u00fcr werkzeuglosen Scheibenwechsel<br \/>\nSchnellverstellung der Schutzabdeckung<br \/>\nZus\u00e4tzlicher AVS-Griff<br \/>\n4 m Netzkabel<br \/>\nL-f\u00f6rmige Bel\u00fcftungs\u00f6ffnungen verhindern das Ansaugen von Schleifstaub<\/p>\n<p>Leerlaufdrehzahl [U\/min]: 2.800 &#8211; 11.000<br \/>\nLieferumfang: Karton<br \/>\nSpindeldurchmesser: M 14<br \/>\nLieferumfang | Im Lieferumfang enthalten: 4 m Netzkabel, zus\u00e4tzlicher AVS-Griff, Schutzh\u00fclle<br \/>\nBezeichnung: Modellvariante: AGV 15-125 XE<br \/>\nGewicht [kg]: 2,6<br \/>\nLeistungsaufnahme [W]: 1.550<br \/>\nMax. Schnitttiefe [mm]: 33 <\/p>\n","protected":false},"excerpt":{"rendered":"<p>1500 W staubgesch\u00fctzter PROTECTOR Motor f\u00fcr lange Lebensdauer Kompakt und handlich Sanftanlauf Wiederanlaufschutz \u00dcberlastschutz R\u00fcckschlagschutz Integriertes FIXTEC\u2122 Schnellwechselsystem f\u00fcr werkzeuglosen<\/p>\n","protected":false},"featured_media":57481,"template":"","meta":{"_seopress_robots_primary_cat":"","_seopress_titles_title":"","_seopress_titles_desc":"","_seopress_robots_index":""},"product_brand":[3656],"product_cat":[1454,169,1541],"product_tag":[],"class_list":{"0":"post-628273","1":"product","2":"type-product","3":"status-publish","4":"has-post-thumbnail","6":"product_brand-milwaukee-de","7":"product_cat-andere-gerate","8":"product_cat-maschinen","9":"product_cat-zerkleinerungsmaschinen","11":"first","12":"onbackorder","13":"shipping-taxable","14":"purchasable","15":"product-type-simple"},"_links":{"self":[{"href":"https:\/\/lucacastelli.com\/de\/wp-json\/wp\/v2\/product\/628273","targetHints":{"allow":["GET"]}}],"collection":[{"href":"https:\/\/lucacastelli.com\/de\/wp-json\/wp\/v2\/product"}],"about":[{"href":"https:\/\/lucacastelli.com\/de\/wp-json\/wp\/v2\/types\/product"}],"wp:featuredmedia":[{"embeddable":true,"href":"https:\/\/lucacastelli.com\/de\/wp-json\/wp\/v2\/media\/57481"}],"wp:attachment":[{"href":"https:\/\/lucacastelli.com\/de\/wp-json\/wp\/v2\/media?parent=628273"}],"wp:term":[{"taxonomy":"product_brand","embeddable":true,"href":"https:\/\/lucacastelli.com\/de\/wp-json\/wp\/v2\/product_brand?post=628273"},{"taxonomy":"product_cat","embeddable":true,"href":"https:\/\/lucacastelli.com\/de\/wp-json\/wp\/v2\/product_cat?post=628273"},{"taxonomy":"product_tag","embeddable":true,"href":"https:\/\/lucacastelli.com\/de\/wp-json\/wp\/v2\/product_tag?post=628273"}],"curies":[{"name":"wp","href":"https:\/\/api.w.org\/{rel}","templated":true}]}}