{"id":628270,"date":"2023-11-06T16:26:10","date_gmt":"2023-11-06T15:26:10","guid":{"rendered":"https:\/\/lucacastelli.com\/prodotto\/fuel-akku-kombihammer-m18fhx-552x\/"},"modified":"2023-11-06T16:26:10","modified_gmt":"2023-11-06T15:26:10","slug":"fuel-akku-kombihammer-m18fhx-552x","status":"publish","type":"product","link":"https:\/\/lucacastelli.com\/de\/produkt\/fuel-akku-kombihammer-m18fhx-552x\/","title":{"rendered":"FUEL \u2122 Akku-Kombihammer M18FHX-552X"},"content":{"rendered":"<p>Kraftvolles Bohren mit geringer Vibration<br \/>\nSicherer Hammer dank AUTOSTOP-Technologie<br \/>\nFIXTEC\u2122-Schnellwechselsystem f\u00fcr verschiedene Anwendungen<br \/>\nDer schnellste Bohrhammer seiner Klasse, was zu einer erh\u00f6hten Produktivit\u00e4t f\u00fchrt<br \/>\nDas kraftvolle Hammerwerk liefert 2,5 Joule Schlagenergie bei einer geringen Vibration von 12,9 m\/s\u00b2.<br \/>\nBohrt bis zu 125 \u2300 10 x 50 mm L\u00f6cher mit einer 5,5 Ah M18 HIGH OUTPUT\u2122 Akkuladung<br \/>\nAUTOSTOP\u2122 schaltet das Werkzeug ab, um den Benutzer in gef\u00e4hrlichen Situationen zu sch\u00fctzen<br \/>\nFIXTEC\u2122-System f\u00fcr den werkzeuglosen Spindelwechsel zwischen SDS-Plus- und 13-mm-Metallspindel<br \/>\nGanzmetall-Getriebegeh\u00e4use &#8211; optimale Getriebeanpassung f\u00fcr l\u00e4ngere Standzeiten<br \/>\n4 Betriebsarten: Drehh\u00e4mmern, nur H\u00e4mmern, nur Bohren und Variolock f\u00fcr maximale Vielseitigkeit<br \/>\nKompatibel mit M18 FCDDEXL oder M18 FDDEXL<br \/>\nDie FUEL-Plattform wurde f\u00fcr die anspruchsvollsten Anwender entwickelt. Die Technologie bietet maximale Leistung und kombiniert drei zentrale Komponenten: das HIGH OUTPUT\u2122 und das FUEL System.<br \/>\nDas HIGH OUTPUT\u2122-Werkzeugsystem hebt die M18 FUEL-Technologien auf ein neues Niveau und bietet verbesserte Leistung und gr\u00f6\u00dfere Autonomie. Dieses Werkzeug <\/p>\n<p>Leerlaufdrehzahl [U\/min]: 0 &#8211; 1330<br \/>\nSpannung [V]: 18<br \/>\nAkku: Lithium-Ionen<br \/>\nMaximale Hubgeschwindigkeit [pro Minute]: 0 &#8211; 1330 Hubgeschwindigkeit [per min]: 0 &#8211; 4800<br \/>\nGeliefert in:HD-Box<br \/>\nStandardausr\u00fcstung | Im Lieferumfang enthalten: Handgriff, Tiefenanschlag, Getriebefett, 13 mm Metall-FIXTEC\u2122-Futter<br \/>\nBezeichnung: Modellvariante: M18 FHX-552X<br \/>\nGewicht mit Akku [kg]: 4,4 (M18 HB5.5)<br \/>\nMaximaler Bohrdurchmesser in Stahl [mm]. Bohrdurchmesser in Stahl [mm]: 13<br \/>\nMax. Bohrdurchmesser in Holz [mm]: 13 Bohrdurchmesser in Holz [mm]: 28<br \/>\nMax. Bohrdurchmesser in Beton [mm]: 28 Bohrdurchmesser in Beton [mm]: 26<br \/>\nSchlagenergie [EPTA] [J]: 2,5<br \/>\nSystem: M18<br \/>\nTechnologie: Kraftstoff<br \/>\nInklusive Batterie:M12-18 FC<br \/>\nInklusive Batterie: 2 x M18 HB5.5<\/p>\n","protected":false},"excerpt":{"rendered":"<p>Kraftvolles Bohren mit geringer Vibration Sicherer Hammer dank AUTOSTOP-Technologie FIXTEC\u2122-Schnellwechselsystem f\u00fcr verschiedene Anwendungen Der schnellste Bohrhammer seiner Klasse, was zu<\/p>\n","protected":false},"featured_media":57456,"template":"","meta":{"_seopress_robots_primary_cat":"","_seopress_titles_title":"","_seopress_titles_desc":"","_seopress_robots_index":""},"product_brand":[3656],"product_cat":[1454,1553,169],"product_tag":[],"class_list":{"0":"post-628270","1":"product","2":"type-product","3":"status-publish","4":"has-post-thumbnail","6":"product_brand-milwaukee-de","7":"product_cat-andere-gerate","8":"product_cat-bohrer-und-schraubendreher","9":"product_cat-maschinen","11":"first","12":"onbackorder","13":"shipping-taxable","14":"purchasable","15":"product-type-simple"},"_links":{"self":[{"href":"https:\/\/lucacastelli.com\/de\/wp-json\/wp\/v2\/product\/628270","targetHints":{"allow":["GET"]}}],"collection":[{"href":"https:\/\/lucacastelli.com\/de\/wp-json\/wp\/v2\/product"}],"about":[{"href":"https:\/\/lucacastelli.com\/de\/wp-json\/wp\/v2\/types\/product"}],"wp:featuredmedia":[{"embeddable":true,"href":"https:\/\/lucacastelli.com\/de\/wp-json\/wp\/v2\/media\/57456"}],"wp:attachment":[{"href":"https:\/\/lucacastelli.com\/de\/wp-json\/wp\/v2\/media?parent=628270"}],"wp:term":[{"taxonomy":"product_brand","embeddable":true,"href":"https:\/\/lucacastelli.com\/de\/wp-json\/wp\/v2\/product_brand?post=628270"},{"taxonomy":"product_cat","embeddable":true,"href":"https:\/\/lucacastelli.com\/de\/wp-json\/wp\/v2\/product_cat?post=628270"},{"taxonomy":"product_tag","embeddable":true,"href":"https:\/\/lucacastelli.com\/de\/wp-json\/wp\/v2\/product_tag?post=628270"}],"curies":[{"name":"wp","href":"https:\/\/api.w.org\/{rel}","templated":true}]}}