{"id":628264,"date":"2023-11-06T16:12:48","date_gmt":"2023-11-06T15:12:48","guid":{"rendered":"https:\/\/lucacastelli.com\/prodotto\/absaugsystem-as-42mac\/"},"modified":"2023-11-06T16:12:48","modified_gmt":"2023-11-06T15:12:48","slug":"absaugsystem-as-42mac","status":"publish","type":"product","link":"https:\/\/lucacastelli.com\/de\/produkt\/absaugsystem-as-42mac\/","title":{"rendered":"Absaugsystem AS-42MAC"},"content":{"rendered":"<p>Langlebiger PTFE-Filter<br \/>\nAutomatischer Ein\/Aus-Schalter<br \/>\nTragegriff f\u00fcr den einfachen Transport zum Einsatzort<br \/>\nKompakter 42-Liter-Beh\u00e4lter f\u00fcr den Einsatz auf der Baustelle \/ in der Werkstatt<br \/>\nLuftstrom von 4500 l\/min mit Unterdruck von 250 mbar<br \/>\nZugelassen f\u00fcr Staubklasse M<br \/>\nSteckdose und automatischer Ein\/Aus-Schalter<br \/>\nRobuster und effizienter PTFE-Filter und auswaschbare Membran<br \/>\nAutomatisches Filterreinigungssystem<br \/>\nDurchflusssensor zur Volumen\u00fcberwachung mit LED und akustischem Warnsignal<br \/>\nEinfacher Zugang zum Filter f\u00fcr bequeme Wartung und Reinigung<br \/>\nBesonders leise Turbine f\u00fcr niedrigen Ger\u00e4uschpegel<br \/>\nAntistatischer Saugschlauch zum Schutz vor elektrischen Schl\u00e4gen<br \/>\nZus\u00e4tzlicher Griff f\u00fcr den Transport w\u00e4hrend der Arbeit<br \/>\nGeliefert mit 2 Werkzeugadaptern, Handschlauch, 2 Verl\u00e4ngerungsschl\u00e4uchen, Boden-\/Kehrd\u00fcse, Vliesfilterbeutel, Entsorgungsbeutel, 4 m x 38 mm Schlauch<\/p>\n<p>Lieferumfang: Karton<br \/>\nStandard-Lieferumfang | Lieferumfang: 2 x Werkzeugadapter, Handschlauch, 2 x Verl\u00e4ngerungsschlauch, Boden-\/Kehrd\u00fcse, Vliesfilterbeutel, Entsorgungsbeutel, Schlauch 4 m x 38 mm<br \/>\nBezeichnung: Modellvariante: AS 42 MAC<br \/>\nGewicht [kg]: 17,5<br \/>\nLeistungsaufnahme [W]: 1.200<br \/>\nSchlauchdurchmesser [mm]: 38<\/p>\n","protected":false},"excerpt":{"rendered":"<p>Langlebiger PTFE-Filter Automatischer Ein\/Aus-Schalter Tragegriff f\u00fcr den einfachen Transport zum Einsatzort Kompakter 42-Liter-Beh\u00e4lter f\u00fcr den Einsatz auf der Baustelle \/<\/p>\n","protected":false},"featured_media":57442,"template":"","meta":{"_seopress_robots_primary_cat":"","_seopress_titles_title":"","_seopress_titles_desc":"","_seopress_robots_index":""},"product_brand":[3656],"product_cat":[1454,169,1475],"product_tag":[],"class_list":{"0":"post-628264","1":"product","2":"type-product","3":"status-publish","4":"has-post-thumbnail","6":"product_brand-milwaukee-de","7":"product_cat-andere-gerate","8":"product_cat-maschinen","9":"product_cat-staubsauger","11":"first","12":"onbackorder","13":"shipping-taxable","14":"purchasable","15":"product-type-simple"},"_links":{"self":[{"href":"https:\/\/lucacastelli.com\/de\/wp-json\/wp\/v2\/product\/628264","targetHints":{"allow":["GET"]}}],"collection":[{"href":"https:\/\/lucacastelli.com\/de\/wp-json\/wp\/v2\/product"}],"about":[{"href":"https:\/\/lucacastelli.com\/de\/wp-json\/wp\/v2\/types\/product"}],"wp:featuredmedia":[{"embeddable":true,"href":"https:\/\/lucacastelli.com\/de\/wp-json\/wp\/v2\/media\/57442"}],"wp:attachment":[{"href":"https:\/\/lucacastelli.com\/de\/wp-json\/wp\/v2\/media?parent=628264"}],"wp:term":[{"taxonomy":"product_brand","embeddable":true,"href":"https:\/\/lucacastelli.com\/de\/wp-json\/wp\/v2\/product_brand?post=628264"},{"taxonomy":"product_cat","embeddable":true,"href":"https:\/\/lucacastelli.com\/de\/wp-json\/wp\/v2\/product_cat?post=628264"},{"taxonomy":"product_tag","embeddable":true,"href":"https:\/\/lucacastelli.com\/de\/wp-json\/wp\/v2\/product_tag?post=628264"}],"curies":[{"name":"wp","href":"https:\/\/api.w.org\/{rel}","templated":true}]}}