{"id":628249,"date":"2023-09-21T13:21:16","date_gmt":"2023-09-21T11:21:16","guid":{"rendered":"https:\/\/lucacastelli.com\/prodotto\/snr-30-db-fuer-bolt-helm-bolt-kapselgehoerschutz\/"},"modified":"2023-09-21T13:21:16","modified_gmt":"2023-09-21T11:21:16","slug":"snr-30-db-fuer-bolt-helm-bolt-kapselgehoerschutz","status":"publish","type":"product","link":"https:\/\/lucacastelli.com\/de\/produkt\/snr-30-db-fuer-bolt-helm-bolt-kapselgehoerschutz\/","title":{"rendered":"SNR 30 dB f\u00fcr BOLT Helm BOLT Kapselgeh\u00f6rschutz"},"content":{"rendered":"<p>BOLT SNR 30 dB Kapselgeh\u00f6rschutz f\u00fcr BOLT-Helme  <\/p>\n","protected":false},"excerpt":{"rendered":"<p>BOLT SNR 30 dB Kapselgeh\u00f6rschutz f\u00fcr BOLT-Helme<\/p>\n","protected":false},"featured_media":94601,"template":"","meta":{"_seopress_robots_primary_cat":"","_seopress_titles_title":"","_seopress_titles_desc":"","_seopress_robots_index":""},"product_brand":[3407],"product_cat":[33,537,815,816],"product_tag":[],"class_list":{"0":"post-628249","1":"product","2":"type-product","3":"status-publish","4":"has-post-thumbnail","6":"product_brand-milwaukee","7":"product_cat-attrezzature","8":"product_cat-attrezzatura-da-lavoro","9":"product_cat-caschi","10":"product_cat-visiere-e-occhiali-protettivi","12":"first","13":"onbackorder","14":"shipping-taxable","15":"purchasable","16":"product-type-simple"},"_links":{"self":[{"href":"https:\/\/lucacastelli.com\/de\/wp-json\/wp\/v2\/product\/628249","targetHints":{"allow":["GET"]}}],"collection":[{"href":"https:\/\/lucacastelli.com\/de\/wp-json\/wp\/v2\/product"}],"about":[{"href":"https:\/\/lucacastelli.com\/de\/wp-json\/wp\/v2\/types\/product"}],"wp:featuredmedia":[{"embeddable":true,"href":"https:\/\/lucacastelli.com\/de\/wp-json\/wp\/v2\/media\/94601"}],"wp:attachment":[{"href":"https:\/\/lucacastelli.com\/de\/wp-json\/wp\/v2\/media?parent=628249"}],"wp:term":[{"taxonomy":"product_brand","embeddable":true,"href":"https:\/\/lucacastelli.com\/de\/wp-json\/wp\/v2\/product_brand?post=628249"},{"taxonomy":"product_cat","embeddable":true,"href":"https:\/\/lucacastelli.com\/de\/wp-json\/wp\/v2\/product_cat?post=628249"},{"taxonomy":"product_tag","embeddable":true,"href":"https:\/\/lucacastelli.com\/de\/wp-json\/wp\/v2\/product_tag?post=628249"}],"curies":[{"name":"wp","href":"https:\/\/api.w.org\/{rel}","templated":true}]}}