{"id":628243,"date":"2023-08-27T17:55:54","date_gmt":"2023-08-27T15:55:54","guid":{"rendered":"https:\/\/lucacastelli.com\/prodotto\/akku-leuchte-l4hl2-301\/"},"modified":"2023-08-27T17:55:54","modified_gmt":"2023-08-27T15:55:54","slug":"akku-leuchte-l4hl2-301","status":"publish","type":"product","link":"https:\/\/lucacastelli.com\/de\/produkt\/akku-leuchte-l4hl2-301\/","title":{"rendered":"Akku-Leuchte L4HL2-301"},"content":{"rendered":"<p>4 Clips zur Befestigung an Helmen und ein verstellbares Band mit Gummigriff.<br \/>\nDie batteriebetriebene Stirnlampe kann in 7 verschiedene Positionen eingestellt werden und l\u00e4sst sich um 180\u00b0 drehen, damit der Benutzer das Licht dorthin richten kann, wo es ben\u00f6tigt wird.<br \/>\nDer abnehmbare Tragegurt erm\u00f6glicht die Verwendung als Taschenlampe<br \/>\nDie Ladestandsanzeige erm\u00f6glicht eine schnelle \u00dcberpr\u00fcfung des REDLITHIUM\u2122 USB-Akkus.<br \/>\nLade den REDLITHIUM\u2122 USB-Akku mit dem USB-C-Kabel bequem \u00fcber eine USB-Stromquelle oder eine Steckdose auf (Stecker nicht im Lieferumfang enthalten).<br \/>\nUSB-Kabel im Lieferumfang enthalten<br \/>\n600 Lumen Punkt- und Fl\u00e4chenhelligkeit mit hochaufl\u00f6sender TRUEVIEW\u2122-Ausgabe.<br \/>\nFlood-, Spot- und Flood\/Spot-Optionen in verschiedenen Leistungsmodi sorgen f\u00fcr optimale Helligkeit und eine Lampenlebensdauer von bis zu 20 Stunden.<br \/>\nSchutzart IP54: Die Lampe ist gegen Staub und Spritzwasser gesch\u00fctzt.<br \/>\nSchlagfestes und chemikalienbest\u00e4ndiges Glas<\/p>\n<p>Artikelnummer: 4933479963<br \/>\nSpannung [V]: 4<br \/>\nAkku: Lithium-Ionen<br \/>\nLieferumfang:Blister<br \/>\nBeschreibung: Modellvariante: L4 HL2-301<br \/>\nGewicht mit Akku [kg]: 0,20 (L4 B3)<br \/>\nSystem: REDLITHIUM\u2122 USB<br \/>\nTechnologie: TRUEVIEW\u2122<br \/>\nLadeger\u00e4t enthalten:USB-Kabel<br \/>\nAkku enthalten: 1 x L4 B3<\/p>\n","protected":false},"excerpt":{"rendered":"<p>4 Clips zur Befestigung an Helmen und ein verstellbares Band mit Gummigriff. Die batteriebetriebene Stirnlampe kann in 7 verschiedene Positionen<\/p>\n","protected":false},"featured_media":94512,"template":"","meta":{"_seopress_robots_primary_cat":"","_seopress_titles_title":"","_seopress_titles_desc":"","_seopress_robots_index":""},"product_brand":[3656],"product_cat":[150,1396,1494],"product_tag":[],"class_list":{"0":"post-628243","1":"product","2":"type-product","3":"status-publish","4":"has-post-thumbnail","6":"product_brand-milwaukee-de","7":"product_cat-ausrustung","8":"product_cat-arbeitsausrustung","9":"product_cat-sonstige-arbeitsausrustung","11":"first","12":"instock","13":"shipping-taxable","14":"purchasable","15":"product-type-simple"},"_links":{"self":[{"href":"https:\/\/lucacastelli.com\/de\/wp-json\/wp\/v2\/product\/628243","targetHints":{"allow":["GET"]}}],"collection":[{"href":"https:\/\/lucacastelli.com\/de\/wp-json\/wp\/v2\/product"}],"about":[{"href":"https:\/\/lucacastelli.com\/de\/wp-json\/wp\/v2\/types\/product"}],"wp:featuredmedia":[{"embeddable":true,"href":"https:\/\/lucacastelli.com\/de\/wp-json\/wp\/v2\/media\/94512"}],"wp:attachment":[{"href":"https:\/\/lucacastelli.com\/de\/wp-json\/wp\/v2\/media?parent=628243"}],"wp:term":[{"taxonomy":"product_brand","embeddable":true,"href":"https:\/\/lucacastelli.com\/de\/wp-json\/wp\/v2\/product_brand?post=628243"},{"taxonomy":"product_cat","embeddable":true,"href":"https:\/\/lucacastelli.com\/de\/wp-json\/wp\/v2\/product_cat?post=628243"},{"taxonomy":"product_tag","embeddable":true,"href":"https:\/\/lucacastelli.com\/de\/wp-json\/wp\/v2\/product_tag?post=628243"}],"curies":[{"name":"wp","href":"https:\/\/api.w.org\/{rel}","templated":true}]}}