{"id":628239,"date":"2023-08-27T17:17:29","date_gmt":"2023-08-27T15:17:29","guid":{"rendered":"https:\/\/lucacastelli.com\/prodotto\/akku-fettpresse-m18gg-0\/"},"modified":"2023-08-27T17:17:29","modified_gmt":"2023-08-27T15:17:29","slug":"akku-fettpresse-m18gg-0","status":"publish","type":"product","link":"https:\/\/lucacastelli.com\/de\/produkt\/akku-fettpresse-m18gg-0\/","title":{"rendered":"Akku-Fettpresse M18GG-0"},"content":{"rendered":"<p>Praktische akkubetriebene Fettpresse &#8211; ideal zum Abschmieren von fahrenden Fahrzeugen und Baumaschinen.<br \/>\n18-Volt-Motor mit maximalem Betriebsdruck von 690 bar<br \/>\nBis zu 9 Kartuschen pro Akkuladung<br \/>\nAusgewogenes Design mit einer L\u00e4nge von nur 355 mm<br \/>\nREDLINK\u2122-Elektronik &#8211; \u00dcberlastungsschutz f\u00fcr eine lange Lebensdauer von Akku, Motor und Getriebe<br \/>\nVoreingestellte Anzahl von Pumpzyklen<br \/>\nEntl\u00fcftungsventil f\u00fcr schnellen Arbeitsfortschritt<br \/>\n3-Wege-Bef\u00fcllung Direktbef\u00fcllung, Beh\u00e4lter, Kartuschen<br \/>\nIntegrierte Schlauchhalterung und Aufh\u00e4ngevorrichtung f\u00fcr den Schultergurt<br \/>\nSoftgrip-Lager<br \/>\nBatterieladeanzeige<\/p>\n<p>Technische Daten:<br \/>\nBatteriespannung und -kapazit\u00e4t 18 V \/ 2,0 Ah<br \/>\nMax. Betriebsdruck 690 bar<br \/>\nDurchflussmenge 74 g \/ min<br \/>\nKapazit\u00e4t:<br \/>\nmit Beh\u00e4lterf\u00fcllung: 454 g<br \/>\nmit Kartusche: 411 g<br \/>\nSchlauchdruck 690 bar<br \/>\nSchlauchl\u00e4nge 1.219 mm<br \/>\nGewicht mit Batterie 3,9 kg <\/p>\n<p>Lieferumfang:<br \/>\n1x Akkuschmierpresse M18 GG<br \/>\n1x Winkelbeschlag<br \/>\nohne Akkus, ohne Ladeger\u00e4t, ohne Koffer<\/p>\n","protected":false},"excerpt":{"rendered":"<p>Praktische akkubetriebene Fettpresse &#8211; ideal zum Abschmieren von fahrenden Fahrzeugen und Baumaschinen. 18-Volt-Motor mit maximalem Betriebsdruck von 690 bar Bis<\/p>\n","protected":false},"featured_media":57218,"template":"","meta":{"_seopress_robots_primary_cat":"","_seopress_titles_title":"","_seopress_titles_desc":"","_seopress_robots_index":""},"product_brand":[3656],"product_cat":[1454,169,1530],"product_tag":[],"class_list":{"0":"post-628239","1":"product","2":"type-product","3":"status-publish","4":"has-post-thumbnail","6":"product_brand-milwaukee-de","7":"product_cat-andere-gerate","8":"product_cat-maschinen","9":"product_cat-schmierstoffpumpen","10":"sws-gruppo-macchinari-de","11":"sws-conto-ricavi-merci-rivendita-macchinari-de","12":"sws-gruppo-iva-iva81-de","14":"first","15":"instock","16":"shipping-taxable","17":"purchasable","18":"product-type-simple"},"_links":{"self":[{"href":"https:\/\/lucacastelli.com\/de\/wp-json\/wp\/v2\/product\/628239","targetHints":{"allow":["GET"]}}],"collection":[{"href":"https:\/\/lucacastelli.com\/de\/wp-json\/wp\/v2\/product"}],"about":[{"href":"https:\/\/lucacastelli.com\/de\/wp-json\/wp\/v2\/types\/product"}],"wp:featuredmedia":[{"embeddable":true,"href":"https:\/\/lucacastelli.com\/de\/wp-json\/wp\/v2\/media\/57218"}],"wp:attachment":[{"href":"https:\/\/lucacastelli.com\/de\/wp-json\/wp\/v2\/media?parent=628239"}],"wp:term":[{"taxonomy":"product_brand","embeddable":true,"href":"https:\/\/lucacastelli.com\/de\/wp-json\/wp\/v2\/product_brand?post=628239"},{"taxonomy":"product_cat","embeddable":true,"href":"https:\/\/lucacastelli.com\/de\/wp-json\/wp\/v2\/product_cat?post=628239"},{"taxonomy":"product_tag","embeddable":true,"href":"https:\/\/lucacastelli.com\/de\/wp-json\/wp\/v2\/product_tag?post=628239"}],"curies":[{"name":"wp","href":"https:\/\/api.w.org\/{rel}","templated":true}]}}