{"id":628236,"date":"2023-08-30T11:43:44","date_gmt":"2023-08-30T09:43:44","guid":{"rendered":"https:\/\/lucacastelli.com\/prodotto\/12-teiliges-set-auf-schiene-shockwave-schlagnuss-1-4-lang-set\/"},"modified":"2023-08-30T11:43:44","modified_gmt":"2023-08-30T09:43:44","slug":"12-teiliges-set-auf-schiene-shockwave-schlagnuss-1-4-lang-set","status":"publish","type":"product","link":"https:\/\/lucacastelli.com\/de\/produkt\/12-teiliges-set-auf-schiene-shockwave-schlagnuss-1-4-lang-set\/","title":{"rendered":"12-teiliges Set auf Schiene SHOCKWAVE Schlagnuss 1\/4&#8243; lang Set"},"content":{"rendered":"<p>Set bestehend aus:<br \/>\n1 x 4, 4,5 ,5,5 ,6 ,7 ,8 ,9 ,10 ,11 ,12 und 13 mm<br \/>\nF\u00fchrung f\u00fcr Steckschl\u00fcssel<\/p>\n","protected":false},"excerpt":{"rendered":"<p>Set bestehend aus: 1 x 4, 4,5 ,5,5 ,6 ,7 ,8 ,9 ,10 ,11 ,12 und 13 mm F\u00fchrung f\u00fcr<\/p>\n","protected":false},"featured_media":57245,"template":"","meta":{"_seopress_robots_primary_cat":"","_seopress_titles_title":"","_seopress_titles_desc":"","_seopress_robots_index":""},"product_brand":[3656],"product_cat":[1454,1499,169],"product_tag":[],"class_list":{"0":"post-628236","1":"product","2":"type-product","3":"status-publish","4":"has-post-thumbnail","6":"product_brand-milwaukee-de","7":"product_cat-andere-gerate","8":"product_cat-knarren","9":"product_cat-maschinen","11":"first","12":"instock","13":"shipping-taxable","14":"purchasable","15":"product-type-simple"},"_links":{"self":[{"href":"https:\/\/lucacastelli.com\/de\/wp-json\/wp\/v2\/product\/628236","targetHints":{"allow":["GET"]}}],"collection":[{"href":"https:\/\/lucacastelli.com\/de\/wp-json\/wp\/v2\/product"}],"about":[{"href":"https:\/\/lucacastelli.com\/de\/wp-json\/wp\/v2\/types\/product"}],"wp:featuredmedia":[{"embeddable":true,"href":"https:\/\/lucacastelli.com\/de\/wp-json\/wp\/v2\/media\/57245"}],"wp:attachment":[{"href":"https:\/\/lucacastelli.com\/de\/wp-json\/wp\/v2\/media?parent=628236"}],"wp:term":[{"taxonomy":"product_brand","embeddable":true,"href":"https:\/\/lucacastelli.com\/de\/wp-json\/wp\/v2\/product_brand?post=628236"},{"taxonomy":"product_cat","embeddable":true,"href":"https:\/\/lucacastelli.com\/de\/wp-json\/wp\/v2\/product_cat?post=628236"},{"taxonomy":"product_tag","embeddable":true,"href":"https:\/\/lucacastelli.com\/de\/wp-json\/wp\/v2\/product_tag?post=628236"}],"curies":[{"name":"wp","href":"https:\/\/api.w.org\/{rel}","templated":true}]}}