{"id":628231,"date":"2023-06-16T13:41:44","date_gmt":"2023-06-16T11:41:44","guid":{"rendered":"https:\/\/lucacastelli.com\/prodotto\/190-30-mm-z48-wechselzahn-kreissaegeblatt-holz-fuer-handkreissaegen\/"},"modified":"2023-06-16T13:41:44","modified_gmt":"2023-06-16T11:41:44","slug":"190-30-mm-z48-wechselzahn-kreissaegeblatt-holz-fuer-handkreissaegen","status":"publish","type":"product","link":"https:\/\/lucacastelli.com\/de\/produkt\/190-30-mm-z48-wechselzahn-kreissaegeblatt-holz-fuer-handkreissaegen\/","title":{"rendered":"190\/30 mm Z48 Wechselzahn Kreiss\u00e4geblatt Holz f\u00fcr Handkreiss\u00e4gen"},"content":{"rendered":"<p>Produktbeschreibung<br \/>\nHochwertiger lasergeschnittener Stahl: Pr\u00e4zision garantiert.<br \/>\nHochwertiges Kobalt-Wolframkarbid: saubere, saubere Schnitte.<br \/>\nPTFE-Beschichtung: k\u00fchlerer Schnitt, klebt nicht bei schnelleren Schnitten.<br \/>\nSch\u00fctzt vor Korrosion und Harzablagerungen.<br \/>\nLasergeschnittene Vibrationsd\u00e4mpfungsrillen: geringere Vibrationen und h\u00f6here Pr\u00e4zision.<br \/>\nDie Rillen sind mit Polyurethan gef\u00fcllt und wirken wie Sto\u00dfd\u00e4mpfer, die die Z\u00e4hne von Vibrationen isolieren.<br \/>\n* D\u00fcnner Schnitt: Optimiert f\u00fcr batteriebetriebene Maschinen, extra d\u00fcnne Schnittbreite f\u00fcr maximale Haltbarkeit.<br \/>\n* Alle Holzarten: Weich-\/Hartholz, Sperrholz, laminierte Spanplatten, Melamin, MDF.<br \/>\n** Standardklinge ohne PTFE-Beschichtung und Vibrationsrillen.<\/p>\n<p>Technische Daten<br \/>\nAnzahl der Z\u00e4hne: 48<br \/>\nAlle H\u00f6lzer: ja<br \/>\nWellenbohrung ? (mm): 30<br \/>\nHakenwinkel: +10<br \/>\nSchnittbreite (Schnitt) (mm): 2.1<br \/>\nBeschreibung: CSB P B 190 x 30 x 2.1 x 48ATB<br \/>\nZahnform: ATB<br \/>\nD\u00fcnne Schnittfuge: ja<br \/>\nweb_meta_page_description: Gute Arbeit dauert l\u00e4nger<br \/>\nUnsere handgef\u00fchrten S\u00e4gebl\u00e4tter f\u00fcr Kreiss\u00e4gen sind f\u00fcr Profis konzipiert.<br \/>\nErfahre mehr \u00fcber unser Holzsortiment<br \/>\nweb_meta_page_title: Klingen f\u00fcr Kreiss\u00e4gen<br \/>\nKlinge ? (mm): 190<br \/>\nSauberer Schnitt: ja  <\/p>\n","protected":false},"excerpt":{"rendered":"<p>Produktbeschreibung Hochwertiger lasergeschnittener Stahl: Pr\u00e4zision garantiert. Hochwertiges Kobalt-Wolframkarbid: saubere, saubere Schnitte. PTFE-Beschichtung: k\u00fchlerer Schnitt, klebt nicht bei schnelleren Schnitten. Sch\u00fctzt<\/p>\n","protected":false},"featured_media":56592,"template":"","meta":{"_seopress_robots_primary_cat":"","_seopress_titles_title":"","_seopress_titles_desc":"","_seopress_robots_index":""},"product_brand":[3656],"product_cat":[1454,1542,169],"product_tag":[],"class_list":{"0":"post-628231","1":"product","2":"type-product","3":"status-publish","4":"has-post-thumbnail","6":"product_brand-milwaukee-de","7":"product_cat-andere-gerate","8":"product_cat-holzspalter-und-kreissagen","9":"product_cat-maschinen","11":"first","12":"instock","13":"shipping-taxable","14":"purchasable","15":"product-type-simple"},"_links":{"self":[{"href":"https:\/\/lucacastelli.com\/de\/wp-json\/wp\/v2\/product\/628231","targetHints":{"allow":["GET"]}}],"collection":[{"href":"https:\/\/lucacastelli.com\/de\/wp-json\/wp\/v2\/product"}],"about":[{"href":"https:\/\/lucacastelli.com\/de\/wp-json\/wp\/v2\/types\/product"}],"wp:featuredmedia":[{"embeddable":true,"href":"https:\/\/lucacastelli.com\/de\/wp-json\/wp\/v2\/media\/56592"}],"wp:attachment":[{"href":"https:\/\/lucacastelli.com\/de\/wp-json\/wp\/v2\/media?parent=628231"}],"wp:term":[{"taxonomy":"product_brand","embeddable":true,"href":"https:\/\/lucacastelli.com\/de\/wp-json\/wp\/v2\/product_brand?post=628231"},{"taxonomy":"product_cat","embeddable":true,"href":"https:\/\/lucacastelli.com\/de\/wp-json\/wp\/v2\/product_cat?post=628231"},{"taxonomy":"product_tag","embeddable":true,"href":"https:\/\/lucacastelli.com\/de\/wp-json\/wp\/v2\/product_tag?post=628231"}],"curies":[{"name":"wp","href":"https:\/\/api.w.org\/{rel}","templated":true}]}}