{"id":628221,"date":"2024-03-01T16:28:44","date_gmt":"2024-03-01T15:28:44","guid":{"rendered":"https:\/\/lucacastelli.com\/prodotto\/packout-werkzeugtrage\/"},"modified":"2024-03-01T16:28:44","modified_gmt":"2024-03-01T15:28:44","slug":"packout-werkzeugtrage","status":"publish","type":"product","link":"https:\/\/lucacastelli.com\/de\/produkt\/packout-werkzeugtrage\/","title":{"rendered":"PACKOUT Werkzeugtrage"},"content":{"rendered":"<p>zus\u00e4tzliche, flexible Aufbewahrungsl\u00f6sung<br \/>\nModulare Konnektivit\u00e4t mit der PACKOUT-Reihe: stapelbar oder in anderen PACKOUT-Koffern verstaubar<br \/>\nKompatibel mit: PACKOUT gro\u00dfer Koffer, PACKOUT\u2122 Trolley-Koffer, PACKOUT\u2122 XL Trolley-Koffer, PACKOUT\u2122 Drehtisch<br \/>\nTragegriff erm\u00f6glicht einfachen Transport<br \/>\nTrennw\u00e4nde erm\u00f6glichen eine individuelle Unterteilung der Werkzeugablage<br \/>\nTragf\u00e4higkeit von 11 kg<br \/>\nTeil des PACKOUT\u2122 modularen Aufbewahrungssystems.<\/p>\n","protected":false},"excerpt":{"rendered":"<p>zus\u00e4tzliche, flexible Aufbewahrungsl\u00f6sung Modulare Konnektivit\u00e4t mit der PACKOUT-Reihe: stapelbar oder in anderen PACKOUT-Koffern verstaubar Kompatibel mit: PACKOUT gro\u00dfer Koffer, PACKOUT\u2122<\/p>\n","protected":false},"featured_media":57777,"template":"","meta":{"_seopress_robots_primary_cat":"","_seopress_titles_title":"","_seopress_titles_desc":"","_seopress_robots_index":""},"product_brand":[3407],"product_cat":[29,514,515],"product_tag":[],"class_list":{"0":"post-628221","1":"product","2":"type-product","3":"status-publish","4":"has-post-thumbnail","6":"product_brand-milwaukee","7":"product_cat-macchinari","8":"product_cat-altri-dispositivi","9":"product_cat-accessori-e-materiale-di-consumo-altri-dispositivi","10":"sws-gruppo-attrezz","11":"sws-conto-ricavi-merci-rivendita-macchinari","12":"sws-gruppo-iva-iva81","14":"first","15":"onbackorder","16":"shipping-taxable","17":"purchasable","18":"product-type-simple"},"_links":{"self":[{"href":"https:\/\/lucacastelli.com\/de\/wp-json\/wp\/v2\/product\/628221","targetHints":{"allow":["GET"]}}],"collection":[{"href":"https:\/\/lucacastelli.com\/de\/wp-json\/wp\/v2\/product"}],"about":[{"href":"https:\/\/lucacastelli.com\/de\/wp-json\/wp\/v2\/types\/product"}],"wp:featuredmedia":[{"embeddable":true,"href":"https:\/\/lucacastelli.com\/de\/wp-json\/wp\/v2\/media\/57777"}],"wp:attachment":[{"href":"https:\/\/lucacastelli.com\/de\/wp-json\/wp\/v2\/media?parent=628221"}],"wp:term":[{"taxonomy":"product_brand","embeddable":true,"href":"https:\/\/lucacastelli.com\/de\/wp-json\/wp\/v2\/product_brand?post=628221"},{"taxonomy":"product_cat","embeddable":true,"href":"https:\/\/lucacastelli.com\/de\/wp-json\/wp\/v2\/product_cat?post=628221"},{"taxonomy":"product_tag","embeddable":true,"href":"https:\/\/lucacastelli.com\/de\/wp-json\/wp\/v2\/product_tag?post=628221"}],"curies":[{"name":"wp","href":"https:\/\/api.w.org\/{rel}","templated":true}]}}