{"id":628217,"date":"2023-09-21T13:44:28","date_gmt":"2023-09-21T11:44:28","guid":{"rendered":"https:\/\/lucacastelli.com\/prodotto\/grau-fuer-bolt200-helm-bolt-compact-komplettvisier\/"},"modified":"2023-09-21T13:44:28","modified_gmt":"2023-09-21T11:44:28","slug":"grau-fuer-bolt200-helm-bolt-compact-komplettvisier","status":"publish","type":"product","link":"https:\/\/lucacastelli.com\/de\/produkt\/grau-fuer-bolt200-helm-bolt-compact-komplettvisier\/","title":{"rendered":"grau, f\u00fcr BOLT200 Helm BOLT Compact Komplettvisier"},"content":{"rendered":"<p>Vollvisier mit gro\u00dfem Sichtfeld.<br \/>\nBOLT\u2122-System &#8211; gew\u00e4hrleistet die Kompatibilit\u00e4t einer Vielzahl von Zubeh\u00f6rteilen mit einem einfachen und intuitiven Befestigungssystem.<br \/>\nKompatibel mit der wiederaufladbaren BOLT\u2122-Scheinwerferlampe: Das Visier kann \u00fcber die Lampe geklappt werden.<br \/>\nSehr einfaches und intuitives Anbringen und Entfernen.<br \/>\nVisier aus Polycarbonat.<br \/>\nVisier ist kratzfest nach Stufe K gem\u00e4\u00df EN166.<br \/>\nAntibeschlagvisier nach Stufe N gem\u00e4\u00df EN166.<br \/>\nVollvisier in 2 Farben erh\u00e4ltlich: klar und grau.<br \/>\nDie Compact-Version bietet ein schlankes und kompaktes Design und ist nur mit dem BOLT\u2122 200 kompatibel. Die Universal-Version kann mit beiden Visierarten verwendet werden.<br \/>\nDie Universal-Version kann mit beiden Helmvarianten verwendet werden &#8211; BOLT\u2122 100 und BOLT\u2122 200.<br \/>\nMesh-Visier zertifiziert nach EN 166. Mesh-Visier, zertifiziert nach EN 1731.<br \/>\nDas Mesh-Visier bietet eine hohe Lichtdurchl\u00e4ssigkeit, &gt; 60 %.  <\/p>\n","protected":false},"excerpt":{"rendered":"<p>Vollvisier mit gro\u00dfem Sichtfeld. BOLT\u2122-System &#8211; gew\u00e4hrleistet die Kompatibilit\u00e4t einer Vielzahl von Zubeh\u00f6rteilen mit einem einfachen und intuitiven Befestigungssystem. Kompatibel<\/p>\n","protected":false},"featured_media":94641,"template":"","meta":{"_seopress_robots_primary_cat":"","_seopress_titles_title":"","_seopress_titles_desc":"","_seopress_robots_index":""},"product_brand":[3407],"product_cat":[33,537,815,816],"product_tag":[],"class_list":{"0":"post-628217","1":"product","2":"type-product","3":"status-publish","4":"has-post-thumbnail","6":"product_brand-milwaukee","7":"product_cat-attrezzature","8":"product_cat-attrezzatura-da-lavoro","9":"product_cat-caschi","10":"product_cat-visiere-e-occhiali-protettivi","12":"first","13":"onbackorder","14":"shipping-taxable","15":"purchasable","16":"product-type-simple"},"_links":{"self":[{"href":"https:\/\/lucacastelli.com\/de\/wp-json\/wp\/v2\/product\/628217","targetHints":{"allow":["GET"]}}],"collection":[{"href":"https:\/\/lucacastelli.com\/de\/wp-json\/wp\/v2\/product"}],"about":[{"href":"https:\/\/lucacastelli.com\/de\/wp-json\/wp\/v2\/types\/product"}],"wp:featuredmedia":[{"embeddable":true,"href":"https:\/\/lucacastelli.com\/de\/wp-json\/wp\/v2\/media\/94641"}],"wp:attachment":[{"href":"https:\/\/lucacastelli.com\/de\/wp-json\/wp\/v2\/media?parent=628217"}],"wp:term":[{"taxonomy":"product_brand","embeddable":true,"href":"https:\/\/lucacastelli.com\/de\/wp-json\/wp\/v2\/product_brand?post=628217"},{"taxonomy":"product_cat","embeddable":true,"href":"https:\/\/lucacastelli.com\/de\/wp-json\/wp\/v2\/product_cat?post=628217"},{"taxonomy":"product_tag","embeddable":true,"href":"https:\/\/lucacastelli.com\/de\/wp-json\/wp\/v2\/product_tag?post=628217"}],"curies":[{"name":"wp","href":"https:\/\/api.w.org\/{rel}","templated":true}]}}