{"id":628216,"date":"2023-09-21T13:43:00","date_gmt":"2023-09-21T11:43:00","guid":{"rendered":"https:\/\/lucacastelli.com\/prodotto\/klar-fuer-bolt200-bolt100-helm-bolt-universal-visier\/"},"modified":"2023-09-21T13:43:00","modified_gmt":"2023-09-21T11:43:00","slug":"klar-fuer-bolt200-bolt100-helm-bolt-universal-visier","status":"publish","type":"product","link":"https:\/\/lucacastelli.com\/de\/produkt\/klar-fuer-bolt200-bolt100-helm-bolt-universal-visier\/","title":{"rendered":"klar, f\u00fcr BOLT200 &amp; BOLT100 Helm BOLT Universal Visier"},"content":{"rendered":"<p>Visier mit gro\u00dfem Sichtfeld.<br \/>\nBOLT\u2122 System &#8211; gew\u00e4hrleistet die Kompatibilit\u00e4t einer breiten Palette von Zubeh\u00f6r mit einem einfachen und intuitiven Befestigungssystem.<br \/>\nKompatibel mit der wiederaufladbaren Stirnlampe BOLT\u2122: Das Visier kann \u00fcber die Lampe geklappt werden.<br \/>\nSehr einfache und intuitive Befestigung und Entfernung.<br \/>\nVisier aus Polycarbonat.<br \/>\nDas Visier ist kratzfest auf Stufe K nach EN166.<br \/>\nDie Scheibe hat die Antibeschlagstufe N nach EN166.<br \/>\n2 T\u00f6nungen erh\u00e4ltlich: transparent und get\u00f6nt.<br \/>\nDie Compact-Version bietet ein schlankes und kompaktes Design und ist nur mit BOLT\u2122200 kompatibel.<br \/>\nDie Universal-Version kann dank eines einfachen Umschaltsystems sowohl an BOLT\u2122 100- als auch an BOLT\u2122 200-Helmen montiert werden.<br \/>\nDie Visiere sind nach EN 166 zertifiziert.<\/p>\n","protected":false},"excerpt":{"rendered":"<p>Visier mit gro\u00dfem Sichtfeld. BOLT\u2122 System &#8211; gew\u00e4hrleistet die Kompatibilit\u00e4t einer breiten Palette von Zubeh\u00f6r mit einem einfachen und intuitiven<\/p>\n","protected":false},"featured_media":94626,"template":"","meta":{"_seopress_robots_primary_cat":"","_seopress_titles_title":"","_seopress_titles_desc":"","_seopress_robots_index":""},"product_brand":[3407],"product_cat":[33,537,815,816],"product_tag":[],"class_list":{"0":"post-628216","1":"product","2":"type-product","3":"status-publish","4":"has-post-thumbnail","6":"product_brand-milwaukee","7":"product_cat-attrezzature","8":"product_cat-attrezzatura-da-lavoro","9":"product_cat-caschi","10":"product_cat-visiere-e-occhiali-protettivi","12":"first","13":"onbackorder","14":"shipping-taxable","15":"purchasable","16":"product-type-simple"},"_links":{"self":[{"href":"https:\/\/lucacastelli.com\/de\/wp-json\/wp\/v2\/product\/628216","targetHints":{"allow":["GET"]}}],"collection":[{"href":"https:\/\/lucacastelli.com\/de\/wp-json\/wp\/v2\/product"}],"about":[{"href":"https:\/\/lucacastelli.com\/de\/wp-json\/wp\/v2\/types\/product"}],"wp:featuredmedia":[{"embeddable":true,"href":"https:\/\/lucacastelli.com\/de\/wp-json\/wp\/v2\/media\/94626"}],"wp:attachment":[{"href":"https:\/\/lucacastelli.com\/de\/wp-json\/wp\/v2\/media?parent=628216"}],"wp:term":[{"taxonomy":"product_brand","embeddable":true,"href":"https:\/\/lucacastelli.com\/de\/wp-json\/wp\/v2\/product_brand?post=628216"},{"taxonomy":"product_cat","embeddable":true,"href":"https:\/\/lucacastelli.com\/de\/wp-json\/wp\/v2\/product_cat?post=628216"},{"taxonomy":"product_tag","embeddable":true,"href":"https:\/\/lucacastelli.com\/de\/wp-json\/wp\/v2\/product_tag?post=628216"}],"curies":[{"name":"wp","href":"https:\/\/api.w.org\/{rel}","templated":true}]}}