{"id":628215,"date":"2023-09-21T13:43:58","date_gmt":"2023-09-21T11:43:58","guid":{"rendered":"https:\/\/lucacastelli.com\/prodotto\/klar-fuer-bolt200-helm-bolt-compact-komplettvisier\/"},"modified":"2023-09-21T13:43:58","modified_gmt":"2023-09-21T11:43:58","slug":"klar-fuer-bolt200-helm-bolt-compact-komplettvisier","status":"publish","type":"product","link":"https:\/\/lucacastelli.com\/de\/produkt\/klar-fuer-bolt200-helm-bolt-compact-komplettvisier\/","title":{"rendered":"klar, f\u00fcr BOLT200 Helm BOLT Compact Komplettvisier"},"content":{"rendered":"<p>Kompatibel mit der wiederaufladbaren Stirnlampe BOLT\u2122: Das Visier kann \u00fcber die Stirnlampe geklappt werden.<br \/>\nSehr einfaches und intuitives Anbringen und Abnehmen.<br \/>\nVisier aus Polycarbonat.<br \/>\nDas Visier ist kratzfest nach EN166 Stufe K.<br \/>\nDas Visier ist beschlagfrei Stufe N nach EN166.<br \/>\nVollvisier in 2 Farben erh\u00e4ltlich: klar und grau.<br \/>\nDie Compact-Version bietet ein schlankes und kompaktes Design und ist nur mit dem BOLT\u2122 200 Modell kompatibel. Die Universal-Version kann mit beiden Modellen verwendet werden.<br \/>\nDie Universal-Version kann mit beiden Helmvarianten verwendet werden &#8211; BOLT\u2122 100 und BOLT\u2122 200.<br \/>\nMesh-Visier zertifiziert nach EN 166. Mesh-Visier zertifiziert nach EN 1731.<br \/>\nDas Mesh-Visier bietet eine hohe Lichtdurchl\u00e4ssigkeit, &gt; 60 %.<br \/>\nVollvisier mit gro\u00dfem Sichtfeld.<br \/>\nBOLT\u2122-System &#8211; gew\u00e4hrleistet die Kompatibilit\u00e4t einer breiten Palette von Zubeh\u00f6r mit einem einfachen und intuitiven Befestigungssystem.  <\/p>\n","protected":false},"excerpt":{"rendered":"<p>Kompatibel mit der wiederaufladbaren Stirnlampe BOLT\u2122: Das Visier kann \u00fcber die Stirnlampe geklappt werden. Sehr einfaches und intuitives Anbringen und<\/p>\n","protected":false},"featured_media":94636,"template":"","meta":{"_seopress_robots_primary_cat":"","_seopress_titles_title":"","_seopress_titles_desc":"","_seopress_robots_index":""},"product_brand":[3407],"product_cat":[33,537,814],"product_tag":[],"class_list":{"0":"post-628215","1":"product","2":"type-product","3":"status-publish","4":"has-post-thumbnail","6":"product_brand-milwaukee","7":"product_cat-attrezzature","8":"product_cat-attrezzatura-da-lavoro","9":"product_cat-imbraghi-e-materiale-di-sicurezza","11":"first","12":"onbackorder","13":"shipping-taxable","14":"purchasable","15":"product-type-simple"},"_links":{"self":[{"href":"https:\/\/lucacastelli.com\/de\/wp-json\/wp\/v2\/product\/628215","targetHints":{"allow":["GET"]}}],"collection":[{"href":"https:\/\/lucacastelli.com\/de\/wp-json\/wp\/v2\/product"}],"about":[{"href":"https:\/\/lucacastelli.com\/de\/wp-json\/wp\/v2\/types\/product"}],"wp:featuredmedia":[{"embeddable":true,"href":"https:\/\/lucacastelli.com\/de\/wp-json\/wp\/v2\/media\/94636"}],"wp:attachment":[{"href":"https:\/\/lucacastelli.com\/de\/wp-json\/wp\/v2\/media?parent=628215"}],"wp:term":[{"taxonomy":"product_brand","embeddable":true,"href":"https:\/\/lucacastelli.com\/de\/wp-json\/wp\/v2\/product_brand?post=628215"},{"taxonomy":"product_cat","embeddable":true,"href":"https:\/\/lucacastelli.com\/de\/wp-json\/wp\/v2\/product_cat?post=628215"},{"taxonomy":"product_tag","embeddable":true,"href":"https:\/\/lucacastelli.com\/de\/wp-json\/wp\/v2\/product_tag?post=628215"}],"curies":[{"name":"wp","href":"https:\/\/api.w.org\/{rel}","templated":true}]}}