{"id":628141,"date":"2025-08-28T12:50:45","date_gmt":"2025-08-28T10:50:45","guid":{"rendered":"https:\/\/lucacastelli.com\/prodotto\/helly-hansen-unisex-outline-beanie-hat\/"},"modified":"2025-08-28T12:50:45","modified_gmt":"2025-08-28T10:50:45","slug":"helly-hansen-unisex-outline-beanie-hat","status":"publish","type":"product","link":"https:\/\/lucacastelli.com\/de\/produkt\/helly-hansen-unisex-outline-beanie-hat\/","title":{"rendered":"HELLY HANSEN Unisex Outline Beanie Hat"},"content":{"rendered":"<div class=\"productDetailsSection_productDescriptionSection__FDg0y\">\n<div class=\"productDescription_productDescription__sJIE6\" data-mt-type=\"product-description\">\n<div class=\"richtext_wrapper__Apw4P productDescription_productDescriptionContent__0A3VB\">Probieren Sie unsere klassische Logo-M\u00fctze an und entdecken Sie, wie bequem sie ist. Hergestellt aus weichen und warmen Materialien, sorgt sie f\u00fcr h\u00f6chsten Komfort bei Ihren Outdoor-Abenteuern. Ein unverzichtbares Accessoire f\u00fcr jede dynamische Aktivit\u00e4t!  <\/div>\n<\/div>\n<\/div>\n<div class=\"productCollapseSection_productCollapseSection__6fb5x\">\n<div class=\"productCollapseSection_productCollapseSectionTitle__1Vh_4\">\n<h2 class=\"heading_default__uXoxn heading_style--h3__iT44T\">Details<\/h2>\n<\/div>\n<div class=\"productCollapseSection_productCollapseSectionContent__VJCb7\">\n<div class=\"productDetails_productDetails__g_C4N\">Faserzusammensetzung:<\/p>\n<div class=\"richtext_wrapper__Apw4P blocks_root__vE_15\">Obermaterial: 95 % Polyester (recycelt), 4 % Polyamid, 1 % Elasthan<\/div>\n<p>Pflegehinweise:<\/p>\n<div class=\"richtext_wrapper__Apw4P blocks_root__vE_15\">In feuchtem Zustand in Form ziehen. Auf links waschen. Mit \u00e4hnlichen Farben waschen.  <\/div>\n<div class=\"productDetails_productDetailsCols__K1qqI\">\n<div class=\"productDetails_productDetailsRow__bHp5_\">\n<div class=\"blocks_mobileInlineWrapper__N_Soc\">Gewicht: 65 g<\/div>\n<\/div>\n<\/div>\n<\/div>\n<\/div>\n<\/div>\n<div class=\"productCollapseSection_productCollapseSection__6fb5x\">\n<div class=\"productCollapseSection_productCollapseSectionTitle__1Vh_4\">\n<h2 class=\"heading_default__uXoxn heading_style--h3__iT44T\">Eigenschaften<\/h2>\n<\/div>\n<div class=\"productCollapseSection_productCollapseSectionContent__VJCb7\">\n<div class=\"richtext_wrapper__Apw4P productFeatures_root__BqPE9\">Hergestellt aus recyceltem Material, das aus dem Meer gewonnen wurde<\/div>\n<\/div>\n<\/div>\n","protected":false},"excerpt":{"rendered":"<p>Probieren Sie unsere klassische Logo-M\u00fctze an und entdecken Sie, wie bequem sie ist. Hergestellt aus weichen und warmen Materialien, sorgt<\/p>\n","protected":false},"featured_media":626640,"template":"","meta":{"_seopress_robots_primary_cat":"","_seopress_titles_title":"","_seopress_titles_desc":"","_seopress_robots_index":""},"product_brand":[3425],"product_cat":[21,186],"product_tag":[],"class_list":{"0":"post-628141","1":"product","2":"type-product","3":"status-publish","4":"has-post-thumbnail","6":"product_brand-helly-hansen","7":"product_cat-abbigliamento","8":"product_cat-accessori-per-labbigliamento","9":"sws-gruppo-abb-libero-de","10":"sws-conto-ricavi-merci-rivendita-abbigliamento-de","11":"sws-gruppo-iva-iva81-de","13":"first","14":"instock","15":"shipping-taxable","16":"purchasable","17":"product-type-variable","18":"has-default-attributes"},"_links":{"self":[{"href":"https:\/\/lucacastelli.com\/de\/wp-json\/wp\/v2\/product\/628141","targetHints":{"allow":["GET"]}}],"collection":[{"href":"https:\/\/lucacastelli.com\/de\/wp-json\/wp\/v2\/product"}],"about":[{"href":"https:\/\/lucacastelli.com\/de\/wp-json\/wp\/v2\/types\/product"}],"wp:featuredmedia":[{"embeddable":true,"href":"https:\/\/lucacastelli.com\/de\/wp-json\/wp\/v2\/media\/626640"}],"wp:attachment":[{"href":"https:\/\/lucacastelli.com\/de\/wp-json\/wp\/v2\/media?parent=628141"}],"wp:term":[{"taxonomy":"product_brand","embeddable":true,"href":"https:\/\/lucacastelli.com\/de\/wp-json\/wp\/v2\/product_brand?post=628141"},{"taxonomy":"product_cat","embeddable":true,"href":"https:\/\/lucacastelli.com\/de\/wp-json\/wp\/v2\/product_cat?post=628141"},{"taxonomy":"product_tag","embeddable":true,"href":"https:\/\/lucacastelli.com\/de\/wp-json\/wp\/v2\/product_tag?post=628141"}],"curies":[{"name":"wp","href":"https:\/\/api.w.org\/{rel}","templated":true}]}}