{"id":628123,"date":"2025-08-26T18:41:52","date_gmt":"2025-08-26T16:41:52","guid":{"rendered":"https:\/\/lucacastelli.com\/prodotto\/schneid-und-spaltkeil\/"},"modified":"2025-08-26T18:41:52","modified_gmt":"2025-08-26T16:41:52","slug":"schneid-und-spaltkeil","status":"publish","type":"product","link":"https:\/\/lucacastelli.com\/de\/produkt\/schneid-und-spaltkeil\/","title":{"rendered":"Schneid- und Spaltkeil"},"content":{"rendered":"<p>Massiver Aluminiumkeil mit schr\u00e4gen Rillen, die ihn fest im Holz fixieren. Auf der anderen Seite hat er 3 F\u00fchrungsrillen f\u00fcr einen besseren Vortrieb. Die Schneidkante ist scharf.  <\/p>\n<p>&nbsp;<\/p>\n<p>Abmessungen: 260 x 60 x 40 mm &#8211; Gewicht 960 g<\/p>\n","protected":false},"excerpt":{"rendered":"<p>Massiver Aluminiumkeil mit schr\u00e4gen Rillen, die ihn fest im Holz fixieren. Auf der anderen Seite hat er 3 F\u00fchrungsrillen f\u00fcr<\/p>\n","protected":false},"featured_media":626246,"template":"","meta":{"_seopress_robots_primary_cat":"none","_seopress_titles_title":"","_seopress_titles_desc":"","_seopress_robots_index":""},"product_brand":[3651],"product_cat":[169,1700,150,1396,1494],"product_tag":[],"class_list":{"0":"post-628123","1":"product","2":"type-product","3":"status-publish","4":"has-post-thumbnail","6":"product_brand-luca-castelli-legnami-de","7":"product_cat-maschinen","8":"product_cat-forstwirtschaftliche-werkzeuge-und-zubehor","9":"product_cat-ausrustung","10":"product_cat-arbeitsausrustung","11":"product_cat-sonstige-arbeitsausrustung","12":"sws-gruppo-abb-libero-de","13":"sws-conto-ricavi-merci-rivendita-abbigliamento-de","14":"sws-gruppo-iva-iva81-de","16":"first","17":"instock","18":"shipping-taxable","19":"purchasable","20":"product-type-simple"},"_links":{"self":[{"href":"https:\/\/lucacastelli.com\/de\/wp-json\/wp\/v2\/product\/628123","targetHints":{"allow":["GET"]}}],"collection":[{"href":"https:\/\/lucacastelli.com\/de\/wp-json\/wp\/v2\/product"}],"about":[{"href":"https:\/\/lucacastelli.com\/de\/wp-json\/wp\/v2\/types\/product"}],"wp:featuredmedia":[{"embeddable":true,"href":"https:\/\/lucacastelli.com\/de\/wp-json\/wp\/v2\/media\/626246"}],"wp:attachment":[{"href":"https:\/\/lucacastelli.com\/de\/wp-json\/wp\/v2\/media?parent=628123"}],"wp:term":[{"taxonomy":"product_brand","embeddable":true,"href":"https:\/\/lucacastelli.com\/de\/wp-json\/wp\/v2\/product_brand?post=628123"},{"taxonomy":"product_cat","embeddable":true,"href":"https:\/\/lucacastelli.com\/de\/wp-json\/wp\/v2\/product_cat?post=628123"},{"taxonomy":"product_tag","embeddable":true,"href":"https:\/\/lucacastelli.com\/de\/wp-json\/wp\/v2\/product_tag?post=628123"}],"curies":[{"name":"wp","href":"https:\/\/api.w.org\/{rel}","templated":true}]}}