{"id":628116,"date":"2025-08-27T14:39:48","date_gmt":"2025-08-27T12:39:48","guid":{"rendered":"https:\/\/lucacastelli.com\/prodotto\/helly-hansen-unisex-hardface-fleece-touch-handschuhe\/"},"modified":"2025-08-27T14:39:48","modified_gmt":"2025-08-27T12:39:48","slug":"helly-hansen-unisex-hardface-fleece-touch-handschuhe","status":"publish","type":"product","link":"https:\/\/lucacastelli.com\/de\/produkt\/helly-hansen-unisex-hardface-fleece-touch-handschuhe\/","title":{"rendered":"HELLY HANSEN Unisex Hardface Fleece Touch Handschuhe"},"content":{"rendered":"<div class=\"productDetailsSection_productDescriptionSection__FDg0y\">\n<div class=\"productDescription_productDescription__sJIE6\" data-mt-type=\"product-description\">\n<div class=\"richtext_wrapper__Apw4P productDescription_productDescriptionContent__0A3VB\">Unsere Unisex Hardface Fleece Touch Gloves vereinen W\u00e4rme, Funktionalit\u00e4t und Praktikabilit\u00e4t f\u00fcr winterliche Aktivit\u00e4ten. Diese Unisex-Handschuhe haben eine eng anliegende Passform, Silikongriffe f\u00fcr besseren Halt und sind Touchscreen-kompatibel, sodass du Smartphones oder andere Ger\u00e4te bedienen kannst, ohne die Handschuhe ausziehen zu m\u00fcssen. Das robuste Finish bietet au\u00dferdem winddichten Schutz. Das Design wird durch das aufgedruckte HH\u00ae-Logo und ein dezentes Markenetikett aus Stoff vervollst\u00e4ndigt und macht die Handschuhe zu einer stilvollen und gleichzeitig praktischen Wahl zum Skifahren, Snowboarden oder f\u00fcr den t\u00e4glichen Wintereinsatz.   <\/div>\n<\/div>\n<\/div>\n<div class=\"productCollapseSection_productCollapseSection__6fb5x\">\n<div class=\"productCollapseSection_productCollapseSectionTitle__1Vh_4\">\n<h2 class=\"heading_default__uXoxn heading_style--h3__iT44T\">Details<\/h2>\n<\/div>\n<div class=\"productCollapseSection_productCollapseSectionContent__VJCb7\">\n<div class=\"productDetails_productDetails__g_C4N\">Fasergehalt: Obermaterial: 91% Polyester, 9% Elasthan<br \/>\nPflegehinweise: Nicht einweichen. Nicht auswringen. Nat\u00fcrlich trocknen. Milde Seife verwenden.   <\/p>\n<div class=\"productDetails_productDetailsCols__K1qqI\">\n<div class=\"productDetails_productDetailsRow__bHp5_\">\n<div class=\"blocks_mobileInlineWrapper__N_Soc\">Gewicht: 585g<\/div>\n<\/div>\n<\/div>\n<\/div>\n<\/div>\n<\/div>\n<div class=\"productCollapseSection_productCollapseSection__6fb5x productFeatures_root__BqPE9\">\n<div class=\"productCollapseSection_productCollapseSectionTitle__1Vh_4\">\n<h2 class=\"heading_default__uXoxn heading_style--h3__iT44T\">Funktionsweise<\/h2>\n<\/div>\n<div class=\"productCollapseSection_productCollapseSectionContent__VJCb7\">\n<ul>\n<li>Slick Face Fleece-Stoff<\/li>\n<li>Touchscreen-kompatibel<\/li>\n<li>Die Silikonhandfl\u00e4che sorgt f\u00fcr Fingerspitzengef\u00fchl beim Halten eines Telefons oder eines anderen Objekts<\/li>\n<li>Diskrete Logolasche<\/li>\n<li>HH\u00ae gedrucktes Logo<\/li>\n<\/ul>\n<\/div>\n<\/div>\n","protected":false},"excerpt":{"rendered":"<p>Unsere Unisex Hardface Fleece Touch Gloves vereinen W\u00e4rme, Funktionalit\u00e4t und Praktikabilit\u00e4t f\u00fcr winterliche Aktivit\u00e4ten. Diese Unisex-Handschuhe haben eine eng anliegende<\/p>\n","protected":false},"featured_media":626336,"template":"","meta":{"_seopress_robots_primary_cat":"none","_seopress_titles_title":"","_seopress_titles_desc":"","_seopress_robots_index":""},"product_brand":[3425],"product_cat":[21,186],"product_tag":[],"class_list":{"0":"post-628116","1":"product","2":"type-product","3":"status-publish","4":"has-post-thumbnail","6":"product_brand-helly-hansen","7":"product_cat-abbigliamento","8":"product_cat-accessori-per-labbigliamento","9":"sws-gruppo-abb-libero-de","10":"sws-conto-ricavi-merci-rivendita-abbigliamento-de","11":"sws-gruppo-iva-iva81-de","13":"first","14":"instock","15":"shipping-taxable","16":"purchasable","17":"product-type-variable"},"_links":{"self":[{"href":"https:\/\/lucacastelli.com\/de\/wp-json\/wp\/v2\/product\/628116","targetHints":{"allow":["GET"]}}],"collection":[{"href":"https:\/\/lucacastelli.com\/de\/wp-json\/wp\/v2\/product"}],"about":[{"href":"https:\/\/lucacastelli.com\/de\/wp-json\/wp\/v2\/types\/product"}],"wp:featuredmedia":[{"embeddable":true,"href":"https:\/\/lucacastelli.com\/de\/wp-json\/wp\/v2\/media\/626336"}],"wp:attachment":[{"href":"https:\/\/lucacastelli.com\/de\/wp-json\/wp\/v2\/media?parent=628116"}],"wp:term":[{"taxonomy":"product_brand","embeddable":true,"href":"https:\/\/lucacastelli.com\/de\/wp-json\/wp\/v2\/product_brand?post=628116"},{"taxonomy":"product_cat","embeddable":true,"href":"https:\/\/lucacastelli.com\/de\/wp-json\/wp\/v2\/product_cat?post=628116"},{"taxonomy":"product_tag","embeddable":true,"href":"https:\/\/lucacastelli.com\/de\/wp-json\/wp\/v2\/product_tag?post=628116"}],"curies":[{"name":"wp","href":"https:\/\/api.w.org\/{rel}","templated":true}]}}