{"id":628091,"date":"2025-08-27T14:37:34","date_gmt":"2025-08-27T12:37:34","guid":{"rendered":"https:\/\/lucacastelli.com\/prodotto\/helly-hansen-unisex-versalite-touch-glove-liner\/"},"modified":"2025-08-27T14:37:34","modified_gmt":"2025-08-27T12:37:34","slug":"helly-hansen-unisex-versalite-touch-glove-liner","status":"publish","type":"product","link":"https:\/\/lucacastelli.com\/de\/produkt\/helly-hansen-unisex-versalite-touch-glove-liner\/","title":{"rendered":"HELLY HANSEN Unisex Versalite Touch Glove Liner"},"content":{"rendered":"<div class=\"productDetailsSection_productDescriptionSection__FDg0y\">\n<div class=\"productDescription_productDescription__sJIE6\" data-mt-type=\"product-description\">\n<div class=\"richtext_wrapper__Apw4P productDescription_productDescriptionContent__0A3VB\">Unsere Unisex Versalite Touch Glove Liners wurden entwickelt, um Vielseitigkeit und Komfort zu gew\u00e4hrleisten. Sie k\u00f6nnen bei milden Bedingungen allein oder bei k\u00e4lteren Temperaturen als Unterziehhandschuhe getragen werden. Diese schnell trocknenden Unisex-Unterziehhandschuhe sind mit Silikongriffen f\u00fcr besseren Halt und Touchscreen-Kompatibilit\u00e4t ausgestattet und erm\u00f6glichen es dir, deine Ger\u00e4te zu bedienen, ohne die Handschuhe komplett auszuziehen und deine nackten Finger dem Wetter und der K\u00e4lte auszusetzen. Die eng anliegende Passform bietet ein angenehmes Tragegef\u00fchl, w\u00e4hrend das aufgedruckte HH\u00ae-Logo f\u00fcr einen diskreten und klassischen Touch sorgt. Diese Unterziehhandschuhe sind ideal zum Skifahren, Wandern oder f\u00fcr den t\u00e4glichen Gebrauch und bieten W\u00e4rme und Funktionalit\u00e4t in einem leichten Design.   <\/div>\n<\/div>\n<\/div>\n<div class=\"productCollapseSection_productCollapseSection__6fb5x\">\n<div class=\"productCollapseSection_productCollapseSectionTitle__1Vh_4\">\n<h2 class=\"heading_default__uXoxn heading_style--h3__iT44T\">Details<\/h2>\n<\/div>\n<div class=\"productCollapseSection_productCollapseSectionContent__VJCb7\">\n<div class=\"productDetails_productDetails__g_C4N\">Fasergehalt: Obermaterial: 93% Polyester, 7% Elasthan<br \/>\nPflegehinweise: Nicht einweichen. Nicht auswringen. Nat\u00fcrlich trocknen. Milde Seife verwenden.   <\/p>\n<div class=\"productDetails_productDetailsCols__K1qqI\">\n<div class=\"productDetails_productDetailsRow__bHp5_\">\n<div class=\"blocks_mobileInlineWrapper__N_Soc\">Gewicht :505g<\/div>\n<\/div>\n<\/div>\n<\/div>\n<\/div>\n<\/div>\n<div><\/div>\n<div><\/div>\n<div>\n<div class=\"productCollapseSection_productCollapseSectionTitle__1Vh_4\">\n<h2 class=\"heading_default__uXoxn heading_style--h3__iT44T\">Funktionsweise<\/h2>\n<\/div>\n<div class=\"productCollapseSection_productCollapseSectionContent__VJCb7\">\n<ul>\n<li>Gittervlies<\/li>\n<li>Touchscreen-kompatibel<\/li>\n<li>Die Silikonhandfl\u00e4che sorgt f\u00fcr Fingerspitzengef\u00fchl beim Halten eines Telefons oder eines anderen Objekts<\/li>\n<li>HH\u00ae gedrucktes Logo<\/li>\n<\/ul>\n<\/div>\n<\/div>\n<div><\/div>\n","protected":false},"excerpt":{"rendered":"<p>Unsere Unisex Versalite Touch Glove Liners wurden entwickelt, um Vielseitigkeit und Komfort zu gew\u00e4hrleisten. Sie k\u00f6nnen bei milden Bedingungen allein<\/p>\n","protected":false},"featured_media":626300,"template":"","meta":{"_seopress_robots_primary_cat":"","_seopress_titles_title":"","_seopress_titles_desc":"","_seopress_robots_index":""},"product_brand":[3425],"product_cat":[21,186],"product_tag":[],"class_list":{"0":"post-628091","1":"product","2":"type-product","3":"status-publish","4":"has-post-thumbnail","6":"product_brand-helly-hansen","7":"product_cat-abbigliamento","8":"product_cat-accessori-per-labbigliamento","9":"sws-gruppo-abb-libero-de","10":"sws-conto-ricavi-merci-rivendita-abbigliamento-de","11":"sws-gruppo-iva-iva81-de","13":"first","14":"instock","15":"shipping-taxable","16":"purchasable","17":"product-type-variable"},"_links":{"self":[{"href":"https:\/\/lucacastelli.com\/de\/wp-json\/wp\/v2\/product\/628091","targetHints":{"allow":["GET"]}}],"collection":[{"href":"https:\/\/lucacastelli.com\/de\/wp-json\/wp\/v2\/product"}],"about":[{"href":"https:\/\/lucacastelli.com\/de\/wp-json\/wp\/v2\/types\/product"}],"wp:featuredmedia":[{"embeddable":true,"href":"https:\/\/lucacastelli.com\/de\/wp-json\/wp\/v2\/media\/626300"}],"wp:attachment":[{"href":"https:\/\/lucacastelli.com\/de\/wp-json\/wp\/v2\/media?parent=628091"}],"wp:term":[{"taxonomy":"product_brand","embeddable":true,"href":"https:\/\/lucacastelli.com\/de\/wp-json\/wp\/v2\/product_brand?post=628091"},{"taxonomy":"product_cat","embeddable":true,"href":"https:\/\/lucacastelli.com\/de\/wp-json\/wp\/v2\/product_cat?post=628091"},{"taxonomy":"product_tag","embeddable":true,"href":"https:\/\/lucacastelli.com\/de\/wp-json\/wp\/v2\/product_tag?post=628091"}],"curies":[{"name":"wp","href":"https:\/\/api.w.org\/{rel}","templated":true}]}}