{"id":628081,"date":"2025-08-27T15:03:18","date_gmt":"2025-08-27T13:03:18","guid":{"rendered":"https:\/\/lucacastelli.com\/prodotto\/helly-hansen-arctic-ocean-hybrid-isolator\/"},"modified":"2026-04-01T01:51:29","modified_gmt":"2026-03-31T23:51:29","slug":"helly-hansen-arctic-ocean-hybrid-isolator","status":"publish","type":"product","link":"https:\/\/lucacastelli.com\/de\/produkt\/helly-hansen-arctic-ocean-hybrid-isolator\/","title":{"rendered":"HELLY HANSEN ARCTIC OCEAN HYBRID ISOLATOR"},"content":{"rendered":"<div class=\"productDetailsSection_productDescriptionSection__FDg0y\">\n<div class=\"productDescription_productDescription__sJIE6\" data-mt-type=\"product-description\">\n<div class=\"richtext_wrapper__Apw4P productDescription_productDescriptionContent__0A3VB\">In der Nordsee getestet: Unsere bequeme Hybridjacke kombiniert zwei Technologien \u2013 eine nahtlose, isolierte Jacke, die den Oberk\u00f6rper warm und trocken h\u00e4lt, und Fleece-\u00c4rmel f\u00fcr optimale Bewegungsfreiheit. Wir haben die Arctic-Kollektion in Zusammenarbeit mit Segelprofis entwickelt, die in kalten Gew\u00e4ssern unterwegs sind. Handw\u00e4rmertaschen, ein wasserabweisendes Au\u00dfenmaterial und die nahtlose Steppung sorgen f\u00fcr zus\u00e4tzliche W\u00e4rme auf See. Diese Jacke ist ein bluesign\u00ae-zertifiziertes Produkt.   <\/div>\n<\/div>\n<\/div>\n<div class=\"productCollapseSection_productCollapseSection__6fb5x\">\n<div class=\"productCollapseSection_productCollapseSectionTitle__1Vh_4\">\n<h2 class=\"heading_default__uXoxn heading_style--h3__iT44T\">Details<\/h2>\n<\/div>\n<div class=\"productCollapseSection_productCollapseSectionContent__VJCb7\">\n<div class=\"productDetails_productDetails__g_C4N\">\n<p>Faserzusammensetzung:<\/p>\n<div class=\"richtext_wrapper__Apw4P blocks_root__vE_15\">Obermaterial: 100% Polyester. Obermaterial 2: 77% Polyester (recycelt), 23% Polyester <\/div>\n<p>Pflegehinweise:<\/p>\n<div class=\"richtext_wrapper__Apw4P blocks_root__vE_15\">Rei\u00dfverschl\u00fcsse vor dem Waschen schlie\u00dfen. Mit \u00e4hnlichen Farben waschen. <\/div>\n<div class=\"productDetails_productDetailsCols__K1qqI\">\n<div class=\"productDetails_productDetailsRow__bHp5_\">\n<div class=\"blocks_mobileInlineWrapper__N_Soc\">Gewicht:600g<\/div>\n<\/div>\n<\/div>\n<\/div>\n<\/div>\n<\/div>\n<div class=\"productCollapseSection_productCollapseSection__6fb5x productFeatures_root__BqPE9 productFeatures_twoColumnsList__vArq2\">\n<div class=\"productCollapseSection_productCollapseSectionTitle__1Vh_4\">\n<h2 class=\"heading_default__uXoxn heading_style--h3__iT44T\">Eigenschaften<\/h2>\n<\/div>\n<div class=\"productCollapseSection_productCollapseSectionContent__VJCb7\">\n<ul>\n<li>YKK\u00ae-Rei\u00dfverschluss<\/li>\n<li>Synthetische Daunenisolierung<\/li>\n<li>Hybride Konstruktion<\/li>\n<li>DWR-Impr\u00e4gnierung (Durable Water Repellent)<\/li>\n<li>Gedrucktes HH\u00ae Logo<\/li>\n<li>Brust- und Handw\u00e4rmertaschen mit YKK\u00ae-Rei\u00dfverschl\u00fcssen<\/li>\n<li>bluesign\u00ae-Produkt<\/li>\n<li>PFC-frei<\/li>\n<\/ul>\n<\/div>\n<\/div>\n","protected":false},"excerpt":{"rendered":"<p>In der Nordsee getestet: Unsere bequeme Hybridjacke kombiniert zwei Technologien \u2013 eine nahtlose, isolierte Jacke, die den Oberk\u00f6rper warm und<\/p>\n","protected":false},"featured_media":626364,"template":"","meta":{"_seopress_robots_primary_cat":"none","_seopress_titles_title":"","_seopress_titles_desc":"","_seopress_robots_index":""},"product_brand":[3425],"product_cat":[21,189,190],"product_tag":[],"class_list":{"0":"post-628081","1":"product","2":"type-product","3":"status-publish","4":"has-post-thumbnail","6":"product_brand-helly-hansen","7":"product_cat-abbigliamento","8":"product_cat-abbigliamento-per-il-tempo-libero","9":"product_cat-abbigliamento-da-uomo","10":"sws-gruppo-abb-libero-de","11":"sws-conto-ricavi-merci-rivendita-abbigliamento-de","12":"sws-gruppo-iva-iva81-de","14":"first","15":"instock","16":"shipping-taxable","17":"purchasable","18":"product-type-variable","19":"has-default-attributes"},"_links":{"self":[{"href":"https:\/\/lucacastelli.com\/de\/wp-json\/wp\/v2\/product\/628081","targetHints":{"allow":["GET"]}}],"collection":[{"href":"https:\/\/lucacastelli.com\/de\/wp-json\/wp\/v2\/product"}],"about":[{"href":"https:\/\/lucacastelli.com\/de\/wp-json\/wp\/v2\/types\/product"}],"wp:featuredmedia":[{"embeddable":true,"href":"https:\/\/lucacastelli.com\/de\/wp-json\/wp\/v2\/media\/626364"}],"wp:attachment":[{"href":"https:\/\/lucacastelli.com\/de\/wp-json\/wp\/v2\/media?parent=628081"}],"wp:term":[{"taxonomy":"product_brand","embeddable":true,"href":"https:\/\/lucacastelli.com\/de\/wp-json\/wp\/v2\/product_brand?post=628081"},{"taxonomy":"product_cat","embeddable":true,"href":"https:\/\/lucacastelli.com\/de\/wp-json\/wp\/v2\/product_cat?post=628081"},{"taxonomy":"product_tag","embeddable":true,"href":"https:\/\/lucacastelli.com\/de\/wp-json\/wp\/v2\/product_tag?post=628081"}],"curies":[{"name":"wp","href":"https:\/\/api.w.org\/{rel}","templated":true}]}}