{"id":627754,"date":"2025-08-28T09:55:53","date_gmt":"2025-08-28T07:55:53","guid":{"rendered":"https:\/\/lucacastelli.com\/prodotto\/helly-hansen-versalite-faserpelzjacke-mit-kapuze\/"},"modified":"2026-04-01T01:51:27","modified_gmt":"2026-03-31T23:51:27","slug":"helly-hansen-versalite-faserpelzjacke-mit-kapuze","status":"publish","type":"product","link":"https:\/\/lucacastelli.com\/de\/produkt\/helly-hansen-versalite-faserpelzjacke-mit-kapuze\/","title":{"rendered":"HELLY HANSEN VERSALITE FASERPELZJACKE MIT KAPUZE"},"content":{"rendered":"<div class=\"productDetailsSection_productDescriptionSection__FDg0y\">\n<div class=\"productDescription_productDescription__sJIE6\" data-mt-type=\"product-description\">\n<div class=\"richtext_wrapper__Apw4P productDescription_productDescriptionContent__0A3VB\">Unsere Versalite Hooded Fleece Jacket f\u00fcr Herren ist f\u00fcr eine Vielzahl von Outdoor-Aktivit\u00e4ten konzipiert. Sie ist aus Gitterfleece gefertigt, einem innovativen Muster, das die K\u00f6rperw\u00e4rme speichert, Feuchtigkeit ableitet und in der kalten Jahreszeit f\u00fcr optimale W\u00e4rme und Atmungsaktivit\u00e4t sorgt. Die eng anliegende Kapuze und die Daumenschlaufen sorgen f\u00fcr eine bequeme und sichere Passform. Ihr verstaubares und komprimierbares Design sowie die schnelltrocknenden Eigenschaften machen diese Jacke perfekt zum Wandern, Skifahren oder f\u00fcr den t\u00e4glichen Gebrauch.   <\/div>\n<\/div>\n<\/div>\n<div class=\"productCollapseSection_productCollapseSection__6fb5x\">\n<div class=\"productCollapseSection_productCollapseSectionTitle__1Vh_4\">\n<h2 class=\"heading_default__uXoxn heading_style--h3__iT44T\">Details<\/h2>\n<\/div>\n<div class=\"productCollapseSection_productCollapseSectionContent__VJCb7\">\n<div class=\"productDetails_productDetails__g_C4N\">\n<p>Faserzusammensetzung:<\/p>\n<div class=\"richtext_wrapper__Apw4P blocks_root__vE_15\">Obermaterial: 94% Polyester (Recycelt), 6% Elastan<\/div>\n<p>Pflegehinweise:<\/p>\n<div class=\"richtext_wrapper__Apw4P blocks_root__vE_15\">Schlie\u00dfe die Rei\u00dfverschl\u00fcsse vor dem Waschen. Nicht einweichen. Keinen Weichsp\u00fcler verwenden.  <\/div>\n<div class=\"productDetails_productDetailsCols__K1qqI\">\n<div class=\"productDetails_productDetailsRow__bHp5_\">\n<div class=\"blocks_mobileInlineWrapper__N_Soc\">Gewicht:450g<\/div>\n<\/div>\n<\/div>\n<\/div>\n<\/div>\n<\/div>\n<div class=\"productCollapseSection_productCollapseSection__6fb5x productFeatures_root__BqPE9 productFeatures_twoColumnsList__vArq2\">\n<div class=\"productCollapseSection_productCollapseSectionTitle__1Vh_4\">\n<h2 class=\"heading_default__uXoxn heading_style--h3__iT44T\">Eigenschaften<\/h2>\n<\/div>\n<div class=\"productCollapseSection_productCollapseSectionContent__VJCb7\">\n<ul>\n<li>Eng anliegende Kapuze<\/li>\n<li>Daumenschlaufen<\/li>\n<li>Gepr\u00e4gtes Helly Hansen (HH) Logo<\/li>\n<li>Brusttasche mit YKK\u00ae-Rei\u00dfverschluss<\/li>\n<li>Handw\u00e4rmertaschen mit YKK\u00ae-Rei\u00dfverschl\u00fcssen<\/li>\n<li>Keine Seitenn\u00e4hte f\u00fcr mehr Komfort<\/li>\n<li>Kinnschutz<\/li>\n<li>Fleece mit Waffelstruktur<\/li>\n<li>Flachn\u00e4hte f\u00fcr erh\u00f6hten Komfort<\/li>\n<li>\u00dcberlappendes Gewebe f\u00fcr erh\u00f6hte Strapazierf\u00e4higkeit<\/li>\n<li>Pferdeschwanzloch<\/li>\n<li>YKK\u00ae-Rei\u00dfverschluss<\/li>\n<li>bluesign\u00ae-Produkt<\/li>\n<li>Recyceltes Material<\/li>\n<\/ul>\n<\/div>\n<\/div>\n<p>&nbsp;<\/p>\n","protected":false},"excerpt":{"rendered":"<p>Unsere Versalite Hooded Fleece Jacket f\u00fcr Herren ist f\u00fcr eine Vielzahl von Outdoor-Aktivit\u00e4ten konzipiert. Sie ist aus Gitterfleece gefertigt, einem<\/p>\n","protected":false},"featured_media":626550,"template":"","meta":{"_seopress_robots_primary_cat":"none","_seopress_titles_title":"","_seopress_titles_desc":"","_seopress_robots_index":""},"product_brand":[3425],"product_cat":[21,189,190],"product_tag":[],"class_list":{"0":"post-627754","1":"product","2":"type-product","3":"status-publish","4":"has-post-thumbnail","6":"product_brand-helly-hansen","7":"product_cat-abbigliamento","8":"product_cat-abbigliamento-per-il-tempo-libero","9":"product_cat-abbigliamento-da-uomo","10":"sws-gruppo-abb-libero-de","11":"sws-conto-ricavi-merci-rivendita-abbigliamento-de","12":"sws-gruppo-iva-iva81-de","14":"first","15":"instock","16":"shipping-taxable","17":"purchasable","18":"product-type-variable","19":"has-default-attributes"},"_links":{"self":[{"href":"https:\/\/lucacastelli.com\/de\/wp-json\/wp\/v2\/product\/627754","targetHints":{"allow":["GET"]}}],"collection":[{"href":"https:\/\/lucacastelli.com\/de\/wp-json\/wp\/v2\/product"}],"about":[{"href":"https:\/\/lucacastelli.com\/de\/wp-json\/wp\/v2\/types\/product"}],"wp:featuredmedia":[{"embeddable":true,"href":"https:\/\/lucacastelli.com\/de\/wp-json\/wp\/v2\/media\/626550"}],"wp:attachment":[{"href":"https:\/\/lucacastelli.com\/de\/wp-json\/wp\/v2\/media?parent=627754"}],"wp:term":[{"taxonomy":"product_brand","embeddable":true,"href":"https:\/\/lucacastelli.com\/de\/wp-json\/wp\/v2\/product_brand?post=627754"},{"taxonomy":"product_cat","embeddable":true,"href":"https:\/\/lucacastelli.com\/de\/wp-json\/wp\/v2\/product_cat?post=627754"},{"taxonomy":"product_tag","embeddable":true,"href":"https:\/\/lucacastelli.com\/de\/wp-json\/wp\/v2\/product_tag?post=627754"}],"curies":[{"name":"wp","href":"https:\/\/api.w.org\/{rel}","templated":true}]}}