{"id":627710,"date":"2025-08-27T15:50:18","date_gmt":"2025-08-27T13:50:18","guid":{"rendered":"https:\/\/lucacastelli.com\/prodotto\/helly-hansen-juell-3-in-1-jacke-2\/"},"modified":"2026-04-01T01:51:29","modified_gmt":"2026-03-31T23:51:29","slug":"helly-hansen-juell-3-in-1-jacke-2","status":"publish","type":"product","link":"https:\/\/lucacastelli.com\/de\/produkt\/helly-hansen-juell-3-in-1-jacke-2\/","title":{"rendered":"HELLY HANSEN JUELL 3-IN-1 Jacke"},"content":{"rendered":"<div class=\"productDetailsSection_productDescriptionSection__FDg0y\">\n<div class=\"productDescription_productDescription__sJIE6\" data-mt-type=\"product-description\">\n<div class=\"richtext_wrapper__Apw4P productDescription_productDescriptionContent__0A3VB\">Vielseitig und sch\u00fctzend: Diese Juell Jacke verf\u00fcgt \u00fcber das CIS 3-in-1-System, mit dem Sie sie je nach Bedarf als wasserdichte und atmungsaktive isolierte Shell-Jacke, als leichte Shell-Jacke oder als Isolationsjacke tragen k\u00f6nnen. Das einzippbare Futter ist mit all unseren CIS 3-in-1-Produkten kompatibel. Diese Jacke besteht aus recyceltem Material. Weitere Details finden Sie in der Materialzusammensetzung.   <\/div>\n<\/div>\n<\/div>\n<div class=\"productCollapseSection_productCollapseSection__6fb5x\">\n<div class=\"productCollapseSection_productCollapseSectionTitle__1Vh_4\">\n<h2 class=\"heading_default__uXoxn heading_style--h3__iT44T\">Details<\/h2>\n<\/div>\n<div class=\"productCollapseSection_productCollapseSectionContent__VJCb7\">\n<div class=\"productDetails_productDetails__g_C4N\">\n<p>Faserzusammensetzung:<\/p>\n<div class=\"richtext_wrapper__Apw4P blocks_root__vE_15\">Au\u00dfenmaterial: 100 % Polyester. Futter: 100 % Polyester. Futter 2: 100 % Polyester (recycelt). Isolierung: 100 % Polyester (recycelt).   <\/div>\n<p>Pflegehinweise:<\/p>\n<div class=\"richtext_wrapper__Apw4P blocks_root__vE_15\">Rei\u00dfverschl\u00fcsse vor dem Waschen schlie\u00dfen. Keinen Weichsp\u00fcler verwenden. Trocknen Sie das Kleidungsst\u00fcck im Trockner, um die wasserabweisende Behandlung zu reaktivieren. Dunkle Farben separat waschen. <\/div>\n<div class=\"productDetails_productDetailsCols__K1qqI\"><\/div>\n<\/div>\n<\/div>\n<\/div>\n<div class=\"productCollapseSection_productCollapseSection__6fb5x productFeatures_root__BqPE9 productFeatures_twoColumnsList__vArq2\">\n<div class=\"productCollapseSection_productCollapseSectionTitle__1Vh_4\">\n<h2 class=\"heading_default__uXoxn heading_style--h3__iT44T\">Eigenschaften<\/h2>\n<\/div>\n<div class=\"productCollapseSection_productCollapseSectionContent__VJCb7\">\n<ul>\n<li>HELLY TECH\u00ae SCHUTZ<\/li>\n<li>YKK\u00ae-Rei\u00dfverschluss<\/li>\n<li>Primaloft\u00ae Black Eco<\/li>\n<li>AMANN-Garne<\/li>\n<li>Gedrucktes HH\u00ae Logo<\/li>\n<li>Verstellbarer Saum und Kapuze<\/li>\n<li>Herausnehmbare Isolationsjacke<\/li>\n<li>Zweischichtige Konstruktion<\/li>\n<li>ISOLIERUNG \u2013 Primaloft\u00ae Black Eco 80 g<\/li>\n<li>Zwei Seitentaschen und eine Brusttasche zum Verstauen von wichtigen Utensilien<\/li>\n<li>PFC-frei<\/li>\n<li>L\u00f6sungsgef\u00e4rbt<\/li>\n<li>Recycelter Inhalt<\/li>\n<\/ul>\n<\/div>\n<\/div>\n","protected":false},"excerpt":{"rendered":"<p>Vielseitig und sch\u00fctzend: Diese Juell Jacke verf\u00fcgt \u00fcber das CIS 3-in-1-System, mit dem Sie sie je nach Bedarf als wasserdichte<\/p>\n","protected":false},"featured_media":626419,"template":"","meta":{"_seopress_robots_primary_cat":"none","_seopress_titles_title":"","_seopress_titles_desc":"","_seopress_robots_index":""},"product_brand":[3425],"product_cat":[21,189,190],"product_tag":[],"class_list":{"0":"post-627710","1":"product","2":"type-product","3":"status-publish","4":"has-post-thumbnail","6":"product_brand-helly-hansen","7":"product_cat-abbigliamento","8":"product_cat-abbigliamento-per-il-tempo-libero","9":"product_cat-abbigliamento-da-uomo","10":"sws-gruppo-abb-libero-de","11":"sws-conto-ricavi-merci-rivendita-abbigliamento-de","12":"sws-gruppo-iva-iva81-de","14":"first","15":"instock","16":"shipping-taxable","17":"purchasable","18":"product-type-variable","19":"has-default-attributes"},"_links":{"self":[{"href":"https:\/\/lucacastelli.com\/de\/wp-json\/wp\/v2\/product\/627710","targetHints":{"allow":["GET"]}}],"collection":[{"href":"https:\/\/lucacastelli.com\/de\/wp-json\/wp\/v2\/product"}],"about":[{"href":"https:\/\/lucacastelli.com\/de\/wp-json\/wp\/v2\/types\/product"}],"wp:featuredmedia":[{"embeddable":true,"href":"https:\/\/lucacastelli.com\/de\/wp-json\/wp\/v2\/media\/626419"}],"wp:attachment":[{"href":"https:\/\/lucacastelli.com\/de\/wp-json\/wp\/v2\/media?parent=627710"}],"wp:term":[{"taxonomy":"product_brand","embeddable":true,"href":"https:\/\/lucacastelli.com\/de\/wp-json\/wp\/v2\/product_brand?post=627710"},{"taxonomy":"product_cat","embeddable":true,"href":"https:\/\/lucacastelli.com\/de\/wp-json\/wp\/v2\/product_cat?post=627710"},{"taxonomy":"product_tag","embeddable":true,"href":"https:\/\/lucacastelli.com\/de\/wp-json\/wp\/v2\/product_tag?post=627710"}],"curies":[{"name":"wp","href":"https:\/\/api.w.org\/{rel}","templated":true}]}}