{"id":627549,"date":"2025-08-27T15:56:26","date_gmt":"2025-08-27T13:56:26","guid":{"rendered":"https:\/\/lucacastelli.com\/prodotto\/helly-hansen-ervik-ins-regenjacke\/"},"modified":"2026-03-02T15:13:33","modified_gmt":"2026-03-02T14:13:33","slug":"helly-hansen-ervik-ins-regenjacke","status":"publish","type":"product","link":"https:\/\/lucacastelli.com\/de\/produkt\/helly-hansen-ervik-ins-regenjacke\/","title":{"rendered":"HELLY HANSEN ERVIK INS REGENJACKE"},"content":{"rendered":"<div class=\"productDetailsSection_productDescriptionSection__FDg0y\">\n<div class=\"productDescription_productDescription__sJIE6\" data-mt-type=\"product-description\">\n<div class=\"richtext_wrapper__Apw4P productDescription_productDescriptionContent__0A3VB\">Ervik ist eine technische Jacke im Casual-Stil. Diese wind- und wasserdichte Jacke verf\u00fcgt \u00fcber die HELLY TECH\u00ae Protection-Technologie, die Schutz vor Regen, Schnee und Wind bietet. Die 60 g Primaloft\u00ae BLACK Eco-Isolierung sorgt f\u00fcr optimale W\u00e4rme bei einem hervorragenden W\u00e4rme-Gewichts-Verh\u00e4ltnis im Vergleich zu anderen Daunen- oder Synthetik-Isolierungen.   Dieses Produkt ist bluesign\u00ae-zertifiziert.<\/div>\n<\/div>\n<\/div>\n<div class=\"productCollapseSection_productCollapseSection__6fb5x\">\n<div class=\"productCollapseSection_productCollapseSectionTitle__1Vh_4\">\n<h2 class=\"heading_default__uXoxn heading_style--h3__iT44T\">Details<\/h2>\n<\/div>\n<div class=\"productCollapseSection_productCollapseSectionContent__VJCb7\">\n<div class=\"productDetails_productDetails__g_C4N\">\n<p>Faserzusammensetzung:<\/p>\n<div class=\"richtext_wrapper__Apw4P blocks_root__vE_15\">Au\u00dfenmaterial: 100 % Polyester. Futter: 100 % Polyester (recycelt). Isolierung: 100 % Polyester (recycelt)  <\/div>\n<p>Pflegehinweise:<\/p>\n<div class=\"richtext_wrapper__Apw4P blocks_root__vE_15\">Rei\u00dfverschl\u00fcsse vor dem Waschen schlie\u00dfen. Keinen Weichsp\u00fcler verwenden. Im Trockner trocknen, bis das Kleidungsst\u00fcck vollst\u00e4ndig trocken ist. Mit \u00e4hnlichen Farben waschen. Drucke nicht b\u00fcgeln. Waschmittel f\u00fcr Funktionsbekleidung verwenden.   <\/div>\n<div class=\"productDetails_productDetailsCols__K1qqI\">\n<div class=\"productDetails_productDetailsRow__bHp5_\">\n<div class=\"blocks_mobileInlineWrapper__N_Soc\">Gewicht:560g<\/div>\n<\/div>\n<\/div>\n<\/div>\n<\/div>\n<\/div>\n<div class=\"productCollapseSection_productCollapseSection__6fb5x productFeatures_root__BqPE9 productFeatures_twoColumnsList__vArq2\">\n<div class=\"productCollapseSection_productCollapseSectionTitle__1Vh_4\">\n<h2 class=\"heading_default__uXoxn heading_style--h3__iT44T\">Eigenschaften<\/h2>\n<\/div>\n<div class=\"productCollapseSection_productCollapseSectionContent__VJCb7\">\n<ul>\n<li>HELLY TECH\u00ae SCHUTZ<\/li>\n<li>Primaloft\u00ae Black Eco<\/li>\n<li>YKK VISLON\u00ae<\/li>\n<li>Verstellbare Kapuze<\/li>\n<li>Elastischer Saum<\/li>\n<li>Grafikdruck<\/li>\n<li>Gedrucktes HH\u00ae Logo<\/li>\n<li>Einschubtaschen mit YKK\u00ae-Rei\u00dfverschluss<\/li>\n<li>Vollst\u00e4ndig versiegelte N\u00e4hte<\/li>\n<li>HH\u00ae-Logodruck am \u00c4rmel<\/li>\n<li>Verstellbare Kapuze mit innerem Kordelzug<\/li>\n<li>Zweischichtige Konstruktion<\/li>\n<li>Ripstop-Gewebe<\/li>\n<li>ISOLIERUNG &#8211; Primaloft\u00ae Black Eco 60 g<\/li>\n<li>YKK\u00ae-Rei\u00dfverschluss<\/li>\n<li>Elastische Manschetten<\/li>\n<li>PFC-frei<\/li>\n<\/ul>\n<\/div>\n<\/div>\n","protected":false},"excerpt":{"rendered":"<p>Ervik ist eine technische Jacke im Casual-Stil. Diese wind- und wasserdichte Jacke verf\u00fcgt \u00fcber die HELLY TECH\u00ae Protection-Technologie, die Schutz<\/p>\n","protected":false},"featured_media":626432,"template":"","meta":{"_seopress_robots_primary_cat":"none","_seopress_titles_title":"","_seopress_titles_desc":"","_seopress_robots_index":""},"product_brand":[3425],"product_cat":[21,189,190],"product_tag":[],"class_list":{"0":"post-627549","1":"product","2":"type-product","3":"status-publish","4":"has-post-thumbnail","6":"product_brand-helly-hansen","7":"product_cat-abbigliamento","8":"product_cat-abbigliamento-per-il-tempo-libero","9":"product_cat-abbigliamento-da-uomo","10":"sws-gruppo-abb-libero-de","11":"sws-conto-ricavi-merci-rivendita-abbigliamento-de","12":"sws-gruppo-iva-iva81-de","14":"first","15":"instock","16":"sale","17":"shipping-taxable","18":"purchasable","19":"product-type-variable","20":"has-default-attributes"},"_links":{"self":[{"href":"https:\/\/lucacastelli.com\/de\/wp-json\/wp\/v2\/product\/627549","targetHints":{"allow":["GET"]}}],"collection":[{"href":"https:\/\/lucacastelli.com\/de\/wp-json\/wp\/v2\/product"}],"about":[{"href":"https:\/\/lucacastelli.com\/de\/wp-json\/wp\/v2\/types\/product"}],"wp:featuredmedia":[{"embeddable":true,"href":"https:\/\/lucacastelli.com\/de\/wp-json\/wp\/v2\/media\/626432"}],"wp:attachment":[{"href":"https:\/\/lucacastelli.com\/de\/wp-json\/wp\/v2\/media?parent=627549"}],"wp:term":[{"taxonomy":"product_brand","embeddable":true,"href":"https:\/\/lucacastelli.com\/de\/wp-json\/wp\/v2\/product_brand?post=627549"},{"taxonomy":"product_cat","embeddable":true,"href":"https:\/\/lucacastelli.com\/de\/wp-json\/wp\/v2\/product_cat?post=627549"},{"taxonomy":"product_tag","embeddable":true,"href":"https:\/\/lucacastelli.com\/de\/wp-json\/wp\/v2\/product_tag?post=627549"}],"curies":[{"name":"wp","href":"https:\/\/api.w.org\/{rel}","templated":true}]}}